{"id":28373,"date":"2025-07-08T17:01:57","date_gmt":"2025-07-08T17:01:57","guid":{"rendered":"https:\/\/www.bananatreeshop.com\/?post_type=product&#038;p=28373"},"modified":"2026-04-04T15:01:06","modified_gmt":"2026-04-04T15:01:06","slug":"eros-masturbation-creme-100-ml","status":"publish","type":"product","link":"https:\/\/www.bananatreeshop.com\/pt\/produto\/eros-masturbation-creme-100-ml\/","title":{"rendered":"EROS &#8211; CREMA PARA MASTURBACION 100 ML"},"content":{"rendered":"<p>Es la hora del autoamor con la crema masturbadora de Eros. Una crema especialmente desarrollada para la masturbaci\u00f3n de textura suave y esponjosa para unas sesiones de masturbaci\u00f3n \u00fanicas. Adem\u00e1s puede usarse tambi\u00e9n como lubricante.\u00a0<\/p>\n<ul>\n<li>Hybrid cream\u00a0<\/li>\n<li>Silicone and water-based cream<\/li>\n<li>Especialmente dise\u00f1ado para masturbaci\u00f3n\u00a0<\/li>\n<li>Puede ser usado como lubricante\u00a0<\/li>\n<li>100 ml\u00a0<\/li>\n<\/ul>","protected":false},"excerpt":{"rendered":"<p>EROS &#8211; MASTURBATION CREME 100 ML<\/p>","protected":false},"featured_media":54140,"comment_status":"open","ping_status":"closed","template":"","meta":{"_eb_attr":""},"product_brand":[],"product_cat":[1170,1163,1169],"product_tag":[],"class_list":{"0":"post-28373","1":"product","2":"type-product","3":"status-publish","4":"has-post-thumbnail","6":"product_cat-drogueria-lubricantesbase-agua","7":"product_cat-drogueria","8":"product_cat-drogueria-lubricantes","9":"yith_product_brand-eros","10":"yith_product_brand-eroseros-classic-line","12":"first","13":"instock","14":"taxable","15":"shipping-taxable","16":"purchasable","17":"product-type-simple"},"_links":{"self":[{"href":"https:\/\/www.bananatreeshop.com\/pt\/wp-json\/wp\/v2\/product\/28373","targetHints":{"allow":["GET"]}}],"collection":[{"href":"https:\/\/www.bananatreeshop.com\/pt\/wp-json\/wp\/v2\/product"}],"about":[{"href":"https:\/\/www.bananatreeshop.com\/pt\/wp-json\/wp\/v2\/types\/product"}],"replies":[{"embeddable":true,"href":"https:\/\/www.bananatreeshop.com\/pt\/wp-json\/wp\/v2\/comments?post=28373"}],"wp:featuredmedia":[{"embeddable":true,"href":"https:\/\/www.bananatreeshop.com\/pt\/wp-json\/wp\/v2\/media\/54140"}],"wp:attachment":[{"href":"https:\/\/www.bananatreeshop.com\/pt\/wp-json\/wp\/v2\/media?parent=28373"}],"wp:term":[{"taxonomy":"product_brand","embeddable":true,"href":"https:\/\/www.bananatreeshop.com\/pt\/wp-json\/wp\/v2\/product_brand?post=28373"},{"taxonomy":"product_cat","embeddable":true,"href":"https:\/\/www.bananatreeshop.com\/pt\/wp-json\/wp\/v2\/product_cat?post=28373"},{"taxonomy":"product_tag","embeddable":true,"href":"https:\/\/www.bananatreeshop.com\/pt\/wp-json\/wp\/v2\/product_tag?post=28373"}],"curies":[{"name":"wp","href":"https:\/\/api.w.org\/{rel}","templated":true}]}}