{"id":28510,"date":"2025-07-13T05:01:45","date_gmt":"2025-07-13T05:01:45","guid":{"rendered":"https:\/\/www.bananatreeshop.com\/?post_type=product&#038;p=28510"},"modified":"2026-04-19T02:02:50","modified_gmt":"2026-04-19T02:02:50","slug":"rocks-off-petite-sensations-anal-plug-for-beginners-black","status":"publish","type":"product","link":"https:\/\/www.bananatreeshop.com\/pt\/produto\/rocks-off-petite-sensations-anal-plug-for-beginners-black\/","title":{"rendered":"ROCKS-OFF &#8211; PLUG ANAL PARA PRINCIPIANTES PETITE SENSATIONS &#8211; NEGRO"},"content":{"rendered":"<p>Descubre un nuevo mundo de placer con este peque\u00f1o plug vibrador para principiantes o para aquellos que ans\u00edan nerviosos un delgado y peque\u00f1o paquete.<\/p>\n<p>Su silicona body-safe permite a la punta c\u00f3nica de este plug, deslizarse suavemente hacia dentro. Una vez insertada, el verdadero placer est\u00e1 a punto de comenzar. La base en forma de T se ajusta entre tus nalgas y permite que su bala de 7 niveles de vibraci\u00f3n vibre en tu \u00e1rea m\u00e1s sensible y alcances orgasmos incre\u00edbles.<\/p>\n<p>Con 3 velocidades y 4 pulsaciones tendr\u00e1s un gran abanico de posibilidades, adem\u00e1s es muy f\u00e1cil de usar y con un solo bot\u00f3n.<\/p>\n<p>Puedes usarlo y disfrutar de \u00e9l en el ba\u00f1o o en la ducha porque es 100% sumergible.<\/p>\n<p>Caracter\u00edsticas:<\/p>\n<ul>\n<li>Peque\u00f1o tama\u00f1o, ideal para principiantes en juegos anales.<\/li>\n<li>Silicona muy suave, sensaci\u00f3n terciopelo<\/li>\n<li>3 velocidades de vibraci\u00f3n y 4 patrones distintos para combinarlas.<\/li>\n<li>100% sumergible<\/li>\n<li>Pila inclu\u00edda<\/li>\n<li>Color: Negro<\/li>\n<\/ul>\n<p>\u00a0<\/p>","protected":false},"excerpt":{"rendered":"<p>ROCKS-OFF &#8211; PETITE SENSATIONS ANAL PLUG FOR BEGINNERS &#8211; BLACK<\/p>","protected":false},"featured_media":73462,"comment_status":"open","ping_status":"closed","template":"","meta":{"_eb_attr":""},"product_brand":[],"product_cat":[1160,1355,258,1377,1159],"product_tag":[],"class_list":{"0":"post-28510","1":"product","2":"type-product","3":"status-publish","4":"has-post-thumbnail","6":"product_cat-juguetes-bienestar-vibradores100-sumergible","7":"product_cat-bdsm-bondage-articulos-bdsm","8":"product_cat-bdsm-bondage","9":"product_cat-bdsm-bondage-articulos-bdsmplug-anal-bdsm","10":"product_cat-juguetes-bienestar-vibradores","11":"yith_product_brand-rocks-off","13":"first","14":"instock","15":"taxable","16":"shipping-taxable","17":"purchasable","18":"product-type-simple"},"_links":{"self":[{"href":"https:\/\/www.bananatreeshop.com\/pt\/wp-json\/wp\/v2\/product\/28510","targetHints":{"allow":["GET"]}}],"collection":[{"href":"https:\/\/www.bananatreeshop.com\/pt\/wp-json\/wp\/v2\/product"}],"about":[{"href":"https:\/\/www.bananatreeshop.com\/pt\/wp-json\/wp\/v2\/types\/product"}],"replies":[{"embeddable":true,"href":"https:\/\/www.bananatreeshop.com\/pt\/wp-json\/wp\/v2\/comments?post=28510"}],"wp:featuredmedia":[{"embeddable":true,"href":"https:\/\/www.bananatreeshop.com\/pt\/wp-json\/wp\/v2\/media\/73462"}],"wp:attachment":[{"href":"https:\/\/www.bananatreeshop.com\/pt\/wp-json\/wp\/v2\/media?parent=28510"}],"wp:term":[{"taxonomy":"product_brand","embeddable":true,"href":"https:\/\/www.bananatreeshop.com\/pt\/wp-json\/wp\/v2\/product_brand?post=28510"},{"taxonomy":"product_cat","embeddable":true,"href":"https:\/\/www.bananatreeshop.com\/pt\/wp-json\/wp\/v2\/product_cat?post=28510"},{"taxonomy":"product_tag","embeddable":true,"href":"https:\/\/www.bananatreeshop.com\/pt\/wp-json\/wp\/v2\/product_tag?post=28510"}],"curies":[{"name":"wp","href":"https:\/\/api.w.org\/{rel}","templated":true}]}}