{"id":28570,"date":"2025-07-09T04:00:48","date_gmt":"2025-07-09T04:00:48","guid":{"rendered":"https:\/\/www.bananatreeshop.com\/?post_type=product&#038;p=28570"},"modified":"2026-04-02T15:04:43","modified_gmt":"2026-04-02T15:04:43","slug":"secretplay-scratch-sex-game-for-straight-couples-es-en-fr-pt-de","status":"publish","type":"product","link":"https:\/\/www.bananatreeshop.com\/pt\/produto\/secretplay-scratch-sex-game-for-straight-couples-es-en-fr-pt-de\/","title":{"rendered":"SECRETPLAY &#8211; SCRATCH  SEX JUEGO PAREJAS HETERO (ES\/EN\/FR\/PT\/DE)"},"content":{"rendered":"<p>El juego &#8220;Scratch  Sex&#8221; de Secret Play es el cl\u00e1sico juego del rasca y gana pero con premios de lo m\u00e1s picantes.<\/p>\n<p>Rasca una opci\u00f3n cada d\u00eda y si est\u00e1s de suerte, descubrir\u00e1s una postura nueva con la que disfrutar en pareja. Existen cuatro opciones diferentes a rascar para cada d\u00eda, teniendo 7 d\u00edas en total.<\/p>\n<p>Puedes terminar la tanda de una semana y luego volver a rascar desde el principio descubriendo las posturas restantes, permiti\u00e9ndote as\u00ed disfrutar de 4 semanas de juego. Scratch  Sex existe en tres versiones distintas, una para cada tipo de orientaci\u00f3n sexual. En este caso el rasca es HETERO<\/p>\n<ul>\n<li>Modalidad: hetero<\/li>\n<li>Idiomas:\u00a0ES\/EN\/FR\/PT\/DE<\/li>\n<\/ul>","protected":false},"excerpt":{"rendered":"<p>SECRETPLAY &#8211; SCRATCH  SEX GAME FOR STRAIGHT COUPLES (ES\/EN\/FR\/PT\/DE)<\/p>","protected":false},"featured_media":56884,"comment_status":"open","ping_status":"closed","template":"","meta":{"_eb_attr":""},"product_brand":[],"product_cat":[1187,1188,1211,1207,1210,1208,1213],"product_tag":[],"class_list":{"0":"post-28570","1":"product","2":"type-product","3":"status-publish","4":"has-post-thumbnail","6":"product_cat-juegos","7":"product_cat-juegos-juegos-de-pareja","8":"product_cat-juegos-juegos-en-aleman","9":"product_cat-juegos-juegos-en-espanol","10":"product_cat-juegos-juegos-en-frances","11":"product_cat-juegos-juegos-en-ingles","12":"product_cat-juegos-juegos-en-portugues","13":"yith_product_brand-secretplay","14":"yith_product_brand-secretplaysecretplay-100-games","16":"first","17":"instock","18":"taxable","19":"shipping-taxable","20":"purchasable","21":"product-type-simple"},"_links":{"self":[{"href":"https:\/\/www.bananatreeshop.com\/pt\/wp-json\/wp\/v2\/product\/28570","targetHints":{"allow":["GET"]}}],"collection":[{"href":"https:\/\/www.bananatreeshop.com\/pt\/wp-json\/wp\/v2\/product"}],"about":[{"href":"https:\/\/www.bananatreeshop.com\/pt\/wp-json\/wp\/v2\/types\/product"}],"replies":[{"embeddable":true,"href":"https:\/\/www.bananatreeshop.com\/pt\/wp-json\/wp\/v2\/comments?post=28570"}],"wp:featuredmedia":[{"embeddable":true,"href":"https:\/\/www.bananatreeshop.com\/pt\/wp-json\/wp\/v2\/media\/56884"}],"wp:attachment":[{"href":"https:\/\/www.bananatreeshop.com\/pt\/wp-json\/wp\/v2\/media?parent=28570"}],"wp:term":[{"taxonomy":"product_brand","embeddable":true,"href":"https:\/\/www.bananatreeshop.com\/pt\/wp-json\/wp\/v2\/product_brand?post=28570"},{"taxonomy":"product_cat","embeddable":true,"href":"https:\/\/www.bananatreeshop.com\/pt\/wp-json\/wp\/v2\/product_cat?post=28570"},{"taxonomy":"product_tag","embeddable":true,"href":"https:\/\/www.bananatreeshop.com\/pt\/wp-json\/wp\/v2\/product_tag?post=28570"}],"curies":[{"name":"wp","href":"https:\/\/api.w.org\/{rel}","templated":true}]}}