{"id":28728,"date":"2025-10-01T19:05:00","date_gmt":"2025-10-01T19:05:00","guid":{"rendered":"https:\/\/www.bananatreeshop.com\/?post_type=product&#038;p=28728"},"modified":"2026-04-04T05:04:37","modified_gmt":"2026-04-04T05:04:37","slug":"rithual-shushu-2-o-new-generation-clitoral-orchid","status":"publish","type":"product","link":"https:\/\/www.bananatreeshop.com\/pt\/produto\/rithual-shushu-2-o-new-generation-clitoral-orchid\/","title":{"rendered":"RITHUAL &#8211; SHUSHU 2.O NEW GENERATION CLITORAL AZABACHE"},"content":{"rendered":"<div>\n<p>Disfruta con el nuevo estimulador con succi\u00f3n del cl\u00edtoris de Rithual\u2122 : Shushu\u2122.Podr\u00e1s llegar a su m\u00e1xima potencia con un solo click. Modelo fabricado con silicona extra suave de dise\u00f1o ergon\u00f3mico para facilitar su uso.<\/p>\n<p>El lanzamiento de Rithual\u2122 Shushu\u2122 es toda una nueva innovaci\u00f3n para la mujer. Espectacular tecnolog\u00eda que combina vac\u00edo y pulsaciones en\u00e9rgicas que estimulan el cl\u00edtoris sin tocarlo y de forma inesperada llega los orgasmos. El compacto y elegante estimulador del cl\u00edtoris es de muy f\u00e1cil manejo.<\/p>\n<p>Por qu\u00e9 Rithual\u2122 Shushu\u2122? Te damos 10 motivos exclusivos que te lanzar\u00e1n a buscar Ritual Shushu.<\/p>\n<ul>\n<li>Incre\u00edble Potencia<\/li>\n<li>Vibraci\u00f3n y succi\u00f3n en un \u00fanico juguete<\/li>\n<li>Tama\u00f1o compacto \u00fanico en el mercado, Perfecto para llevar a cualquier lugar, su tama\u00f1o compacto permite llevarlo en el bolso a la oficina o de viaje.<\/li>\n<li>Silicona que cuida de tu piel<\/li>\n<li>Ergon\u00f3mico, perfecto para que la mujer lo mantenga con la mano mientras succiona<\/li>\n<li>Orgasmo r\u00e1pido y garantizado<\/li>\n<li>Testeado en 20 mujeres profesionales del sector Erotico que avalan su eficacia al 100%<\/li>\n<li>Cabezal de silicona que estimula todos tus sentidos<\/li>\n<li>Color exclusivo que combina relajaci\u00f3n y lujo<\/li>\n<li>Precio \u00fanico en el mercado.<\/li>\n<\/ul>\n<p>Disfruta del espect\u00e1culo de la vida!! , los juguetes sexuales y la lujuria, \u00a1atenci\u00f3n!: ondas de presi\u00f3n y vibraci\u00f3n en un mismo juguete sexual? \u00a1Pues s\u00ed! El nuevo Rithual\u2122 Shushu\u2122 con vibraci\u00f3n har\u00e1 realidad tus sue\u00f1os m\u00e1s h\u00famedos.<\/p>\n<p>La perfecta combinaci\u00f3n de una m\u00e1gica vibraci\u00f3n con succi\u00f3n mediante impulsos intensos que provocar\u00e1n excitantes ondas en el borde del cabezal.\u00a0 La flexible punta de silicona medica rodea tu bot\u00f3n del amor acariciando su interior sin contacto mediante 3 patrones con 4 niveles de intensidad ondas de presi\u00f3n, mientras que la parte superior vibra a su alrededor con 3 patrones y 4 niveles de intensidad con programas en un solo bot\u00f3n de f\u00e1cil uso. Pura lujuria de placer convertidos en orgasmos y gritos.<\/p>\n<p>Para cambiar entre los modos de estimulaci\u00f3n por ondas y el de vibraci\u00f3n tan s\u00f3lo hay que pulsar dos veces r\u00e1pidamente. \u00a1Escoge el placer de la forma que prefieras!<\/p>\n<p>El conocimiento guardado por las milenarias dinast\u00edas practicantes de la energ\u00eda intangible ha sido revelado. La vanguardia y alta tecnolog\u00eda se unen con lo m\u00edstico para crear el amplificador de las frecuencias del placer definitivo. Deja que la energ\u00eda recorra toda tu espina dorsal desde tu cl\u00edtoris y llega al nirvana con todos tus sentidos.<\/p>\n<p>Seg\u00fan las bases de la kundalini la energ\u00eda es algo que debe fluir libre y sin impedimentos a trav\u00e9s de nuestro cuerpo. Los bloqueos energ\u00e9ticos son algo com\u00fan en nuestra vida cotidiana. En el plano sexual de la mujer esto se traduce a dificultades para alcanzar el orgasmo.<\/p>\n<p>Por eso hemos creado Rithual\u2122 Shushu\u2122 el amplificador de las frecuencias del placer definitivo. La estimulaci\u00f3n de vac\u00edo sin contacto ha sido especialmente dise\u00f1ada para liberar el chakra de la emoci\u00f3n y la sexualidad. Con esto conseguir\u00e1s orgasmos mucho m\u00e1s intensos y vibrantes, liberando todo el potencial de tu cauce energ\u00e9tico.<\/p>\n<p>El logo est\u00e1 inspirado en el segundo chacra. Se encuentra en la zona genital y es el responsable, entre otras cosas, del placer. Es representado por el color naranja y con una forma de flor de 6 puntas.<\/p>\n<p>Rithual\u2122 Shushu\u2122 est\u00e1 equipado con bater\u00edas integradas, de modo que puede recargarse sin da\u00f1ar el medio ambiente.<\/p>\n<p>En caso necesario, el cargador magn\u00e9tico por USB incluido se le puede a\u00f1adir un enchufe de red de 5v, pero puedes cargar tu Rithual\u2122 Shushu\u2122 \u00a0en cualquier ordenador o port\u00e1til.<\/p>\n<p>LIMPIEZA<\/p>\n<p>Limpia a fondo el juguete antes y despu\u00e9s de cada uso con agua tibia y jab\u00f3n suave.<\/p>\n<p>ALMACENAMIENTO<\/p>\n<p>Guarde su juguete Rithual\u2122 en un lugar sin polvo y mant\u00e9ngalo alejado de juguetes de otros materiales. Evite dejarlo a la luz solar directa y NUNCA lo exponga a calor extremo.<\/p>\n<p>CONSEJOS DE USO<\/p>\n<p>Rithual\u2122 \u00a0recomienda el uso de lubricantes a base de agua como, Waterfeel\u2122, Aqua\u2122, Bioaqua\u2122, Aquatravel\u2122 o Coquette\u2122 para una inserci\u00f3n f\u00e1cil y suave de todos los productos de silicona. No utilice lubricantes, aceites o cremas de silicona con ning\u00fan producto de silicona, ya que pueden degradar el material del producto y limitar su rendimiento y vida \u00fatil.<\/p>\n<p>3 A\u00d1OS DE GARANT\u00cdA<\/p>\n<p>Esta garant\u00eda se aplica a todos los productos Rithual\u2122 comprados, a partir de la fecha de compra original de dicho producto. Esta garant\u00eda no cubre da\u00f1os causados por un mal uso o un uso diferente al previsto y descrito en el manual de instrucciones del producto, desgaste normal, alteraci\u00f3n, uso irrazonable, servicio realizado por agencias de servicio no autorizadas o p\u00e9rdida o da\u00f1o de bater\u00edas o bater\u00edas extra\u00edbles.<\/p>\n<\/div>\n<div style=\"text-align: center;\">\u00a0<\/div>","protected":false},"excerpt":{"rendered":"<p>RITHUAL &#8211; SHUSHU 2.O NEW GENERATION CLITORAL ORCHID<\/p>","protected":false},"featured_media":93832,"comment_status":"open","ping_status":"closed","template":"","meta":{"_eb_attr":""},"product_brand":[],"product_cat":[1250,1152,1153,1260,1449,1159,1263],"product_tag":[],"class_list":{"0":"post-28728","1":"product","2":"type-product","3":"status-publish","4":"has-post-thumbnail","6":"product_cat-juguetes-bienestar-juguetes-para-mujeresestimuladores","7":"product_cat-juguetes-bienestar","8":"product_cat-juguetes-bienestar-juguetes-para-mujeres","9":"product_cat-juguetes-bienestar-juguetes-para-mujeresestimuladorespara-clitoris","10":"product_cat-juguetes-bienestar-juguetes-para-mujeresestimuladoressuccionadores-con-vibracion","11":"product_cat-juguetes-bienestar-vibradores","12":"product_cat-juguetes-bienestar-vibradoresvibradores-succionadores-ondas-presion","13":"pa_color-aqua","14":"pa_color-negro","15":"pa_color-orquidea","16":"pa_talla-talla-1","17":"yith_product_brand-rithual","19":"first","20":"instock","21":"taxable","22":"shipping-taxable","23":"purchasable","24":"product-type-variable","25":"has-default-attributes"},"_links":{"self":[{"href":"https:\/\/www.bananatreeshop.com\/pt\/wp-json\/wp\/v2\/product\/28728","targetHints":{"allow":["GET"]}}],"collection":[{"href":"https:\/\/www.bananatreeshop.com\/pt\/wp-json\/wp\/v2\/product"}],"about":[{"href":"https:\/\/www.bananatreeshop.com\/pt\/wp-json\/wp\/v2\/types\/product"}],"replies":[{"embeddable":true,"href":"https:\/\/www.bananatreeshop.com\/pt\/wp-json\/wp\/v2\/comments?post=28728"}],"wp:featuredmedia":[{"embeddable":true,"href":"https:\/\/www.bananatreeshop.com\/pt\/wp-json\/wp\/v2\/media\/93832"}],"wp:attachment":[{"href":"https:\/\/www.bananatreeshop.com\/pt\/wp-json\/wp\/v2\/media?parent=28728"}],"wp:term":[{"taxonomy":"product_brand","embeddable":true,"href":"https:\/\/www.bananatreeshop.com\/pt\/wp-json\/wp\/v2\/product_brand?post=28728"},{"taxonomy":"product_cat","embeddable":true,"href":"https:\/\/www.bananatreeshop.com\/pt\/wp-json\/wp\/v2\/product_cat?post=28728"},{"taxonomy":"product_tag","embeddable":true,"href":"https:\/\/www.bananatreeshop.com\/pt\/wp-json\/wp\/v2\/product_tag?post=28728"}],"curies":[{"name":"wp","href":"https:\/\/api.w.org\/{rel}","templated":true}]}}