{"id":28808,"date":"2025-07-09T05:01:46","date_gmt":"2025-07-09T05:01:46","guid":{"rendered":"https:\/\/www.bananatreeshop.com\/?post_type=product&#038;p=28808"},"modified":"2026-04-19T15:01:58","modified_gmt":"2026-04-19T15:01:58","slug":"addicted-toys-dildo-with-rna-s-without-natural-support","status":"publish","type":"product","link":"https:\/\/www.bananatreeshop.com\/pt\/produto\/addicted-toys-dildo-with-rna-s-without-natural-support\/","title":{"rendered":"ADDICTED TOYS &#8211; DILDO CON ARN\u00c9S SIN SUJECI\u00d3N NATURAL"},"content":{"rendered":"<p>Este sensacional consolador no requiere arn\u00e9s, por lo que nada se interpondr\u00e1 entre tu amante y t\u00fa, a excepci\u00f3n de vuestro propio placer intenso juntos.<\/p>\n<p>Completamente sin tirantes, se mantiene en su lugar con una sonda curvil\u00ednea, insertable y curvada, que ofrece una deliciosa estimulaci\u00f3n del punto G para el usuario. El extremo acanalado m\u00e1s largo se usa para penetrar a tu pareja masculina o femenina.<\/p>\n<p>Hecho de goma termopl\u00e1stica s\u00faper TPR y silicona\u00a0flexible con un acabado de tacto, este juguete sexual tiene una parte curva de estimulaci\u00f3n del punto G de 6.8 cm mientras que el extremo penetrante mide 18 cm.<\/p>\n<p>Caracter\u00edsticas:<\/p>\n<ul>\n<li>Dimensiones del producto: 26 cm total<\/li>\n<li>Longitud dildo peque\u00f1o; 11.5cm<\/li>\n<li>Longitud dildo grande; \u00a018 cm<\/li>\n<li>Resistente al agua.<\/li>\n<li>Silicona y tpr<\/li>\n<li>Sin ftalatos.<\/li>\n<\/ul>\n<p>*Para conseguir una experiencia \u00f3ptima y poder disfrutar de manera placentera y sin sentir dolor, Addicted toys recomienda el uso de los lubricantes de la marca Black Hole<\/p>","protected":false},"excerpt":{"rendered":"<p>ADDICTED TOYS &#8211; DILDO WITH RNA S WITHOUT NATURAL SUPPORT<\/p>","protected":false},"featured_media":57356,"comment_status":"open","ping_status":"closed","template":"","meta":{"_eb_attr":""},"product_brand":[],"product_cat":[1220,1222,1224,1221,1152],"product_tag":[],"class_list":{"0":"post-28808","1":"product","2":"type-product","3":"status-publish","4":"has-post-thumbnail","6":"product_cat-juguetes-bienestar-arneses","7":"product_cat-juguetes-bienestar-arnesesarneses-dobles","8":"product_cat-juguetes-bienestar-arnesesarneses-sin-correas","9":"product_cat-juguetes-bienestar-arnesesarneses-sin-vibracion","10":"product_cat-juguetes-bienestar","11":"yith_product_brand-addicted-toys","13":"first","14":"instock","15":"taxable","16":"shipping-taxable","17":"purchasable","18":"product-type-simple"},"_links":{"self":[{"href":"https:\/\/www.bananatreeshop.com\/pt\/wp-json\/wp\/v2\/product\/28808","targetHints":{"allow":["GET"]}}],"collection":[{"href":"https:\/\/www.bananatreeshop.com\/pt\/wp-json\/wp\/v2\/product"}],"about":[{"href":"https:\/\/www.bananatreeshop.com\/pt\/wp-json\/wp\/v2\/types\/product"}],"replies":[{"embeddable":true,"href":"https:\/\/www.bananatreeshop.com\/pt\/wp-json\/wp\/v2\/comments?post=28808"}],"wp:featuredmedia":[{"embeddable":true,"href":"https:\/\/www.bananatreeshop.com\/pt\/wp-json\/wp\/v2\/media\/57356"}],"wp:attachment":[{"href":"https:\/\/www.bananatreeshop.com\/pt\/wp-json\/wp\/v2\/media?parent=28808"}],"wp:term":[{"taxonomy":"product_brand","embeddable":true,"href":"https:\/\/www.bananatreeshop.com\/pt\/wp-json\/wp\/v2\/product_brand?post=28808"},{"taxonomy":"product_cat","embeddable":true,"href":"https:\/\/www.bananatreeshop.com\/pt\/wp-json\/wp\/v2\/product_cat?post=28808"},{"taxonomy":"product_tag","embeddable":true,"href":"https:\/\/www.bananatreeshop.com\/pt\/wp-json\/wp\/v2\/product_tag?post=28808"}],"curies":[{"name":"wp","href":"https:\/\/api.w.org\/{rel}","templated":true}]}}