{"id":28966,"date":"2025-07-08T17:01:20","date_gmt":"2025-07-08T17:01:20","guid":{"rendered":"https:\/\/www.bananatreeshop.com\/?post_type=product&#038;p=28966"},"modified":"2026-04-15T23:16:18","modified_gmt":"2026-04-15T23:16:18","slug":"secretplay-set-6-brazilian-balls-vibrator","status":"publish","type":"product","link":"https:\/\/www.bananatreeshop.com\/pt\/produto\/secretplay-set-6-brazilian-balls-vibrator\/","title":{"rendered":"SECRETPLAY &#8211; SET 6 BRAZILIAN BALLS VIBRATOR"},"content":{"rendered":"<p>Provocan una inigualable sensaci\u00f3n de vibraci\u00f3n a la que no podr\u00e1s resistirte.<\/p>\n<p>MODO DE EMPLEO:<\/p>\n<ul>\n<li>Humedecer la mano con agua y abrazar con la mano la brazilian ball, con el calor de la mano y la humedad la bola se deshace entre 3 y 5 minutos, liberando un l\u00edquido que lubrica y contribuyendo de esa manera al juego de los preliminares o como factor sorpresa en tus relaciones. La capa exterior de la bola es agua y el l\u00edquido interior es aceite.<\/li>\n<\/ul>\n<p>Ojo: No son compatibles con el uso de preservativos al estar compuestas de aceite<\/p>","protected":false},"excerpt":{"rendered":"<p>PACKAGING DISPONIBLE EN: \/en\/es\/fr\/de\/it\/pt\/<\/p>","protected":false},"featured_media":54073,"comment_status":"open","ping_status":"closed","template":"","meta":{"_eb_attr":""},"product_brand":[],"product_cat":[1298,1163,1169],"product_tag":[],"class_list":{"0":"post-28966","1":"product","2":"type-product","3":"status-publish","4":"has-post-thumbnail","6":"product_cat-drogueria-lubricantesbolas-brazilian-balls","7":"product_cat-drogueria","8":"product_cat-drogueria-lubricantes","9":"yith_product_brand-secretplay","10":"yith_product_brand-secretplaysecretplay-cosmetic","12":"first","13":"instock","14":"taxable","15":"shipping-taxable","16":"purchasable","17":"product-type-simple"},"_links":{"self":[{"href":"https:\/\/www.bananatreeshop.com\/pt\/wp-json\/wp\/v2\/product\/28966","targetHints":{"allow":["GET"]}}],"collection":[{"href":"https:\/\/www.bananatreeshop.com\/pt\/wp-json\/wp\/v2\/product"}],"about":[{"href":"https:\/\/www.bananatreeshop.com\/pt\/wp-json\/wp\/v2\/types\/product"}],"replies":[{"embeddable":true,"href":"https:\/\/www.bananatreeshop.com\/pt\/wp-json\/wp\/v2\/comments?post=28966"}],"wp:featuredmedia":[{"embeddable":true,"href":"https:\/\/www.bananatreeshop.com\/pt\/wp-json\/wp\/v2\/media\/54073"}],"wp:attachment":[{"href":"https:\/\/www.bananatreeshop.com\/pt\/wp-json\/wp\/v2\/media?parent=28966"}],"wp:term":[{"taxonomy":"product_brand","embeddable":true,"href":"https:\/\/www.bananatreeshop.com\/pt\/wp-json\/wp\/v2\/product_brand?post=28966"},{"taxonomy":"product_cat","embeddable":true,"href":"https:\/\/www.bananatreeshop.com\/pt\/wp-json\/wp\/v2\/product_cat?post=28966"},{"taxonomy":"product_tag","embeddable":true,"href":"https:\/\/www.bananatreeshop.com\/pt\/wp-json\/wp\/v2\/product_tag?post=28966"}],"curies":[{"name":"wp","href":"https:\/\/api.w.org\/{rel}","templated":true}]}}