{"id":28968,"date":"2025-07-09T03:01:52","date_gmt":"2025-07-09T03:01:52","guid":{"rendered":"https:\/\/www.bananatreeshop.com\/?post_type=product&#038;p=28968"},"modified":"2026-04-03T15:02:20","modified_gmt":"2026-04-03T15:02:20","slug":"secretplay-sex-coupons-fr-pt","status":"publish","type":"product","link":"https:\/\/www.bananatreeshop.com\/pt\/produto\/secretplay-sex-coupons-fr-pt\/","title":{"rendered":"SECRETPLAY &#8211; VALES DE CANJE SENSUALES (FR\/PT)"},"content":{"rendered":"<p>Estos 50 cheques te har\u00e1n pasar buenos ratos, excit\u00e1ndote e inspir\u00e1ndote con la diversidad de opciones que contienen para sorprender a tu pareja o amigos.<\/p>\n<ul>\n<li>50 p\u00e1ginas<\/li>\n<li>180 x 100 mm<\/li>\n<li>Idiomas: Franc\u00e9s y portugu\u00e9s\u00a0<\/li>\n<\/ul>","protected":false},"excerpt":{"rendered":"<p>SECRETPLAY &#8211; SEX COUPONS (FR\/PT)<\/p>","protected":false},"featured_media":56838,"comment_status":"open","ping_status":"closed","template":"","meta":{"_eb_attr":""},"product_brand":[],"product_cat":[1187,1188,1215,1210,1213],"product_tag":[],"class_list":{"0":"post-28968","1":"product","2":"type-product","3":"status-publish","4":"has-post-thumbnail","6":"product_cat-juegos","7":"product_cat-juegos-juegos-de-pareja","8":"product_cat-juegos-juegos-de-sociedad","9":"product_cat-juegos-juegos-en-frances","10":"product_cat-juegos-juegos-en-portugues","11":"yith_product_brand-secretplay","12":"yith_product_brand-secretplaysecretplay-100-games","14":"first","15":"instock","16":"taxable","17":"shipping-taxable","18":"purchasable","19":"product-type-simple"},"_links":{"self":[{"href":"https:\/\/www.bananatreeshop.com\/pt\/wp-json\/wp\/v2\/product\/28968","targetHints":{"allow":["GET"]}}],"collection":[{"href":"https:\/\/www.bananatreeshop.com\/pt\/wp-json\/wp\/v2\/product"}],"about":[{"href":"https:\/\/www.bananatreeshop.com\/pt\/wp-json\/wp\/v2\/types\/product"}],"replies":[{"embeddable":true,"href":"https:\/\/www.bananatreeshop.com\/pt\/wp-json\/wp\/v2\/comments?post=28968"}],"wp:featuredmedia":[{"embeddable":true,"href":"https:\/\/www.bananatreeshop.com\/pt\/wp-json\/wp\/v2\/media\/56838"}],"wp:attachment":[{"href":"https:\/\/www.bananatreeshop.com\/pt\/wp-json\/wp\/v2\/media?parent=28968"}],"wp:term":[{"taxonomy":"product_brand","embeddable":true,"href":"https:\/\/www.bananatreeshop.com\/pt\/wp-json\/wp\/v2\/product_brand?post=28968"},{"taxonomy":"product_cat","embeddable":true,"href":"https:\/\/www.bananatreeshop.com\/pt\/wp-json\/wp\/v2\/product_cat?post=28968"},{"taxonomy":"product_tag","embeddable":true,"href":"https:\/\/www.bananatreeshop.com\/pt\/wp-json\/wp\/v2\/product_tag?post=28968"}],"curies":[{"name":"wp","href":"https:\/\/api.w.org\/{rel}","templated":true}]}}