{"id":28969,"date":"2025-07-09T03:01:33","date_gmt":"2025-07-09T03:01:33","guid":{"rendered":"https:\/\/www.bananatreeshop.com\/?post_type=product&#038;p=28969"},"modified":"2026-04-01T07:12:07","modified_gmt":"2026-04-01T07:12:07","slug":"secretplay-30-romantic-challenges-es-en","status":"publish","type":"product","link":"https:\/\/www.bananatreeshop.com\/pt\/produto\/secretplay-30-romantic-challenges-es-en\/","title":{"rendered":"SECRETPLAY &#8211; 30 RETOS ROMANTICOS (ES\/EN)"},"content":{"rendered":"<p>Quieres demostrarle a tu pareja que le quieres como el primer d\u00eda? Este juego es la oportunidad perfecta para reconquistaros el uno al otro con 30 retos rom\u00e1nticos que os har\u00e1n vivir vuestros mejores y m\u00e1s dulces momentos juntos.<\/p>\n<ul>\n<li>30 tarjetas<\/li>\n<li>Medidas 110 x 110 mm\u00a0<\/li>\n<li>Idiomas: Espa\u00f1ol e ingl\u00e9s\u00a0<\/li>\n<\/ul>\n<p>\u00a0<\/p>\n<p><iframe loading=\"lazy\" allow=\"autoplay; fullscreen; picture-in-picture\" allowfullscreen=\"\" frameborder=\"0\" height=\"400\" scrolling=\"no\" src=\"https:\/\/player.vimeo.com\/video\/887658772?autoplay=1\" width=\"600\"><\/iframe><\/p>","protected":false},"excerpt":{"rendered":"<p>SECRETPLAY &#8211; 30 ROMANTIC CHALLENGES (ES\/EN)<\/p>","protected":false},"featured_media":56793,"comment_status":"open","ping_status":"closed","template":"","meta":{"_eb_attr":""},"product_brand":[],"product_cat":[1187,1188,1207,1208],"product_tag":[],"class_list":{"0":"post-28969","1":"product","2":"type-product","3":"status-publish","4":"has-post-thumbnail","6":"product_cat-juegos","7":"product_cat-juegos-juegos-de-pareja","8":"product_cat-juegos-juegos-en-espanol","9":"product_cat-juegos-juegos-en-ingles","10":"yith_product_brand-secretplay","11":"yith_product_brand-secretplaysecretplay-100-games","13":"first","14":"instock","15":"taxable","16":"shipping-taxable","17":"purchasable","18":"product-type-simple"},"_links":{"self":[{"href":"https:\/\/www.bananatreeshop.com\/pt\/wp-json\/wp\/v2\/product\/28969","targetHints":{"allow":["GET"]}}],"collection":[{"href":"https:\/\/www.bananatreeshop.com\/pt\/wp-json\/wp\/v2\/product"}],"about":[{"href":"https:\/\/www.bananatreeshop.com\/pt\/wp-json\/wp\/v2\/types\/product"}],"replies":[{"embeddable":true,"href":"https:\/\/www.bananatreeshop.com\/pt\/wp-json\/wp\/v2\/comments?post=28969"}],"wp:featuredmedia":[{"embeddable":true,"href":"https:\/\/www.bananatreeshop.com\/pt\/wp-json\/wp\/v2\/media\/56793"}],"wp:attachment":[{"href":"https:\/\/www.bananatreeshop.com\/pt\/wp-json\/wp\/v2\/media?parent=28969"}],"wp:term":[{"taxonomy":"product_brand","embeddable":true,"href":"https:\/\/www.bananatreeshop.com\/pt\/wp-json\/wp\/v2\/product_brand?post=28969"},{"taxonomy":"product_cat","embeddable":true,"href":"https:\/\/www.bananatreeshop.com\/pt\/wp-json\/wp\/v2\/product_cat?post=28969"},{"taxonomy":"product_tag","embeddable":true,"href":"https:\/\/www.bananatreeshop.com\/pt\/wp-json\/wp\/v2\/product_tag?post=28969"}],"curies":[{"name":"wp","href":"https:\/\/api.w.org\/{rel}","templated":true}]}}