{"id":28978,"date":"2025-07-09T03:01:56","date_gmt":"2025-07-09T03:01:56","guid":{"rendered":"https:\/\/www.bananatreeshop.com\/?post_type=product&#038;p=28978"},"modified":"2026-04-02T16:01:34","modified_gmt":"2026-04-02T16:01:34","slug":"secretplay-game-truth-or-dare-fr-pt","status":"publish","type":"product","link":"https:\/\/www.bananatreeshop.com\/pt\/produto\/secretplay-game-truth-or-dare-fr-pt\/","title":{"rendered":"SECRETPLAY &#8211; JUEGO VERDAD O ATREVIMIENTO (FR\/PT)"},"content":{"rendered":"<p>Contenido:<\/p>\n<ul>\n<li>1 Dado<\/li>\n<li>40 Cartas verdad (?)<\/li>\n<li>40 Cartas reto (!)<\/li>\n<\/ul>\n<p>Instrucciones:<\/p>\n<p>El juego consta de 80 cartas divididas en (VERDAD?) O (RETO!), donde podr\u00e1s divertirte con tu pareja o tu grupo de amigos de una manera diferente y muy picante. Est\u00e1 pensado para 2 o m\u00e1s jugadores (+18). En este juego debes ser sincero o atreverte al reto, todo est\u00e1 permitido y solo es obligatorio pasarlo bien.<\/p>\n<p>(?  VERDAD)<\/p>\n<ul>\n<li>Debes responder de manera sincera, cuanto m\u00e1s detallada la respuesta, mejor. Si tus compa\u00f1eros consideran que no est\u00e1s siendo sincero, tienes que coger una carta de reto.<\/li>\n<\/ul>\n<p>(!  RETO)<\/p>\n<ul>\n<li>Realiza la acci\u00f3n, atr\u00e9vete con todo, puedes negarte a realizar el reto, pero en ese caso debes coger una carta de verdad. Si tus amigos consideran que no has realizado bien el reto debes beber un chupito. Los chupitos siempre deben estar listos para las pruebas.<\/li>\n<\/ul>\n<p>Comienzo del juego:<\/p>\n<p>Empieza a jugar la persona de mayor edad, tirando el dado que indicar\u00e1 qu\u00e9 carta debe escoger (VERDAD O RETO). Seguidamente lanzar\u00e1 el dado la persona que tenga a la derecha y as\u00ed sucesivamente hasta que se terminen todas las cartas.<\/p>\n<p>\u00a1DIVERSI\u00d3N 100% ASEGURADA!<\/p>\n<ul>\n<li>(220 x 150 mm)<\/li>\n<li>Idioma: Franc\u00e9s y portugu\u00e9s\u00a0<\/li>\n<\/ul>","protected":false},"excerpt":{"rendered":"<p>SECRETPLAY &#8211; GAME TRUTH OR DARE (FR\/PT)<\/p>","protected":false},"featured_media":56846,"comment_status":"open","ping_status":"closed","template":"","meta":{"_eb_attr":""},"product_brand":[],"product_cat":[1187,1190,1189,1188,1215,1210,1213,1206],"product_tag":[],"class_list":{"0":"post-28978","1":"product","2":"type-product","3":"status-publish","4":"has-post-thumbnail","6":"product_cat-juegos","7":"product_cat-juegos-juegos-de-cartas","8":"product_cat-juegos-juegos-de-mesa","9":"product_cat-juegos-juegos-de-pareja","10":"product_cat-juegos-juegos-de-sociedad","11":"product_cat-juegos-juegos-en-frances","12":"product_cat-juegos-juegos-en-portugues","13":"product_cat-juegos-juegos-preliminares","14":"yith_product_brand-secretplay","15":"yith_product_brand-secretplaysecretplay-100-games","17":"first","18":"instock","19":"taxable","20":"shipping-taxable","21":"purchasable","22":"product-type-simple"},"_links":{"self":[{"href":"https:\/\/www.bananatreeshop.com\/pt\/wp-json\/wp\/v2\/product\/28978","targetHints":{"allow":["GET"]}}],"collection":[{"href":"https:\/\/www.bananatreeshop.com\/pt\/wp-json\/wp\/v2\/product"}],"about":[{"href":"https:\/\/www.bananatreeshop.com\/pt\/wp-json\/wp\/v2\/types\/product"}],"replies":[{"embeddable":true,"href":"https:\/\/www.bananatreeshop.com\/pt\/wp-json\/wp\/v2\/comments?post=28978"}],"wp:featuredmedia":[{"embeddable":true,"href":"https:\/\/www.bananatreeshop.com\/pt\/wp-json\/wp\/v2\/media\/56846"}],"wp:attachment":[{"href":"https:\/\/www.bananatreeshop.com\/pt\/wp-json\/wp\/v2\/media?parent=28978"}],"wp:term":[{"taxonomy":"product_brand","embeddable":true,"href":"https:\/\/www.bananatreeshop.com\/pt\/wp-json\/wp\/v2\/product_brand?post=28978"},{"taxonomy":"product_cat","embeddable":true,"href":"https:\/\/www.bananatreeshop.com\/pt\/wp-json\/wp\/v2\/product_cat?post=28978"},{"taxonomy":"product_tag","embeddable":true,"href":"https:\/\/www.bananatreeshop.com\/pt\/wp-json\/wp\/v2\/product_tag?post=28978"}],"curies":[{"name":"wp","href":"https:\/\/api.w.org\/{rel}","templated":true}]}}