{"id":29339,"date":"2025-07-15T02:01:41","date_gmt":"2025-07-15T02:01:41","guid":{"rendered":"https:\/\/www.bananatreeshop.com\/?post_type=product&#038;p=29339"},"modified":"2026-04-03T08:01:52","modified_gmt":"2026-04-03T08:01:52","slug":"passion-woman-north-corset-s-m","status":"publish","type":"product","link":"https:\/\/www.bananatreeshop.com\/pt\/produto\/passion-woman-north-corset-s-m\/","title":{"rendered":"PASSION &#8211; WOMAN NORTH CORSET S\/M"},"content":{"rendered":"<p>Este corset est\u00e1 compuesto de\u00a0fabulosa de lencer\u00eda\u00a0con un dise\u00f1o espectacularmente sexy con el que te convertir\u00e1s en una bomba de seducci\u00f3n,\u00a0fabricado por la prestigiosa marca de lencer\u00eda sexy Passion<\/p>\n<ul>\n<li>Corset North<\/li>\n<li>Tanga a juego incluido\u00a0<\/li>\n<li>Color: Negro<\/li>\n<li>Presentaci\u00f3n en bonita caja\u00a0<\/li>\n<li>Medias no incluidas<\/li>\n<li>Composici\u00f3n: 75% poliester \/ 15% el\u00e1stano \/ 10% poliamida\u00a0<\/li>\n<li>Talla S\/M<\/li>\n<\/ul>\n<p style=\"line-height: 20.8px;\">Passion es lenceria fabricada en la Union Europea con estrictos controles de calidad, cuidando el maximo detalle tanto en la fabricacion como en sus elementos decorativos, pensado para el mundo actual, personas dinamicas con ganas de innovar y sentirse siempre al dia.<\/p>\n<p style=\"text-align: center;\"><img decoding=\"async\" alt=\"\" src=\"https:\/\/store.dreamlove.es\/UserFiles\/images\/PASIOM.png\" style=\"line-height: 20.8px; outline: 0px; box-sizing: border-box; vertical-align: middle; border: 0px; max-width: 100%; width: 512px; height: 167px;\" \/><\/p>","protected":false},"excerpt":{"rendered":"<p>PASSION &#8211; WOMAN NORTH CORSET S\/M<\/p>","protected":false},"featured_media":79918,"comment_status":"open","ping_status":"closed","template":"","meta":{"_eb_attr":""},"product_brand":[],"product_cat":[1387,1409,1225,1386,1191],"product_tag":[],"class_list":{"0":"post-29339","1":"product","2":"type-product","3":"status-publish","4":"has-post-thumbnail","6":"product_cat-moda-lencerialenceria-mujerlenceria-picanteconjunto-de-lenceria-sexy","7":"product_cat-moda-lencerialenceria-mujerlenceria-picantecorsets","8":"product_cat-moda-lencerialenceria-mujer","9":"product_cat-moda-lencerialenceria-mujerlenceria-picante","10":"product_cat-moda-lenceria","11":"pa_color-negro","12":"pa_talla-l-xl","13":"pa_talla-s-m","14":"yith_product_brand-passion","15":"yith_product_brand-passionpassion-woman","16":"yith_product_brand-passionpassion-womanpassion-woman-corsets","18":"first","19":"instock","20":"taxable","21":"shipping-taxable","22":"purchasable","23":"product-type-variable","24":"has-default-attributes"},"_links":{"self":[{"href":"https:\/\/www.bananatreeshop.com\/pt\/wp-json\/wp\/v2\/product\/29339","targetHints":{"allow":["GET"]}}],"collection":[{"href":"https:\/\/www.bananatreeshop.com\/pt\/wp-json\/wp\/v2\/product"}],"about":[{"href":"https:\/\/www.bananatreeshop.com\/pt\/wp-json\/wp\/v2\/types\/product"}],"replies":[{"embeddable":true,"href":"https:\/\/www.bananatreeshop.com\/pt\/wp-json\/wp\/v2\/comments?post=29339"}],"wp:featuredmedia":[{"embeddable":true,"href":"https:\/\/www.bananatreeshop.com\/pt\/wp-json\/wp\/v2\/media\/79918"}],"wp:attachment":[{"href":"https:\/\/www.bananatreeshop.com\/pt\/wp-json\/wp\/v2\/media?parent=29339"}],"wp:term":[{"taxonomy":"product_brand","embeddable":true,"href":"https:\/\/www.bananatreeshop.com\/pt\/wp-json\/wp\/v2\/product_brand?post=29339"},{"taxonomy":"product_cat","embeddable":true,"href":"https:\/\/www.bananatreeshop.com\/pt\/wp-json\/wp\/v2\/product_cat?post=29339"},{"taxonomy":"product_tag","embeddable":true,"href":"https:\/\/www.bananatreeshop.com\/pt\/wp-json\/wp\/v2\/product_tag?post=29339"}],"curies":[{"name":"wp","href":"https:\/\/api.w.org\/{rel}","templated":true}]}}