{"id":29908,"date":"2025-07-13T06:00:22","date_gmt":"2025-07-13T06:00:22","guid":{"rendered":"https:\/\/www.bananatreeshop.com\/?post_type=product&#038;p=29908"},"modified":"2026-04-02T08:03:36","modified_gmt":"2026-04-02T08:03:36","slug":"all-black-plug-175-cm-10-ancho","status":"publish","type":"product","link":"https:\/\/www.bananatreeshop.com\/pt\/produto\/all-black-plug-175-cm-10-ancho\/","title":{"rendered":"ALL BLACK &#8211; PLUG 17,5 CM 10 ANCHO"},"content":{"rendered":"<div>El Buttplug All Black te abre lentamente, pero de forma segura m\u00e1s y m\u00e1s al fondo. Este tap\u00f3n es suave, flexible y est\u00e1 disponible en varios tama\u00f1os.<\/div>\n<div>Se pueden usar lubricantes a base de agua y silicona. Limpie bien el tap\u00f3n despu\u00e9s de usarlo. Cada juguete est\u00e1 envuelto herm\u00e9ticamente en una funda protectora de pl\u00e1stico transparente.<\/div>\n<ul>\n<li>\u2022<span style=\"white-space:pre\"> <\/span>Material: PVC<\/li>\n<li>\u2022<span style=\"white-space:pre\"> <\/span>Medidas: 18 x 10 cm<\/li>\n<\/ul>\n<div>Descubre toda la gama de productos ALLBLACK, todos los tama\u00f1os y todas las formas disponibles desatan la imaginaci\u00f3n en la versi\u00f3n black m\u00e1s variada del mercado, todos los productos cuentan con un material hipoalerg\u00e9nico libre de phalatos perfecto para todos los p\u00fablicos.\u00a0<\/div>\n<div>\u00a0<\/div>\n<div>* Para conseguir una experiencia \u00f3ptima y poder disfrutar de manera placentera y sin sentir dolor, ALL BLACK\u00a0recomienda el uso de los lubricantes de la marca Black Hole<\/div>","protected":false},"excerpt":{"rendered":"<p>ALL BLACK &#8211; PLUG 17,5 CM 10 ANCHO<\/p>","protected":false},"featured_media":73525,"comment_status":"open","ping_status":"closed","template":"","meta":{"_eb_attr":""},"product_brand":[],"product_cat":[1157,1355,258,1246,1152,1377,1158],"product_tag":[],"class_list":{"0":"post-29908","1":"product","2":"type-product","3":"status-publish","4":"has-post-thumbnail","6":"product_cat-juguetes-bienestar-anal","7":"product_cat-bdsm-bondage-articulos-bdsm","8":"product_cat-bdsm-bondage","9":"product_cat-juguetes-bienestar-analdildos-anales","10":"product_cat-juguetes-bienestar","11":"product_cat-bdsm-bondage-articulos-bdsmplug-anal-bdsm","12":"product_cat-juguetes-bienestar-analplugs-anales","13":"yith_product_brand-all-black","15":"first","16":"outofstock","17":"taxable","18":"shipping-taxable","19":"purchasable","20":"product-type-simple"},"_links":{"self":[{"href":"https:\/\/www.bananatreeshop.com\/pt\/wp-json\/wp\/v2\/product\/29908","targetHints":{"allow":["GET"]}}],"collection":[{"href":"https:\/\/www.bananatreeshop.com\/pt\/wp-json\/wp\/v2\/product"}],"about":[{"href":"https:\/\/www.bananatreeshop.com\/pt\/wp-json\/wp\/v2\/types\/product"}],"replies":[{"embeddable":true,"href":"https:\/\/www.bananatreeshop.com\/pt\/wp-json\/wp\/v2\/comments?post=29908"}],"wp:featuredmedia":[{"embeddable":true,"href":"https:\/\/www.bananatreeshop.com\/pt\/wp-json\/wp\/v2\/media\/73525"}],"wp:attachment":[{"href":"https:\/\/www.bananatreeshop.com\/pt\/wp-json\/wp\/v2\/media?parent=29908"}],"wp:term":[{"taxonomy":"product_brand","embeddable":true,"href":"https:\/\/www.bananatreeshop.com\/pt\/wp-json\/wp\/v2\/product_brand?post=29908"},{"taxonomy":"product_cat","embeddable":true,"href":"https:\/\/www.bananatreeshop.com\/pt\/wp-json\/wp\/v2\/product_cat?post=29908"},{"taxonomy":"product_tag","embeddable":true,"href":"https:\/\/www.bananatreeshop.com\/pt\/wp-json\/wp\/v2\/product_tag?post=29908"}],"curies":[{"name":"wp","href":"https:\/\/api.w.org\/{rel}","templated":true}]}}