{"id":30281,"date":"2025-07-17T03:01:15","date_gmt":"2025-07-17T03:01:15","guid":{"rendered":"https:\/\/www.bananatreeshop.com\/?post_type=product&#038;p=30281"},"modified":"2026-04-13T16:50:18","modified_gmt":"2026-04-13T16:50:18","slug":"act-big-boobs-masturabdor-bitch","status":"publish","type":"product","link":"https:\/\/www.bananatreeshop.com\/pt\/produto\/act-big-boobs-masturabdor-bitch\/","title":{"rendered":"ACT &#8211; BIG BOOBS MASTURABDOR BITCH"},"content":{"rendered":"<p>Listo para la acci\u00f3n? Si te gusta disfrutar del sexo a cualquier hora, entonces te encantar\u00e1 el Bitch. Este masturbador pesa aproximadamente 6.5kg,\u00a0construido con un est\u00e1ndar de calidad superior, es un dise\u00f1o muy s\u00f3lido, ideal para la diversi\u00f3n \u00edntima incondicional.<\/p>\n<p>Hecho de TPR de calidad, el dise\u00f1o es suave al tacto y duradero, permitiendo infinitas sesiones de juego \u00edntimo. El Bitch presenta dos orificios reales: un canal vaginal y anal con un cuerpo perfecto. Resistente al agua.<\/p>\n<p>Este masturbador anat\u00f3micamente moldeado ofrece una experiencia cercana y personal para atraer a todos los sentidos.<\/p>\n<ul>\n<li>Medidas:\u00a058 x 32 x 16 cm<\/li>\n<\/ul>\n<p>Se recomienda el uso de lubricantes a base de Agua marca waterfeel para un rendimiento \u00f3ptimo.\u00a0<\/p>","protected":false},"excerpt":{"rendered":"<p>ACT &#8211; BIG BOOBS BITCH<\/p>","protected":false},"featured_media":85165,"comment_status":"open","ping_status":"closed","template":"","meta":{"_eb_attr":""},"product_brand":[],"product_cat":[1152,1217,1312,1445],"product_tag":[],"class_list":{"0":"post-30281","1":"product","2":"type-product","3":"status-publish","4":"has-post-thumbnail","6":"product_cat-juguetes-bienestar","7":"product_cat-juguetes-bienestar-juguetes-para-hombres","8":"product_cat-juguetes-bienestar-munecs-tamano-real","9":"product_cat-juguetes-bienestar-juguetes-para-hombresvaginas-sin-vibracion","10":"yith_product_brand-act","12":"first","13":"instock","14":"taxable","15":"shipping-taxable","16":"purchasable","17":"product-type-simple"},"_links":{"self":[{"href":"https:\/\/www.bananatreeshop.com\/pt\/wp-json\/wp\/v2\/product\/30281","targetHints":{"allow":["GET"]}}],"collection":[{"href":"https:\/\/www.bananatreeshop.com\/pt\/wp-json\/wp\/v2\/product"}],"about":[{"href":"https:\/\/www.bananatreeshop.com\/pt\/wp-json\/wp\/v2\/types\/product"}],"replies":[{"embeddable":true,"href":"https:\/\/www.bananatreeshop.com\/pt\/wp-json\/wp\/v2\/comments?post=30281"}],"wp:featuredmedia":[{"embeddable":true,"href":"https:\/\/www.bananatreeshop.com\/pt\/wp-json\/wp\/v2\/media\/85165"}],"wp:attachment":[{"href":"https:\/\/www.bananatreeshop.com\/pt\/wp-json\/wp\/v2\/media?parent=30281"}],"wp:term":[{"taxonomy":"product_brand","embeddable":true,"href":"https:\/\/www.bananatreeshop.com\/pt\/wp-json\/wp\/v2\/product_brand?post=30281"},{"taxonomy":"product_cat","embeddable":true,"href":"https:\/\/www.bananatreeshop.com\/pt\/wp-json\/wp\/v2\/product_cat?post=30281"},{"taxonomy":"product_tag","embeddable":true,"href":"https:\/\/www.bananatreeshop.com\/pt\/wp-json\/wp\/v2\/product_tag?post=30281"}],"curies":[{"name":"wp","href":"https:\/\/api.w.org\/{rel}","templated":true}]}}