{"id":30408,"date":"2025-07-09T11:01:57","date_gmt":"2025-07-09T11:01:57","guid":{"rendered":"https:\/\/www.bananatreeshop.com\/?post_type=product&#038;p=30408"},"modified":"2026-04-12T07:24:52","modified_gmt":"2026-04-12T07:24:52","slug":"rockarmy-liquid-silicone-vibrator-premium-apache-remote-control-20-5-cm-o-4-62-cm","status":"publish","type":"product","link":"https:\/\/www.bananatreeshop.com\/pt\/produto\/rockarmy-liquid-silicone-vibrator-premium-apache-remote-control-20-5-cm-o-4-62-cm\/","title":{"rendered":"ROCKARMY &#8211; APACHE VIBRADOR REAL\u00cdSTICO CONTROL REMOTO LIQUID SILICONE 20.5 CM -O- 4.62 CM"},"content":{"rendered":"<p>El Liquid silicone Apache es un vibrador\u00a0de silicona\u00a0 placentero y realista de la colecci\u00f3n Rock Army, dise\u00f1ado para alcanzar todos tus puntos \u00edntimos.<\/p>\n<p>Este vibradpr\u00a0real\u00edstico premium es de un color de tono natural y tiene una silueta con una base de ventosa: ofreci\u00e9ndole una experiencia realista y emocionante.<\/p>\n<p>El dise\u00f1o presenta detalles cuidadosamente dise\u00f1ados para mejorar su atractivo natural, mientras que su material de doble densidad ofrece el doble de diversi\u00f3n \u00edntima.<\/p>\n<p>Su exterior suave al tacto y su n\u00facleo s\u00f3lido forman una combinaci\u00f3n irresistible que te dejar\u00e1 boquiabierto con su sensaci\u00f3n sensacional.<\/p>\n<p>Grandiosas son tambi\u00e9n sus cualidades. Con su tacto sedoso y su placentera superficie de 100% silicona, Apache estimula en todas las situaciones; en la cama, en la ba\u00f1era o utiliz\u00e1ndolo con un arn\u00e9s. Adem\u00e1s Apache se puede usar sin manos colocando su pie de forma ergon\u00f3mica sobre una superficie llana. Se quedar\u00e1 as\u00ed tanto tiempo se requiera y se retirar\u00e1 con total facilidad.<\/p>\n<p>Hecho de silicona liquida \u00a0y empaquetado de una manera cuidadosamente revisada, el liquid silicone de \u00a0rock army \u00a0es imprescindible para todos los amantes de la diversi\u00f3n realista.<\/p>\n<p>El material Liquid Silicone 100% Silicona hipoalerg\u00e9nico de Rockarmy destaca por su sedosa superficie mate con una extraordinaria adaptaci\u00f3n al cuerpo. Acabado premium impermeable (IPX7) .<\/p>\n<p>Apache incorpora un motor de alta potencia para complementar la sensaci\u00f3n realista al maximo, con un mando control remoto, Apache es la cumbre de la l\u00ednea RockArmy, un diamante para los amantes del sexo y lo real.\u00a0<\/p>\n<p>Los juguetes er\u00f3ticos se limpian con facilidad y se conservan higi\u00e9nicos durante mucho tiempo. El flexible material se desliza de maravilla y adopta r\u00e1pidamente la temperatura del cuerpo. El dildo Rockarmy se limpia r\u00e1pida y f\u00e1cilmente con un poco de jab\u00f3n y agua templada. Para una higiene minuciosa, roc\u00edalo despu\u00e9s con limpiador desinfectante para juguetes sexuales, preferentemente con waterfeel toycleaner, espec\u00edficamente concebido para ello.<\/p>\n<ul>\n<li>Vibrador control remoto.<\/li>\n<li>Para uso vaginal y anal<\/li>\n<li>La base ancha del juguete estimula las zonas er\u00f3genas externas y garantiza un uso anal 100% seguro<\/li>\n<li>Tiene una superficie lisa y agradable y un dise\u00f1o muy realista<\/li>\n<li>El cuerpo \u00a0es estable y muy flexible a la vez<\/li>\n<li>La base con efecto ventosa permite sujetarlo a superficies y paredes lisas<\/li>\n<li>Puede usarse con arn\u00e9s<\/li>\n<li>Material \u00a0hipoalerg\u00e9nico e inodoro<\/li>\n<li>Impermeable<\/li>\n<li>F\u00e1cil de limpiar con el WATERFEEL TOYCLEANER o bien con agua y jab\u00f3n suave<\/li>\n<li>Longitud total: 20.5 cm\u00a0<\/li>\n<li>Longitud insertable: 16 cm\u00a0<\/li>\n<li>Diametro: 4.62 cm\u00a0<\/li>\n<li style=\"outline: 0px; box-sizing: border-box;\">Recargable por USB<\/li>\n<\/ul>\n<p style=\"text-align: center;\">\u00a0<\/p>","protected":false},"excerpt":{"rendered":"<p>ROCKARMY &#8211;  APACHE REALISTIC REMOTE CONTROL LIQUID SILICONE VIBRATOR PREMIUM 20.5 CM -O- 4.62 CM<\/p>","protected":false},"featured_media":58186,"comment_status":"open","ping_status":"closed","template":"","meta":{"_eb_attr":""},"product_brand":[],"product_cat":[1152,1159,1161,1251,1233],"product_tag":[],"class_list":{"0":"post-30408","1":"product","2":"type-product","3":"status-publish","4":"has-post-thumbnail","6":"product_cat-juguetes-bienestar","7":"product_cat-juguetes-bienestar-vibradores","8":"product_cat-juguetes-bienestar-vibradoresvibradores-control-remoto","9":"product_cat-juguetes-bienestar-vibradoresvibradores-hi-tech","10":"product_cat-juguetes-bienestar-vibradoresvibradores-realisticos","11":"yith_product_brand-rock-army","13":"first","14":"instock","15":"taxable","16":"shipping-taxable","17":"purchasable","18":"product-type-simple"},"_links":{"self":[{"href":"https:\/\/www.bananatreeshop.com\/pt\/wp-json\/wp\/v2\/product\/30408","targetHints":{"allow":["GET"]}}],"collection":[{"href":"https:\/\/www.bananatreeshop.com\/pt\/wp-json\/wp\/v2\/product"}],"about":[{"href":"https:\/\/www.bananatreeshop.com\/pt\/wp-json\/wp\/v2\/types\/product"}],"replies":[{"embeddable":true,"href":"https:\/\/www.bananatreeshop.com\/pt\/wp-json\/wp\/v2\/comments?post=30408"}],"wp:featuredmedia":[{"embeddable":true,"href":"https:\/\/www.bananatreeshop.com\/pt\/wp-json\/wp\/v2\/media\/58186"}],"wp:attachment":[{"href":"https:\/\/www.bananatreeshop.com\/pt\/wp-json\/wp\/v2\/media?parent=30408"}],"wp:term":[{"taxonomy":"product_brand","embeddable":true,"href":"https:\/\/www.bananatreeshop.com\/pt\/wp-json\/wp\/v2\/product_brand?post=30408"},{"taxonomy":"product_cat","embeddable":true,"href":"https:\/\/www.bananatreeshop.com\/pt\/wp-json\/wp\/v2\/product_cat?post=30408"},{"taxonomy":"product_tag","embeddable":true,"href":"https:\/\/www.bananatreeshop.com\/pt\/wp-json\/wp\/v2\/product_tag?post=30408"}],"curies":[{"name":"wp","href":"https:\/\/api.w.org\/{rel}","templated":true}]}}