{"id":30437,"date":"2025-07-09T11:01:06","date_gmt":"2025-07-09T11:01:06","guid":{"rendered":"https:\/\/www.bananatreeshop.com\/?post_type=product&#038;p=30437"},"modified":"2026-04-14T07:37:14","modified_gmt":"2026-04-14T07:37:14","slug":"lelo-inez-stainless-steel-vibrator","status":"publish","type":"product","link":"https:\/\/www.bananatreeshop.com\/pt\/produto\/lelo-inez-stainless-steel-vibrator\/","title":{"rendered":"LELO &#8211; INEZ VIBRADOR ACERO INOXIDABLE"},"content":{"rendered":"<div>Este masajeador es una pieza de artesan\u00eda hecha por encargo en acero inoxidable para colmar los placeres m\u00e1s sibaritas. No s\u00f3lo es el m\u00e1s bello objeto de placer que se puede encontrar, sino el m\u00e1s satisfactorio.\u00a0<\/div>\n<div>\u00a0<\/div>\n<div>Las mejores cosas de esta vida siempre se hacen esperar\u2026 Las segundas mejores cosas de esta vida consisten en una artesan\u00eda casi perfecta. Como nuestros productos de lujo: fabricados para personas que quieren lo mejor y saben que lo mejor requiere tiempo.<\/div>\n<div>\u00a0<\/div>\n<ul>\n<li>\u2022<span style=\"white-space:pre\"> <\/span>Materiales seguros<\/li>\n<li>\u2022<span style=\"white-space:pre\"> <\/span>Acero inoxidable<\/li>\n<li>\u2022<span style=\"white-space:pre\"> <\/span>5 modos de estimulaci\u00f3n<\/li>\n<li>\u2022<span style=\"white-space:pre\"> <\/span>Desde un suave cosquilleo hasta una intensa vibraci\u00f3n<\/li>\n<li>\u2022<span style=\"white-space:pre\"> <\/span>100% recargable<\/li>\n<li>\u2022<span style=\"white-space:pre\"> <\/span>Una carga de 2 horas ofrece hasta 4 horas de sensaciones placenteras<\/li>\n<\/ul>\n<div>Abrir una caja de productos LELO es un ritual sensual y sexy. El primer momento de excitaci\u00f3n se convierte en una fiesta de placer que es la expresi\u00f3n definitiva de la compra m\u00e1s satisfactoria.<\/div>\n<ul>\n<li>\u2022<span style=\"white-space:pre\"> <\/span>INEZ\u2122<\/li>\n<li>\u2022<span style=\"white-space:pre\"> <\/span>Cargador<\/li>\n<li>\u2022<span style=\"white-space:pre\"> <\/span>Funda de sat\u00e9n<\/li>\n<li>\u2022<span style=\"white-space:pre\"> <\/span>Registro de Garant\u00eda<\/li>\n<li>\u2022<span style=\"white-space:pre\"> <\/span>Manual de usuario<\/li>\n<\/ul>","protected":false},"excerpt":{"rendered":"<p>LELO &#8211; INEZ STAINLESS STEEL VIBRATOR<\/p>","protected":false},"featured_media":58033,"comment_status":"open","ping_status":"closed","template":"","meta":{"_eb_attr":""},"product_brand":[],"product_cat":[1152,1159,1232,1251,1231],"product_tag":[],"class_list":{"0":"post-30437","1":"product","2":"type-product","3":"status-publish","4":"has-post-thumbnail","6":"product_cat-juguetes-bienestar","7":"product_cat-juguetes-bienestar-vibradores","8":"product_cat-juguetes-bienestar-vibradoresvibradores-clasicos-anales-o-vaginales","9":"product_cat-juguetes-bienestar-vibradoresvibradores-hi-tech","10":"product_cat-juguetes-bienestar-vibradoresvibradores-punto-g","11":"yith_product_brand-lelo","13":"first","14":"instock","15":"taxable","16":"shipping-taxable","17":"purchasable","18":"product-type-simple"},"_links":{"self":[{"href":"https:\/\/www.bananatreeshop.com\/pt\/wp-json\/wp\/v2\/product\/30437","targetHints":{"allow":["GET"]}}],"collection":[{"href":"https:\/\/www.bananatreeshop.com\/pt\/wp-json\/wp\/v2\/product"}],"about":[{"href":"https:\/\/www.bananatreeshop.com\/pt\/wp-json\/wp\/v2\/types\/product"}],"replies":[{"embeddable":true,"href":"https:\/\/www.bananatreeshop.com\/pt\/wp-json\/wp\/v2\/comments?post=30437"}],"wp:featuredmedia":[{"embeddable":true,"href":"https:\/\/www.bananatreeshop.com\/pt\/wp-json\/wp\/v2\/media\/58033"}],"wp:attachment":[{"href":"https:\/\/www.bananatreeshop.com\/pt\/wp-json\/wp\/v2\/media?parent=30437"}],"wp:term":[{"taxonomy":"product_brand","embeddable":true,"href":"https:\/\/www.bananatreeshop.com\/pt\/wp-json\/wp\/v2\/product_brand?post=30437"},{"taxonomy":"product_cat","embeddable":true,"href":"https:\/\/www.bananatreeshop.com\/pt\/wp-json\/wp\/v2\/product_cat?post=30437"},{"taxonomy":"product_tag","embeddable":true,"href":"https:\/\/www.bananatreeshop.com\/pt\/wp-json\/wp\/v2\/product_tag?post=30437"}],"curies":[{"name":"wp","href":"https:\/\/api.w.org\/{rel}","templated":true}]}}