{"id":30652,"date":"2025-07-09T13:01:37","date_gmt":"2025-07-09T13:01:37","guid":{"rendered":"https:\/\/www.bananatreeshop.com\/?post_type=product&#038;p=30652"},"modified":"2026-04-12T08:48:47","modified_gmt":"2026-04-12T08:48:47","slug":"lelo-soraya-wave-vibrator-rabbit-midnight-blue","status":"publish","type":"product","link":"https:\/\/www.bananatreeshop.com\/pt\/produto\/lelo-soraya-wave-vibrator-rabbit-midnight-blue\/","title":{"rendered":"LELO &#8211; SORAYA WAVE VIBRADOR RABBIT MIDNIGHT AZUL"},"content":{"rendered":"<p>Disfruta de un placer desbordante con este lujoso conejito vibrador. Experimenta una intensa estimulaci\u00f3n simult\u00e1nea de cl\u00edtoris y Punto G, gracias a la patentada tecnolog\u00eda WaveMotion\u2122, que te ofrece un masaje interno con balanceo como las caricias de los dedos de un amante ilustrado, para alcanzar un tsunami de orgasmos<\/p>\n<p>EXCITANTE TECNOLOG\u00cdA WAVEMOTION VENTAJAS<\/p>\n<ul>\n<li>Experimenta un tsnunami de orgasmos, gracias al balanceo inspirado en las caricias de los dedos de los amantes ilustrados y una punta moldeada para masajear con precisi\u00f3n tu Punto G.<\/li>\n<\/ul>\n<p>ESTIMULADOR EXTERNO ERGON\u00d3MICO<\/p>\n<ul>\n<li>Con un estimulador externo flexible para adapatarse con facilidad a todas las formas y vibraciones h\u00edper potentes para desbordarte de placer.<\/li>\n<\/ul>\n<p>SILICONA EXTRA-SUAVE<\/p>\n<ul>\n<li>Con silicona pr\u00e9mium extra-suave y biocompatible tan higi\u00e9nica como placentera al tacto.<\/li>\n<\/ul>\n<p>COMPLETAMENTE SUMERGIBLE Y RECARGABLE<\/p>\n<ul>\n<li>Con el cable de recarga USB, podr\u00e1s llevar y usar tu SORAYA WAVE all\u00e1 donde vayas. Adem\u00e1s, al ser sumergible, tambi\u00e9n es incre\u00edblemente f\u00e1cil de limpiar.<\/li>\n<\/ul>\n<p>Caracter\u00edsticas t\u00e9cnicas:\u00a0<\/p>\n<ul>\n<li>Material: ABS y silicona biocompatible<\/li>\n<li>Tama\u00f1o: 220 x 75 x 44 mm<\/li>\n<li>Longitud insertable: 110 mm<\/li>\n<li>Peso: 186 g<\/li>\n<li>Bater\u00eda: Li-Ion 850mAh 3.7V<\/li>\n<li>Tiempo de carga: 2 horas a 5,0 V 750mA\u00a0<\/li>\n<li>Tiempo de uso: Hasta 2 horas\u00a0<\/li>\n<li>Tiempo en espera: Hasta 90 d\u00edas<\/li>\n<li>Frecuencia: 120HZ\u00a0<\/li>\n<li>Interfaz: 3 botones<\/li>\n<\/ul>","protected":false},"excerpt":{"rendered":"<p>LELO &#8211; SORAYA WAVE VIBRATOR RABBIT MIDNIGHT BLUE<\/p>","protected":false},"featured_media":58449,"comment_status":"open","ping_status":"closed","template":"","meta":{"_eb_attr":""},"product_brand":[],"product_cat":[1152,1159,1251,1258],"product_tag":[],"class_list":{"0":"post-30652","1":"product","2":"type-product","3":"status-publish","4":"has-post-thumbnail","6":"product_cat-juguetes-bienestar","7":"product_cat-juguetes-bienestar-vibradores","8":"product_cat-juguetes-bienestar-vibradoresvibradores-hi-tech","9":"product_cat-juguetes-bienestar-vibradoresvibradores-rabbit","10":"yith_product_brand-lelo","12":"first","13":"instock","14":"taxable","15":"shipping-taxable","16":"purchasable","17":"product-type-simple"},"_links":{"self":[{"href":"https:\/\/www.bananatreeshop.com\/pt\/wp-json\/wp\/v2\/product\/30652","targetHints":{"allow":["GET"]}}],"collection":[{"href":"https:\/\/www.bananatreeshop.com\/pt\/wp-json\/wp\/v2\/product"}],"about":[{"href":"https:\/\/www.bananatreeshop.com\/pt\/wp-json\/wp\/v2\/types\/product"}],"replies":[{"embeddable":true,"href":"https:\/\/www.bananatreeshop.com\/pt\/wp-json\/wp\/v2\/comments?post=30652"}],"wp:featuredmedia":[{"embeddable":true,"href":"https:\/\/www.bananatreeshop.com\/pt\/wp-json\/wp\/v2\/media\/58449"}],"wp:attachment":[{"href":"https:\/\/www.bananatreeshop.com\/pt\/wp-json\/wp\/v2\/media?parent=30652"}],"wp:term":[{"taxonomy":"product_brand","embeddable":true,"href":"https:\/\/www.bananatreeshop.com\/pt\/wp-json\/wp\/v2\/product_brand?post=30652"},{"taxonomy":"product_cat","embeddable":true,"href":"https:\/\/www.bananatreeshop.com\/pt\/wp-json\/wp\/v2\/product_cat?post=30652"},{"taxonomy":"product_tag","embeddable":true,"href":"https:\/\/www.bananatreeshop.com\/pt\/wp-json\/wp\/v2\/product_tag?post=30652"}],"curies":[{"name":"wp","href":"https:\/\/api.w.org\/{rel}","templated":true}]}}