{"id":30668,"date":"2025-07-17T08:01:43","date_gmt":"2025-07-17T08:01:43","guid":{"rendered":"https:\/\/www.bananatreeshop.com\/?post_type=product&#038;p=30668"},"modified":"2026-04-05T09:55:54","modified_gmt":"2026-04-05T09:55:54","slug":"satisfyer-wander-woman-black","status":"publish","type":"product","link":"https:\/\/www.bananatreeshop.com\/pt\/produto\/satisfyer-wander-woman-black\/","title":{"rendered":"SATISFYER &#8211; WANDER WOMAN NEGRO"},"content":{"rendered":"<div>\n<p>Tentadores masajes en formato XXL<\/p>\n<p>Una seductora relajaci\u00f3n<\/p>\n<p>Espejito, espejito, por qu\u00e9 estoy tan tensa? Tu nuevo masajeador de Satisfyer est\u00e1 dispuesto a ayudarte: \u00a1por fin alguien que no se queja cuando pides un masaje interminable! Con su impresionante tama\u00f1o XXL y mucha potencia oculta tras su atractivo cabezal de silicona, Wand-er Woman resuelve todos los problemas y tensiones sin olvidarse, por supuesto, de calmar la sed de orgasmos. El tallo del masajeador es de silicona m\u00e9dica, por lo que ofrece un contacto con la piel especialmente suave y delicado. Adem\u00e1s, su cabezal redondeado alcanza perfectamente todas las partes del cuerpo que ans\u00edan relajaci\u00f3n. Relax en solitario o la coronaci\u00f3n de una rom\u00e1ntica sesi\u00f3n de wellness en pareja? Satisfyer Wand-er Woman ofrece una magia relajante que le hace quedar bien en cualquier situaci\u00f3n.<\/p>\n<p>Loosen Up!<\/p>\n<p>Con toda la potencia de sus 50 combinaciones vibratorias, Wand-er Woman elimina cualquier tensi\u00f3n que se le ponga por delante. Para ello puedes elegir entre 10 patrones de vibraci\u00f3n que se pueden combinar cada uno con 5 intensidades diferentes: \u00a1as\u00ed ning\u00fan deseo vibrante quedar\u00e1 insatisfecho!<\/p>\n<p><u><strong>Caracter\u00edsticas<\/strong><\/u>:<\/p>\n<ul>\n<li>Estimulantes masajes del cuerpo entero<\/li>\n<li>Impresionante tama\u00f1o XXL<\/li>\n<li>50 combinaciones vibratorias<\/li>\n<li>Modo susurro<\/li>\n<li>Estanco IPX7<\/li>\n<li>Resistente al agua<\/li>\n<li>F\u00e1cil de limpiar<\/li>\n<li>Bater\u00eda de iones de litio<\/li>\n<li>Carga magnetica por USB<\/li>\n<\/ul>\n<\/div>","protected":false},"excerpt":{"rendered":"<p>SATISFYER &#8211; WANDER WOMAN BLACK<\/p>","protected":false},"featured_media":85928,"comment_status":"open","ping_status":"closed","template":"","meta":{"_eb_attr":""},"product_brand":[],"product_cat":[1152,1268,1159],"product_tag":[],"class_list":{"0":"post-30668","1":"product","2":"type-product","3":"status-publish","4":"has-post-thumbnail","6":"product_cat-juguetes-bienestar","7":"product_cat-juguetes-bienestar-vibradoresvibrador-wand","8":"product_cat-juguetes-bienestar-vibradores","9":"yith_product_brand-satisfyer","10":"yith_product_brand-satisfyer-satisfyer-wand","12":"first","13":"instock","14":"taxable","15":"shipping-taxable","16":"purchasable","17":"product-type-simple"},"_links":{"self":[{"href":"https:\/\/www.bananatreeshop.com\/pt\/wp-json\/wp\/v2\/product\/30668","targetHints":{"allow":["GET"]}}],"collection":[{"href":"https:\/\/www.bananatreeshop.com\/pt\/wp-json\/wp\/v2\/product"}],"about":[{"href":"https:\/\/www.bananatreeshop.com\/pt\/wp-json\/wp\/v2\/types\/product"}],"replies":[{"embeddable":true,"href":"https:\/\/www.bananatreeshop.com\/pt\/wp-json\/wp\/v2\/comments?post=30668"}],"wp:featuredmedia":[{"embeddable":true,"href":"https:\/\/www.bananatreeshop.com\/pt\/wp-json\/wp\/v2\/media\/85928"}],"wp:attachment":[{"href":"https:\/\/www.bananatreeshop.com\/pt\/wp-json\/wp\/v2\/media?parent=30668"}],"wp:term":[{"taxonomy":"product_brand","embeddable":true,"href":"https:\/\/www.bananatreeshop.com\/pt\/wp-json\/wp\/v2\/product_brand?post=30668"},{"taxonomy":"product_cat","embeddable":true,"href":"https:\/\/www.bananatreeshop.com\/pt\/wp-json\/wp\/v2\/product_cat?post=30668"},{"taxonomy":"product_tag","embeddable":true,"href":"https:\/\/www.bananatreeshop.com\/pt\/wp-json\/wp\/v2\/product_tag?post=30668"}],"curies":[{"name":"wp","href":"https:\/\/api.w.org\/{rel}","templated":true}]}}