{"id":30932,"date":"2025-07-10T07:00:10","date_gmt":"2025-07-10T07:00:10","guid":{"rendered":"https:\/\/www.bananatreeshop.com\/?post_type=product&#038;p=30932"},"modified":"2026-04-17T04:01:45","modified_gmt":"2026-04-17T04:01:45","slug":"satisfyer-sweet-treat-spinnator-black","status":"publish","type":"product","link":"https:\/\/www.bananatreeshop.com\/pt\/produto\/satisfyer-sweet-treat-spinnator-black\/","title":{"rendered":"SATISFYER &#8211; SWEET TREAT SPINNATOR NEGRO"},"content":{"rendered":"<p>Date un placer con una sensaci\u00f3n completamente nueva. Las suaves costillas giratorias de silicona excitan el cl\u00edtoris con una intensidad delicada pero firme. Utiliza este tierno capricho con tu lubricante favorito y sum\u00e9rgete en un estimulante viaje de \u00e9xtasis.<\/p>\n<ul>\n<li>Las costillas giratorias proporcionan simult\u00e1neamente una estimulaci\u00f3n del cl\u00edtoris suave pero intensa<\/li>\n<li>Hecho de silicona de grado m\u00e9dico, s\u00faper suave y respetuosa con la piel, suave al tacto y extremadamente higi\u00e9nica<\/li>\n<li>Gracias a su acabado impermeable (IPX7), este juguete se puede utilizar de forma segura en el agua y es f\u00e1cil de limpiar<\/li>\n<li>Garant\u00eda de 15 a\u00f1os<\/li>\n<li>Estimulaci\u00f3n del cl\u00edtoris mediante potentes vibraciones 10 programas de vibraci\u00f3n<\/li>\n<li>Modo susurro<\/li>\n<li>Impermeable hasta clasificaci\u00f3n IPX7<\/li>\n<li>Silicona respetuosa con la piel<\/li>\n<li>F\u00e1cil de limpiar<\/li>\n<li>Bater\u00eda de iones de litio<\/li>\n<li>Incluye cable de carga magn\u00e9tico USB<\/li>\n<\/ul>\n<p><u><strong>Especificaciones<\/strong><\/u>:<\/p>\n<ul>\n<li>11 funciones de rotaci\u00f3n<\/li>\n<li>Ancho: 56 mm<\/li>\n<li>Longitud: 104 mm<\/li>\n<li>Adecuado para: mujeres<\/li>\n<li>Estimulaci\u00f3n: Cl\u00edtoris<\/li>\n<li>Impermeable: S\u00ed<\/li>\n<li>Bater\u00eda: Bater\u00eda<\/li>\n<li>Material: pl\u00e1stico ABS, silicona<\/li>\n<\/ul>","protected":false},"excerpt":{"rendered":"<p>SATISFYER &#8211; SWEET TREAT SPINNATOR BLACK<\/p>","protected":false},"featured_media":62862,"comment_status":"open","ping_status":"closed","template":"","meta":{"_eb_attr":""},"product_brand":[],"product_cat":[1250,1152,1153,1260],"product_tag":[],"class_list":{"0":"post-30932","1":"product","2":"type-product","3":"status-publish","4":"has-post-thumbnail","6":"product_cat-juguetes-bienestar-juguetes-para-mujeresestimuladores","7":"product_cat-juguetes-bienestar","8":"product_cat-juguetes-bienestar-juguetes-para-mujeres","9":"product_cat-juguetes-bienestar-juguetes-para-mujeresestimuladorespara-clitoris","10":"pa_color-negro","11":"pa_color-rosa","12":"pa_talla-talla-1","13":"yith_product_brand-satisfyer","14":"yith_product_brand-satisfyer-satisfyer-spinnator","16":"first","17":"instock","18":"taxable","19":"shipping-taxable","20":"purchasable","21":"product-type-variable","22":"has-default-attributes"},"_links":{"self":[{"href":"https:\/\/www.bananatreeshop.com\/pt\/wp-json\/wp\/v2\/product\/30932","targetHints":{"allow":["GET"]}}],"collection":[{"href":"https:\/\/www.bananatreeshop.com\/pt\/wp-json\/wp\/v2\/product"}],"about":[{"href":"https:\/\/www.bananatreeshop.com\/pt\/wp-json\/wp\/v2\/types\/product"}],"replies":[{"embeddable":true,"href":"https:\/\/www.bananatreeshop.com\/pt\/wp-json\/wp\/v2\/comments?post=30932"}],"wp:featuredmedia":[{"embeddable":true,"href":"https:\/\/www.bananatreeshop.com\/pt\/wp-json\/wp\/v2\/media\/62862"}],"wp:attachment":[{"href":"https:\/\/www.bananatreeshop.com\/pt\/wp-json\/wp\/v2\/media?parent=30932"}],"wp:term":[{"taxonomy":"product_brand","embeddable":true,"href":"https:\/\/www.bananatreeshop.com\/pt\/wp-json\/wp\/v2\/product_brand?post=30932"},{"taxonomy":"product_cat","embeddable":true,"href":"https:\/\/www.bananatreeshop.com\/pt\/wp-json\/wp\/v2\/product_cat?post=30932"},{"taxonomy":"product_tag","embeddable":true,"href":"https:\/\/www.bananatreeshop.com\/pt\/wp-json\/wp\/v2\/product_tag?post=30932"}],"curies":[{"name":"wp","href":"https:\/\/api.w.org\/{rel}","templated":true}]}}