{"id":31215,"date":"2025-07-09T04:01:56","date_gmt":"2025-07-09T04:01:56","guid":{"rendered":"https:\/\/www.bananatreeshop.com\/?post_type=product&#038;p=31215"},"modified":"2026-04-02T20:00:35","modified_gmt":"2026-04-02T20:00:35","slug":"harness-attraction-rnes-murdock-19-8-15-cm-o-4-cm","status":"publish","type":"product","link":"https:\/\/www.bananatreeshop.com\/pt\/produto\/harness-attraction-rnes-murdock-19-8-15-cm-o-4-cm\/","title":{"rendered":"HARNESS ATTRACTION &#8211; ARN\u00c9S  MURDOCK 19.8 + 15 CM -O- 4 CM"},"content":{"rendered":"<p>Harness Attraction es la colecci\u00f3n de arneses m\u00e1s completa!\u00a0 Real\u00edsticos, rotadores, con vibraci\u00f3n, huecos etc.. Ahora es la oportunidad de realizar tus fantas\u00edas con la total Garant\u00eda de Harness Attracion. Calidad cuidadosamente revisada para un resultado de perfecto.<\/p>\n<p>Este arn\u00e9s de Harness Attraction est\u00e1 dotado de dos\u00a0penes real\u00edsticos intercambiables, con unas formas muy bien dise\u00f1adas para mejorar el placer en las relaciones.<\/p>\n<p>Gracias a su sistema de correa, adem\u00e1s de adecuarse en muchas cinturas, se mantiene en su sitio durante toda la actividad.<\/p>\n<p>El sistema \u00a0\u00a0Harness click\u00a0\u00a0es un tipo de encaje patentado por Harness Attraction, con el cual podr\u00e1s intercambiar infinidad de penes y dongs al mismo arn\u00e9s.<\/p>\n<ul>\n<li>Pene real\u00edstico Tpr libre de Phalatos<\/li>\n<li>Arn\u00e9s de neopreno y cuero vegano.\u00a0<\/li>\n<li>Suave y sedoso al tacto<\/li>\n<li>Medidas del Pene real\u00edstico 1 ; \u00a019.8\u00a0x 4cm<\/li>\n<li>Medidas del Pene real\u00edstico 2\u00a0; \u00a015\u00a0x 4cm<\/li>\n<\/ul>\n<p>Este arn\u00e9s est\u00e1 pensado para el uso de mujeres y hombres indistintamente.<\/p>","protected":false},"excerpt":{"rendered":"<p>HARNESS ATTRACTION &#8211; MURDOCK 1 + 1 DONG FLESH 19.8 + 15 CM -O- 4 CM<\/p>","protected":false},"featured_media":57066,"comment_status":"open","ping_status":"closed","template":"","meta":{"_eb_attr":""},"product_brand":[],"product_cat":[1220,1221,1152],"product_tag":[],"class_list":{"0":"post-31215","1":"product","2":"type-product","3":"status-publish","4":"has-post-thumbnail","6":"product_cat-juguetes-bienestar-arneses","7":"product_cat-juguetes-bienestar-arnesesarneses-sin-vibracion","8":"product_cat-juguetes-bienestar","9":"yith_product_brand-harness-attraction","11":"first","12":"instock","13":"taxable","14":"shipping-taxable","15":"purchasable","16":"product-type-simple"},"_links":{"self":[{"href":"https:\/\/www.bananatreeshop.com\/pt\/wp-json\/wp\/v2\/product\/31215","targetHints":{"allow":["GET"]}}],"collection":[{"href":"https:\/\/www.bananatreeshop.com\/pt\/wp-json\/wp\/v2\/product"}],"about":[{"href":"https:\/\/www.bananatreeshop.com\/pt\/wp-json\/wp\/v2\/types\/product"}],"replies":[{"embeddable":true,"href":"https:\/\/www.bananatreeshop.com\/pt\/wp-json\/wp\/v2\/comments?post=31215"}],"wp:featuredmedia":[{"embeddable":true,"href":"https:\/\/www.bananatreeshop.com\/pt\/wp-json\/wp\/v2\/media\/57066"}],"wp:attachment":[{"href":"https:\/\/www.bananatreeshop.com\/pt\/wp-json\/wp\/v2\/media?parent=31215"}],"wp:term":[{"taxonomy":"product_brand","embeddable":true,"href":"https:\/\/www.bananatreeshop.com\/pt\/wp-json\/wp\/v2\/product_brand?post=31215"},{"taxonomy":"product_cat","embeddable":true,"href":"https:\/\/www.bananatreeshop.com\/pt\/wp-json\/wp\/v2\/product_cat?post=31215"},{"taxonomy":"product_tag","embeddable":true,"href":"https:\/\/www.bananatreeshop.com\/pt\/wp-json\/wp\/v2\/product_tag?post=31215"}],"curies":[{"name":"wp","href":"https:\/\/api.w.org\/{rel}","templated":true}]}}