{"id":31416,"date":"2025-07-09T04:01:17","date_gmt":"2025-07-09T04:01:17","guid":{"rendered":"https:\/\/www.bananatreeshop.com\/?post_type=product&#038;p=31416"},"modified":"2026-04-15T17:03:54","modified_gmt":"2026-04-15T17:03:54","slug":"satisfyer-mono-flex-red-with-app","status":"publish","type":"product","link":"https:\/\/www.bananatreeshop.com\/pt\/produto\/satisfyer-mono-flex-red-with-app\/","title":{"rendered":"SATISFYER MONO FLEX ROSA CON APP"},"content":{"rendered":"<p>FUNCIONES SENSACIONALES EN NUESTRA APLICACI\u00d3N SENSACIONAL<\/p>\n<ul>\n<li>Seguridad de datos 100% de seguridad de datos<\/li>\n<\/ul>\n<p>Debido a la interacci\u00f3n exitosa del bienestar sexual y la tecnolog\u00eda, la aplicaci\u00f3n Satisfyer Connect gan\u00f3 el premio CES TWICE Picks, reconocido mundialmente. El jurado del CES elogi\u00f3 especialmente la programaci\u00f3n h\u00e1ptica, la detecci\u00f3n de movimiento y la posibilidad de crear nuevos programas de vibraci\u00f3n.<\/p>\n<ul>\n<li>El CES TWICE Ticks Award solo se otorga a los mejores bienes de consumo del mundo.<\/li>\n<\/ul>\n<p>\u00a1Forma parte de R-Love-ution y descarga la aplicaci\u00f3n gratuita Satisfyer Connect en tu tel\u00e9fono inteligente! Experimente aventuras divertidas: control remoto y funciones exclusivas como programaci\u00f3n h\u00e1ptica, programas de vibraci\u00f3n infinitamente ajustables individualmente, detecci\u00f3n de movimiento o incluso la interacci\u00f3n de varios juguetes conectados: \u00a1pru\u00e9belo y espere nuevas funciones geniales cada mes! \u00a1Simplemente descargue la aplicaci\u00f3n gratuita para Android o Apple iOs y la aplicaci\u00f3n est\u00e1 lista!<\/p>\n<p>Satisfyer present\u00f3 su nueva aplicaci\u00f3n revolucionaria en la feria de electr\u00f3nica de consumo m\u00e1s grande del mundo en Las Vegas &#8216;CES&#8217;:<\/p>\n<ul>\n<li>SATISFYER CONNECT<\/li>\n<\/ul>\n<p>Experimenta las vibraciones al ritmo de tu lista de reproducci\u00f3n en Spotify u otros servicios de transmisi\u00f3n.<\/p>\n<ul>\n<li>\u00a1VEN CON BLUETOOTH! THE R-LOVE-UTION DE SATISFYER APP-TOYS<\/li>\n<\/ul>\n<p>Use el micr\u00f3fono de su tel\u00e9fono m\u00f3vil para transformar el ruido ambiental en vibraciones.<\/p>\n<p>Vibraci\u00f3n de lista de reproducci\u00f3n Lista de reproducci\u00f3n de vibraciones<\/p>\n<p>Dise\u00f1e sus propias vibraciones y comp\u00e1rtalas con otros usuarios de todo el mundo si lo desea.<\/p>\n<p>Vibraci\u00f3n ambiental Vibraci\u00f3n ambiental<\/p>\n<p>La aplicaci\u00f3n cumple con todos los requisitos estrictos de protecci\u00f3n de datos alemana. \u00a1Adem\u00e1s, no es necesario registrarse! Satisfyer Connect no recopila ning\u00fan dato o comportamiento de uso. Por lo tanto, sus datos son 100% seguros en todo momento.<\/p>\n<p>Control remoto Control remoto<\/p>\n<p>Utilice su tel\u00e9fono m\u00f3vil o Apple Watch a trav\u00e9s de Bluetooth o Internet como control remoto para todos sus \/ su Satisfyer o Satisfyer de los dem\u00e1s (por supuesto, solo y si lo solicitan ambas partes). \u00a1O controle la satisfacci\u00f3n de otros usuarios en vivo en chats de video! Dise\u00f1ador de<\/p>\n<p>Dise\u00f1ador de vibracione<\/p>\n<p>UNA APLICACI\u00d3N, UN SINF\u00cdN DE DESTACADOS<\/p>\n<p>No debe perderse esto: \u00a1la nueva aplicaci\u00f3n Satisfyer Connect le ofrece oportunidades \u00fanicas! Es compatible con cualquier tel\u00e9fono inteligente, tableta Android o Apple y Apple Watch. Y lo mejor de todo: es gratis para usted y le esperan funciones nuevas y emocionantes cada mes. No es de extra\u00f1ar que la aplicaci\u00f3n Satisfyer Connect haya sido honrada en la feria de electr\u00f3nica de consumo m\u00e1s grande del mundo CES en Las Vegas.<\/p>\n<p>FUNCIONES SENSACIONALES EN NUESTRA APLICACI\u00d3N SENSACIONAL<\/p>\n<ul>\n<li>Seguridad de datos 100% de seguridad de datos<\/li>\n<\/ul>\n<p>La aplicaci\u00f3n cumple con todos los requisitos estrictos de protecci\u00f3n de datos alemana. \u00a1Adem\u00e1s, no es necesario registrarse! Satisfyer Connect no recopila ning\u00fan dato o comportamiento de uso. Por lo tanto, sus datos son 100% seguros en todo momento.<\/p>\n<p>Control remoto Control remoto<\/p>\n<p>Utilice su tel\u00e9fono m\u00f3vil o Apple Watch a trav\u00e9s de Bluetooth o Internet como control remoto para todos sus \/ su Satisfyer o Satisfyer de los dem\u00e1s (por supuesto, solo y si lo solicitan ambas partes). \u00a1O controle la satisfacci\u00f3n de otros usuarios en vivo en chats de video! Dise\u00f1ador de<\/p>\n<ul>\n<li>Dise\u00f1ador de vibraciones<\/li>\n<\/ul>\n<p>Dise\u00f1e sus propias vibraciones y comp\u00e1rtalas con otros usuarios de todo el mundo si lo desea.<\/p>\n<ul>\n<li>Vibraci\u00f3n ambiental Vibraci\u00f3n ambiental<\/li>\n<\/ul>\n<p>Use el micr\u00f3fono de su tel\u00e9fono m\u00f3vil para transformar el ruido ambiental en vibraciones.<\/p>\n<ul>\n<li>Vibraci\u00f3n de lista de reproducci\u00f3n Lista de reproducci\u00f3n de vibraciones<\/li>\n<\/ul>\n<p>Experimenta las vibraciones al ritmo de tu lista de reproducci\u00f3n en Spotify u otros servicios de transmisi\u00f3n.<\/p>\n<ul>\n<li>\u00a1VEN CON BLUETOOTH! THE R-LOVE-UTION DE SATISFYER APP-TOYS<\/li>\n<\/ul>\n<p>\u00a1Forma parte de R-Love-ution y descarga la aplicaci\u00f3n gratuita Satisfyer Connect en tu tel\u00e9fono inteligente! Experimente aventuras divertidas: control remoto y funciones exclusivas como programaci\u00f3n h\u00e1ptica, programas de vibraci\u00f3n infinitamente ajustables individualmente, detecci\u00f3n de movimiento o incluso la interacci\u00f3n de varios juguetes conectados: \u00a1pru\u00e9belo y espere nuevas funciones geniales cada mes! \u00a1Simplemente descargue la aplicaci\u00f3n gratuita para Android o Apple iOs y la aplicaci\u00f3n est\u00e1 lista!<\/p>\n<p>Satisfyer present\u00f3 su nueva aplicaci\u00f3n revolucionaria en la feria de electr\u00f3nica de consumo m\u00e1s grande del mundo en Las Vegas &#8216;CES&#8217;:<\/p>\n<ul>\n<li>SATISFYER CONNECT<\/li>\n<\/ul>\n<p>Debido a la interacci\u00f3n exitosa del bienestar sexual y la tecnolog\u00eda, la aplicaci\u00f3n Satisfyer Connect gan\u00f3 el premio CES TWICE Picks, reconocido mundialmente. El jurado del CES elogi\u00f3 especialmente la programaci\u00f3n h\u00e1ptica, la detecci\u00f3n de movimiento y la posibilidad de crear nuevos programas de vibraci\u00f3n.<\/p>\n<p>El CES TWICE Ticks Award solo se otorga a los mejores bienes de consumo del mundo.<\/p>\n<p>El Mono Flex es un vibrador de alta flexibilidad que se adapta f\u00e1cilmente a la anatom\u00eda y curvas sensuales \u00fanicas de una mujer.<\/p>\n<p>Dotado de dos potentes motores independientes ubicados dentro del eje de silicona seguro para todo el cuerpo m\u00e1s una punta flexible, este es el producto perfecto para aquellos que anhelan experimentar el \u00e9xtasis del orgasmo combinado.<\/p>\n<p>El placer discreto nunca ha sido m\u00e1s f\u00e1cil que con el Mono Flex con sus vibraciones silenciosas.<\/p>\n<p>Dentro o fuera de la ducha, este ambiente a prueba de agua ser\u00e1 un refugio seguro de placer sin pretensiones para saborear esos momentos sensuales solo o como una herramienta perfecta para tu pareja.<\/p>\n<ul>\n<li>Tama\u00f1o: 204x44x58,3mm<\/li>\n<li>Peso: 185g<\/li>\n<li>Bater\u00eda: bater\u00eda de pol\u00edmero de litio<\/li>\n<li>Material: ABS, Silicona.<\/li>\n<\/ul>\n<ul>\n<li>\u00a1DALE PODER!<\/li>\n<\/ul>\n<p>Su juguete est\u00e1 equipado con bater\u00edas integradas y, por lo tanto, es recargable con el medio ambiente. Si es necesario, el cable de carga magn\u00e9tico USB incluido se puede complementar con un enchufe de red est\u00e1ndar de 5V.<\/p>\n<ul>\n<li>MATERIAL Y CUIDADO<\/li>\n<\/ul>\n<p>La cabeza de su juguete impermeable est\u00e1 hecha de silicona m\u00e9dica suave y sedosa, que es extremadamente resbaladiza y absorbe el calor de su cuerpo r\u00e1pidamente. El juguete se puede limpiar f\u00e1cilmente con un poco de jab\u00f3n bajo agua tibia. Con un poco de limpiador desinfectante para juguetes, puede garantizar una higiene especialmente profunda despu\u00e9s, idealmente con el spray de desinfecci\u00f3n perfectamente coordinado de Satisfyer. Para obtener el m\u00e1ximo placer, use siempre su juguete con uno de los lubricantes a base de agua de Satisfyer que se adaptan perfectamente al producto. Est\u00e1n disponibles en las versiones cl\u00e1sica, sedosa y c\u00e1lida. La composici\u00f3n vegana a base de agua protege el material y mantiene la superficie de su juguete agradable y suave.<\/p>\n<ul>\n<li>LA MARCA SATISFYER<\/li>\n<\/ul>\n<p>Satisfyer: \u00a1mucho m\u00e1s que una marca alemana! Todo comenz\u00f3 con la estimulaci\u00f3n sin contacto del cl\u00edtoris gracias a la tecnolog\u00eda innovadora y patentada de ondas de presi\u00f3n; mientras tanto, la marca l\u00edder mundial de bienestar sexual enriquece la vida amorosa de m\u00e1s de 25,000,000 millones de mujeres, hombres y parejas en m\u00e1s de 100 pa\u00edses con una amplia gama de productos, as\u00ed como siempre nuevas ideas y las m\u00e1s modernas. Tecnolog\u00edas Con caracter\u00edsticas de calidad como silicona de alta calidad, una garant\u00eda de 15 a\u00f1os, mano de obra herm\u00e9tica y motores potentes, la exitosa marca alemana siempre est\u00e1 dispuesta a combinar tecnolog\u00eda con dise\u00f1o excepcional en sus productos. Solo en los \u00faltimos 3 a\u00f1os, Satisfyer ha ganado m\u00e1s de 140 premios internacionales de dise\u00f1o como ninguna otra compa\u00f1\u00eda.<\/p>","protected":false},"excerpt":{"rendered":"<p>SATISFYER &#8211; MONO FLEX RED WITH APP<\/p>","protected":false},"featured_media":56962,"comment_status":"open","ping_status":"closed","template":"","meta":{"_eb_attr":""},"product_brand":[],"product_cat":[1152,1159,1216,1251],"product_tag":[],"class_list":{"0":"post-31416","1":"product","2":"type-product","3":"status-publish","4":"has-post-thumbnail","6":"product_cat-juguetes-bienestar","7":"product_cat-juguetes-bienestar-vibradores","8":"product_cat-juguetes-bienestar-vibradoresvibradores-con-app","9":"product_cat-juguetes-bienestar-vibradoresvibradores-hi-tech","10":"pa_color-rojo","11":"pa_color-rosa","12":"pa_talla-talla-1","13":"yith_product_brand-satisfyer","14":"yith_product_brand-satisfyer-satisfyer-connect","16":"first","17":"instock","18":"taxable","19":"shipping-taxable","20":"purchasable","21":"product-type-variable","22":"has-default-attributes"},"_links":{"self":[{"href":"https:\/\/www.bananatreeshop.com\/pt\/wp-json\/wp\/v2\/product\/31416","targetHints":{"allow":["GET"]}}],"collection":[{"href":"https:\/\/www.bananatreeshop.com\/pt\/wp-json\/wp\/v2\/product"}],"about":[{"href":"https:\/\/www.bananatreeshop.com\/pt\/wp-json\/wp\/v2\/types\/product"}],"replies":[{"embeddable":true,"href":"https:\/\/www.bananatreeshop.com\/pt\/wp-json\/wp\/v2\/comments?post=31416"}],"wp:featuredmedia":[{"embeddable":true,"href":"https:\/\/www.bananatreeshop.com\/pt\/wp-json\/wp\/v2\/media\/56962"}],"wp:attachment":[{"href":"https:\/\/www.bananatreeshop.com\/pt\/wp-json\/wp\/v2\/media?parent=31416"}],"wp:term":[{"taxonomy":"product_brand","embeddable":true,"href":"https:\/\/www.bananatreeshop.com\/pt\/wp-json\/wp\/v2\/product_brand?post=31416"},{"taxonomy":"product_cat","embeddable":true,"href":"https:\/\/www.bananatreeshop.com\/pt\/wp-json\/wp\/v2\/product_cat?post=31416"},{"taxonomy":"product_tag","embeddable":true,"href":"https:\/\/www.bananatreeshop.com\/pt\/wp-json\/wp\/v2\/product_tag?post=31416"}],"curies":[{"name":"wp","href":"https:\/\/api.w.org\/{rel}","templated":true}]}}