{"id":31466,"date":"2025-07-08T16:01:49","date_gmt":"2025-07-08T16:01:49","guid":{"rendered":"https:\/\/www.bananatreeshop.com\/?post_type=product&#038;p=31466"},"modified":"2026-04-14T17:02:57","modified_gmt":"2026-04-14T17:02:57","slug":"rithual-anusara-dual-rechargeable-engine-2-0-orchid","status":"publish","type":"product","link":"https:\/\/www.bananatreeshop.com\/pt\/produto\/rithual-anusara-dual-rechargeable-engine-2-0-orchid\/","title":{"rendered":"RITHUAL &#8211; ANUSARA MOTOR DUAL RECARGABLE 2.0 ORQUIDEA"},"content":{"rendered":"<p> Entrar en la gama de art\u00edculos para adultos Rithual es un aut\u00e9ntico ritual del placer. <\/p>\n<p> Anusara es un vibrador desarrollado en silicona m\u00e9dica de alta calidad y segura para el cuerpo. <\/p>\n<p> Su tacto es muy suave, posee un dise\u00f1o de eje corto y curvo con estimulador de cl\u00edtoris y Punto G a la vez, amplio y flexible para brindarle placer doble. Dispone de 2 motores potentes que pueden usar por separado, 10 velocidades de vibraci\u00f3n 10 patrones diferentes con un di\u00e1metro considerable, que junto con su eje lograr\u00e1n un ajuste perfecto. Apto para el sexo anal. \u00a1Mientras insertas el eje en el ano, puedes colocar el poderoso estimulador clitorial contra el perineo y disfrutar del deleite &#8230; y todo sin apenas esfuerzo! <\/p>\n<p> Su mango ergon\u00f3mico se adapta perfectamente a la mano. La carga inicial ser\u00e1 de 6-8 horas para brindarte 30-60 minutos de gozo dependiendo de la velocidad. Resistente al agua y recargable con cargador usb incluido. <\/p>\n<ul>\n<li> Fabricado en silicona m\u00e9dica de alta calidad. <\/li>\n<li> Sumergible. <\/li>\n<li> Recargable, usb incluido <\/li>\n<li> Mango ergon\u00f3mico <\/li>\n<li> Estimulador del Punto G y cl\u00edtoris. <\/li>\n<li> Luz indicadora de carga. <\/li>\n<li> Tiempo de carga entre 6-8 horas. <\/li>\n<li> 30-60 minutos de placer dependiendo de la velocidad. <\/li>\n<li> Silencioso y discreto. <\/li>\n<li> Funci\u00f3n de bloqueo para viaje. <\/li>\n<li> 10 Modos de vibraci\u00f3n. <\/li>\n<\/ul>\n<p> <strong>CARGA<\/strong> <\/p>\n<p> Su juguete est\u00e1 equipado con bater\u00edas integradas y, por lo tanto, es recargable con el medio ambiente. Si es necesario, el cable de carga magn\u00e9tico USB incluido se puede complementar con un enchufe de red est\u00e1ndar de 5V. <\/p>\n<p> <strong>MATERIAL Y CUIDADO<\/strong> <\/p>\n<p> Se recomienda usar lubricante de base acuosa waterfeel para mejor inserci\u00f3n y cuidado del producto, ya que otros lubricantes podr\u00edan da\u00f1ar el juguete. Limpie cuidadosamente el juguete antes del primer uso y despu\u00e9s de cada uso. <\/p>\n<p> Anusara est\u00e1 fabricado en silicona m\u00e9dica suave y sedosa, que es extremadamente resbaladiza y absorbe el calor de su cuerpo r\u00e1pidamente. El juguete se puede limpiar f\u00e1cilmente con un poco de jab\u00f3n y agua tibia. Con un poco de limpiador desinfectante para juguetes, puede garantizar una higiene especialmente profunda despu\u00e9s, idealmente con el spray de desinfecci\u00f3n perfectamente coordinado de Waterfeel. Para obtener el m\u00e1ximo placer, use siempre su juguete con uno de los lubricantes a base de agua de Waterfeel que se adaptan perfectamente al producto. La composici\u00f3n vegana a base de agua protege el material y mantiene la superficie de su juguete agradable y suave. <\/p>\n<p> <strong>RITUAL DE LA MARCA<\/strong> <\/p>\n<p> Rithual es filosof\u00eda de salud, placer y bienestar. Cuidadosamente preparada para potenciar la felicidad personal y el bienestar del ser humano. La marca es l\u00edder de ventas con Rithual Shushu, por ello el lanzamiento de nuevos juguetes complementarios todo objeto de placer para una vida m\u00e1s saludable y m\u00e1s feliz gracias a la satisfacci\u00f3n sexual. Garant\u00eda total de 2 a\u00f1os en todos los juguetes Rithual rel\u00e9 un placer seguro. <\/p>","protected":false},"excerpt":{"rendered":"<p>RITUAL ANUSARA DOBLE MOTOR RECARGABLE 2.0 ORQUIDEA<\/p>","protected":false},"featured_media":53835,"comment_status":"open","ping_status":"closed","template":"","meta":{"_eb_attr":""},"product_brand":[],"product_cat":[1160,1152,1159],"product_tag":[],"class_list":{"0":"post-31466","1":"product","2":"type-product","3":"status-publish","4":"has-post-thumbnail","6":"product_cat-juguetes-bienestar-vibradores100-sumergible","7":"product_cat-juguetes-bienestar","8":"product_cat-juguetes-bienestar-vibradores","9":"pa_color-negro","10":"pa_color-orquidea","11":"pa_talla-talla-1","12":"yith_product_brand-rithual","14":"first","15":"instock","16":"taxable","17":"shipping-taxable","18":"purchasable","19":"product-type-variable","20":"has-default-attributes"},"_links":{"self":[{"href":"https:\/\/www.bananatreeshop.com\/pt\/wp-json\/wp\/v2\/product\/31466","targetHints":{"allow":["GET"]}}],"collection":[{"href":"https:\/\/www.bananatreeshop.com\/pt\/wp-json\/wp\/v2\/product"}],"about":[{"href":"https:\/\/www.bananatreeshop.com\/pt\/wp-json\/wp\/v2\/types\/product"}],"replies":[{"embeddable":true,"href":"https:\/\/www.bananatreeshop.com\/pt\/wp-json\/wp\/v2\/comments?post=31466"}],"wp:featuredmedia":[{"embeddable":true,"href":"https:\/\/www.bananatreeshop.com\/pt\/wp-json\/wp\/v2\/media\/53835"}],"wp:attachment":[{"href":"https:\/\/www.bananatreeshop.com\/pt\/wp-json\/wp\/v2\/media?parent=31466"}],"wp:term":[{"taxonomy":"product_brand","embeddable":true,"href":"https:\/\/www.bananatreeshop.com\/pt\/wp-json\/wp\/v2\/product_brand?post=31466"},{"taxonomy":"product_cat","embeddable":true,"href":"https:\/\/www.bananatreeshop.com\/pt\/wp-json\/wp\/v2\/product_cat?post=31466"},{"taxonomy":"product_tag","embeddable":true,"href":"https:\/\/www.bananatreeshop.com\/pt\/wp-json\/wp\/v2\/product_tag?post=31466"}],"curies":[{"name":"wp","href":"https:\/\/api.w.org\/{rel}","templated":true}]}}