{"id":31477,"date":"2025-07-10T07:00:31","date_gmt":"2025-07-10T07:00:31","guid":{"rendered":"https:\/\/www.bananatreeshop.com\/?post_type=product&#038;p=31477"},"modified":"2026-04-17T04:02:13","modified_gmt":"2026-04-17T04:02:13","slug":"rithual-nisha-rechargeable-vibrating-kegel-balls-orchid","status":"publish","type":"product","link":"https:\/\/www.bananatreeshop.com\/pt\/produto\/rithual-nisha-rechargeable-vibrating-kegel-balls-orchid\/","title":{"rendered":"RITHUAL &#8211; NISHA BOLAS KEGEL RECARGABLES VIBRADORAS ORQUIDEA"},"content":{"rendered":"<p> Nisha bolas vaginales recargables que ayudan a fortalecer el suelo p\u00e9lvico. Son un magn\u00edfico entrenador del suelo p\u00e9lvico, los expertos aseguran que el buen uso de las bolas chinas, contribuyen a prevenir problemas de salud como la incontinencia urinaria o el vaginismo, adem\u00e1s de mejorar la satisfacci\u00f3n sexual. <\/p>\n<p> El uso de las bolas chinas, acompa\u00f1ado de un gel espec\u00edfico ayudan a fortalecer la musculatura p\u00e9lvica y esto no solo puede proporcionar una mayor satisfacci\u00f3n en las relaciones, sino que tambi\u00e9n ayuda a evitar problemas y desgarros durante el parto. Caracter\u00edsticas Principales: <\/p>\n<ul>\n<li> Fabricado en silicona m\u00e9dica de alta calidad. <\/li>\n<li> IPX7 sumergible <\/li>\n<li> Potente <\/li>\n<li> Recargable, Cable usb incluido. <\/li>\n<li> Luz indicadora de carga. <\/li>\n<li> Tiempo de carga entre 6-8 horas. <\/li>\n<li> 40-120 minutos de placer dependiendo de la velocidad. <\/li>\n<li> Silencioso y discreto. <\/li>\n<li> No es poroso e hipoalerg\u00e9nico. <\/li>\n<li> 10 Modos de vibraci\u00f3n <\/li>\n<li> No poroso e hipoalerg\u00e9nico. <\/li>\n<\/ul>\n<p> <strong>CARGA<\/strong> <\/p>\n<p> Su juguete est\u00e1 equipado con bater\u00edas integradas y, por lo tanto, es recargable con el medio ambiente. Si es necesario, el cable de carga magn\u00e9tico USB incluido se puede complementar con un enchufe de red est\u00e1ndar de 5V. <\/p>\n<p> <strong>MATERIAL Y CUIDADO<\/strong> <\/p>\n<p> Se recomienda usar lubricante de base acuosa waterfeel para mejor inserci\u00f3n y cuidado del producto, ya que otros lubricantes podr\u00edan da\u00f1ar el juguete. Limpie cuidadosamente el juguete antes del primer uso y despu\u00e9s de cada uso. <\/p>\n<p> Nisha est\u00e1 fabricado en silicona m\u00e9dica suave y sedosa, que es extremadamente resbaladiza y absorbe r\u00e1pidamente el calor de su cuerpo. El juguete se puede limpiar f\u00e1cilmente con un poco de jab\u00f3n y agua tibia. Con un poco de limpiador desinfectante para juguetes, puede garantizar una higiene especialmente profunda despu\u00e9s, idealmente con el spray de desinfecci\u00f3n perfectamente coordinado de Waterfeel. Para obtener el m\u00e1ximo placer, use siempre su juguete con uno de los lubricantes a base de agua de Waterfeel que se adaptan perfectamente al producto. La composici\u00f3n vegana a base de agua protege el material y mantiene la superficie de su juguete agradable y suave. <\/p>\n<p> <strong>RITUAL DE LA MARCA<\/strong> <\/p>\n<p> Rithual es filosof\u00eda de salud, placer y bienestar. Cuidadosamente preparada para potenciar la felicidad personal y el bienestar del ser humano. La marca es l\u00edder de ventas con Rithual Shushu, por ello el lanzamiento de nuevos juguetes complementarios todo objeto de placer para una vida m\u00e1s saludable y m\u00e1s feliz gracias a la satisfacci\u00f3n sexual. Garant\u00eda total de 2 a\u00f1os en todos los juguetes Rithual rel\u00e9 un placer seguro. <\/p>","protected":false},"excerpt":{"rendered":"<p>RITUAL NISHA BOLAS KEGEL RECARGABLES ORQUIDEA<\/p>","protected":false},"featured_media":62888,"comment_status":"open","ping_status":"closed","template":"","meta":{"_eb_attr":""},"product_brand":[],"product_cat":[1256,1255,1257,1152,1153],"product_tag":[],"class_list":{"0":"post-31477","1":"product","2":"type-product","3":"status-publish","4":"has-post-thumbnail","6":"product_cat-juguetes-bienestar-juguetes-para-mujeresbolas-chinasbolas-basicas","7":"product_cat-juguetes-bienestar-juguetes-para-mujeresbolas-chinas","8":"product_cat-juguetes-bienestar-juguetes-para-mujeresbolas-chinasbolas-silicona","9":"product_cat-juguetes-bienestar","10":"product_cat-juguetes-bienestar-juguetes-para-mujeres","11":"pa_color-negro","12":"pa_color-orquidea","13":"pa_talla-talla-1","14":"yith_product_brand-rithual","16":"first","17":"instock","18":"taxable","19":"shipping-taxable","20":"purchasable","21":"product-type-variable","22":"has-default-attributes"},"_links":{"self":[{"href":"https:\/\/www.bananatreeshop.com\/pt\/wp-json\/wp\/v2\/product\/31477","targetHints":{"allow":["GET"]}}],"collection":[{"href":"https:\/\/www.bananatreeshop.com\/pt\/wp-json\/wp\/v2\/product"}],"about":[{"href":"https:\/\/www.bananatreeshop.com\/pt\/wp-json\/wp\/v2\/types\/product"}],"replies":[{"embeddable":true,"href":"https:\/\/www.bananatreeshop.com\/pt\/wp-json\/wp\/v2\/comments?post=31477"}],"wp:featuredmedia":[{"embeddable":true,"href":"https:\/\/www.bananatreeshop.com\/pt\/wp-json\/wp\/v2\/media\/62888"}],"wp:attachment":[{"href":"https:\/\/www.bananatreeshop.com\/pt\/wp-json\/wp\/v2\/media?parent=31477"}],"wp:term":[{"taxonomy":"product_brand","embeddable":true,"href":"https:\/\/www.bananatreeshop.com\/pt\/wp-json\/wp\/v2\/product_brand?post=31477"},{"taxonomy":"product_cat","embeddable":true,"href":"https:\/\/www.bananatreeshop.com\/pt\/wp-json\/wp\/v2\/product_cat?post=31477"},{"taxonomy":"product_tag","embeddable":true,"href":"https:\/\/www.bananatreeshop.com\/pt\/wp-json\/wp\/v2\/product_tag?post=31477"}],"curies":[{"name":"wp","href":"https:\/\/api.w.org\/{rel}","templated":true}]}}