{"id":31479,"date":"2025-07-17T08:01:48","date_gmt":"2025-07-17T08:01:48","guid":{"rendered":"https:\/\/www.bananatreeshop.com\/?post_type=product&#038;p=31479"},"modified":"2026-04-04T05:02:21","modified_gmt":"2026-04-04T05:02:21","slug":"rithual-powerful-rechargeable-akasha-wand-2-0-orchid","status":"publish","type":"product","link":"https:\/\/www.bananatreeshop.com\/pt\/produto\/rithual-powerful-rechargeable-akasha-wand-2-0-orchid\/","title":{"rendered":"RITHUAL &#8211; AKASHA WAND RECARGABLE POTENTE 2.0 ORQUIDEA"},"content":{"rendered":"<p> Akasha Wand es un masajeador externo de tama\u00f1o discreto y cabeza muy flexible. Desarrollado en silicona m\u00e9dica de gran calidad, tiene una textura suave y aterciopelada. <\/p>\n<p> Incorpora un potente motor que ofrece hasta 20 modos de vibraci\u00f3n diferentes y 8 intensidades de velocidad. Una luz se ilumina cuando el masajeador est\u00e1 en funcionamiento. Recargable y totalmente sumergible. <\/p>\n<p> Su cabeza ergon\u00f3mica y flexible te permite estimular cualquier zona del cuerpo adapt\u00e1ndose a los movimientos. Se controla desde un \u00fanico bot\u00f3n situado en la base. <\/p>\n<ul>\n<li> Fabricado en silicona m\u00e9dica de alta calidad. <\/li>\n<li> IPX6 sumergible <\/li>\n<li> Potente <\/li>\n<li> Recargable, Cable usb incluido. <\/li>\n<li> Luz indicadora de carga. <\/li>\n<li> Tiempo de carga entre 6-8 horas. <\/li>\n<li> 40-120 minutos de placer dependiendo de la velocidad. <\/li>\n<li> Silencioso y discreto. <\/li>\n<li> No es poroso e hipoalerg\u00e9nico. <\/li>\n<li> 20 Modos de vibraci\u00f3n <\/li>\n<li> 8 Niveles de intensidad <\/li>\n<li> No poroso e hipoalerg\u00e9nico. <\/li>\n<\/ul>\n<p> <strong>CARGA<\/strong> <\/p>\n<p> Su juguete est\u00e1 equipado con bater\u00edas integradas y, por lo tanto, es recargable con el medio ambiente. Si es necesario, el cable de carga magn\u00e9tico USB incluido se puede complementar con un enchufe de red est\u00e1ndar de 5V. <\/p>\n<p> <strong>MATERIAL Y CUIDADO<\/strong> <\/p>\n<p> Se recomienda usar lubricante de base acuosa waterfeel para mejor inserci\u00f3n y cuidado del producto, ya que otros lubricantes podr\u00edan da\u00f1ar el juguete. Limpie cuidadosamente el juguete antes del primer uso y despu\u00e9s de cada uso. <\/p>\n<p> Akasha est\u00e1 fabricado en silicona m\u00e9dica suave y sedosa, que es extremadamente resbaladiza y absorbe el calor de su cuerpo r\u00e1pidamente. El juguete se puede limpiar f\u00e1cilmente con un poco de jab\u00f3n y agua tibia. Con un poco de limpiador desinfectante para juguetes, puede garantizar una higiene especialmente profunda despu\u00e9s, idealmente con el spray de desinfecci\u00f3n perfectamente coordinado de Waterfeel. Para obtener el m\u00e1ximo placer, use siempre su juguete con uno de los lubricantes a base de agua de Waterfeel que se adaptan perfectamente al producto. La composici\u00f3n vegana a base de agua protege el material y mantiene la superficie de su juguete agradable y suave. <\/p>\n<p> <strong>RITUAL DE LA MARCA<\/strong> <\/p>\n<p> Rithual es filosof\u00eda de salud, placer y bienestar. Cuidadosamente preparada para potenciar la felicidad personal y el bienestar del ser humano. La marca es l\u00edder de ventas con Rithual Shushu, por ello el lanzamiento de nuevos juguetes complementarios todo objeto de placer para una vida m\u00e1s saludable y m\u00e1s feliz gracias a la satisfacci\u00f3n sexual. Garant\u00eda total de 2 a\u00f1os en todos los juguetes Rithual rel\u00e9 un placer seguro. <\/p>","protected":false},"excerpt":{"rendered":"<p>VARITA RITUAL AKASHA RECARGABLE 2.0 ORQUIDEA<\/p>","protected":false},"featured_media":85940,"comment_status":"open","ping_status":"closed","template":"","meta":{"_eb_attr":""},"product_brand":[],"product_cat":[1160,1250,1152,1153,1252,1268,1159],"product_tag":[],"class_list":{"0":"post-31479","1":"product","2":"type-product","3":"status-publish","4":"has-post-thumbnail","6":"product_cat-juguetes-bienestar-vibradores100-sumergible","7":"product_cat-juguetes-bienestar-juguetes-para-mujeresestimuladores","8":"product_cat-juguetes-bienestar","9":"product_cat-juguetes-bienestar-juguetes-para-mujeres","10":"product_cat-juguetes-bienestar-juguetes-para-mujeresestimuladoresmasajeadores","11":"product_cat-juguetes-bienestar-vibradoresvibrador-wand","12":"product_cat-juguetes-bienestar-vibradores","13":"pa_color-negro","14":"pa_color-orquidea","15":"pa_talla-talla-1","16":"yith_product_brand-rithual","18":"first","19":"instock","20":"taxable","21":"shipping-taxable","22":"purchasable","23":"product-type-variable","24":"has-default-attributes"},"_links":{"self":[{"href":"https:\/\/www.bananatreeshop.com\/pt\/wp-json\/wp\/v2\/product\/31479","targetHints":{"allow":["GET"]}}],"collection":[{"href":"https:\/\/www.bananatreeshop.com\/pt\/wp-json\/wp\/v2\/product"}],"about":[{"href":"https:\/\/www.bananatreeshop.com\/pt\/wp-json\/wp\/v2\/types\/product"}],"replies":[{"embeddable":true,"href":"https:\/\/www.bananatreeshop.com\/pt\/wp-json\/wp\/v2\/comments?post=31479"}],"wp:featuredmedia":[{"embeddable":true,"href":"https:\/\/www.bananatreeshop.com\/pt\/wp-json\/wp\/v2\/media\/85940"}],"wp:attachment":[{"href":"https:\/\/www.bananatreeshop.com\/pt\/wp-json\/wp\/v2\/media?parent=31479"}],"wp:term":[{"taxonomy":"product_brand","embeddable":true,"href":"https:\/\/www.bananatreeshop.com\/pt\/wp-json\/wp\/v2\/product_brand?post=31479"},{"taxonomy":"product_cat","embeddable":true,"href":"https:\/\/www.bananatreeshop.com\/pt\/wp-json\/wp\/v2\/product_cat?post=31479"},{"taxonomy":"product_tag","embeddable":true,"href":"https:\/\/www.bananatreeshop.com\/pt\/wp-json\/wp\/v2\/product_tag?post=31479"}],"curies":[{"name":"wp","href":"https:\/\/api.w.org\/{rel}","templated":true}]}}