{"id":31483,"date":"2025-07-10T07:00:38","date_gmt":"2025-07-10T07:00:38","guid":{"rendered":"https:\/\/www.bananatreeshop.com\/?post_type=product&#038;p=31483"},"modified":"2026-04-17T04:02:18","modified_gmt":"2026-04-17T04:02:18","slug":"rithual-deva-aqua-green-pelvic-training-set","status":"publish","type":"product","link":"https:\/\/www.bananatreeshop.com\/pt\/produto\/rithual-deva-aqua-green-pelvic-training-set\/","title":{"rendered":"RITHUAL- DEVA SET ENTRENAMIENTO PELVICO ORQUIDEA"},"content":{"rendered":"<p> Deva es un kit de entrenamiento con 4 bolas de diferentes pesos y 10 pasos, para tonificar los m\u00fasculos del suelo p\u00e9lvico, mejor orgasmos, mejor lubricaci\u00f3n, mayor sensibilidad y control sobre los m\u00fasculos vaginales. <\/p>\n<p> Con esta bola Deva, ritual ha creado un programa de ejercitaci\u00f3n personal que resulta much\u00edsimo m\u00e1s placentero que ir al gimnasio. <\/p>\n<p> El suelo p\u00e9lvico es una red de m\u00fasculos y ligamentos, que mantiene en posici\u00f3n correcta la vejiga, el \u00fatero y el recto. Esta musculatura es tambi\u00e9n la encargada de mantener abiertos o cerrados los esf\u00ednteres y su debilidad o flacidez dan origen a escapes involuntarios de orina, los cuales pueden llegar a evolucionar hasta convertirse en la temida incontinencia urinaria y prolapsos (desprendimiento) en la vejiga, vagina, \u00fatero y recto. El suelo p\u00e9lvico se debilita por diferentes causas, aunque las m\u00e1s frecuentes son: la edad, partos m\u00faltiples, la obesidad, el estre\u00f1imiento, algunos deportes, enfermedades respiratorias cr\u00f3nicas, una mala nutrici\u00f3n, el sedentarismo y la falta de relaciones sexuales <\/p>\n<p> El suelo p\u00e9lvico tambi\u00e9n se relaciona con la sexualidad, pues un buen tono muscular en el suelo p\u00e9lvico va a producir mayor sensibilidad en la vagina y por tanto un mayor placer en las relaciones sexuales. Al margen de sus efectos f\u00edsicos, las bolas chinas Deva, tambi\u00e9n tienen un importante poder psicol\u00f3gico, incrementando el deseo sexual, animando a la autoexploraci\u00f3n y descubrir nuevas sensaciones para disfrutar plenamente de tu cuerpo. <\/p>\n<p> Los ejercicios de Kegel son los conocidos ejercicios de entrenamiento del suelo p\u00e9lvico para fortalecer los m\u00fasculos y \u00f3rganos situados en toda esa zona interna. Se realiza mediante la contracci\u00f3n de los m\u00fasculos de la vagina durante 5 segundos y despu\u00e9s relaj\u00e1ndolos durante 5 segundos m\u00e1s, repitiendo esta operaci\u00f3n durante 4 o 5 veces seguidas. <\/p>\n<p> Deva de Rithual incluye 4 bolas de diferentes pesos: 60g, 25g, 40g, y 60g para combinarlas y crear el programa de ejercicios. <\/p>\n<p> Estas bolas se pueden combinar en un programa de 10 pasos, para ir avanzando en el entrenamiento Kegel y llegar a un nivel superior. <\/p>\n<ul>\n<li> Fabricado en silicona m\u00e9dica de alta calidad. <\/li>\n<li> No es poroso e hipoalerg\u00e9nico. <\/li>\n<\/ul>\n<p> <strong>MATERIAL Y CUIDADO<\/strong> <\/p>\n<p> Se recomienda usar lubricante de base acuosa waterfeel para mejor inserci\u00f3n y cuidado del producto, ya que otros lubricantes podr\u00edan da\u00f1ar el juguete. Limpie cuidadosamente el juguete antes del primer uso y despu\u00e9s de cada uso. <\/p>\n<p> Deva est\u00e1 fabricado en silicona m\u00e9dica suave y sedosa, que es extremadamente resbaladiza y absorbe el calor de su cuerpo r\u00e1pidamente. El juguete se puede limpiar f\u00e1cilmente con un poco de jab\u00f3n y agua tibia. Con un poco de limpiador desinfectante para juguetes, puede garantizar una higiene especialmente profunda despu\u00e9s, idealmente con el spray de desinfecci\u00f3n perfectamente coordinado de Waterfeel. Para obtener el m\u00e1ximo placer, use siempre su juguete con uno de los lubricantes a base de agua de Waterfeel que se adaptan perfectamente al producto. La composici\u00f3n vegana a base de agua protege el material y mantiene la superficie de su juguete agradable y suave. <\/p>\n<p> <strong>RITUAL DE LA MARCA<\/strong> <\/p>\n<p> Rithual es filosof\u00eda de salud, placer y bienestar. Cuidadosamente preparada para potenciar la felicidad personal y el bienestar del ser humano. La marca es l\u00edder de ventas con Rithual Shushu, por ello el lanzamiento de nuevos juguetes complementarios todo objeto de placer para una vida m\u00e1s saludable y m\u00e1s feliz gracias a la satisfacci\u00f3n sexual. Garant\u00eda total de 2 a\u00f1os en todos los juguetes Rithual rel\u00e9 un placer seguro. <\/p>","protected":false},"excerpt":{"rendered":"<p>ENTRENAMIENTO PELVICO RITUAL DEVA VERDE<\/p>","protected":false},"featured_media":62897,"comment_status":"open","ping_status":"closed","template":"","meta":{"_eb_attr":""},"product_brand":[],"product_cat":[1255,1257,1152,1153],"product_tag":[],"class_list":{"0":"post-31483","1":"product","2":"type-product","3":"status-publish","4":"has-post-thumbnail","6":"product_cat-juguetes-bienestar-juguetes-para-mujeresbolas-chinas","7":"product_cat-juguetes-bienestar-juguetes-para-mujeresbolas-chinasbolas-silicona","8":"product_cat-juguetes-bienestar","9":"product_cat-juguetes-bienestar-juguetes-para-mujeres","10":"pa_color-aqua","11":"pa_color-orquidea","12":"pa_talla-talla-1","13":"yith_product_brand-rithual","15":"first","16":"instock","17":"taxable","18":"shipping-taxable","19":"purchasable","20":"product-type-variable","21":"has-default-attributes"},"_links":{"self":[{"href":"https:\/\/www.bananatreeshop.com\/pt\/wp-json\/wp\/v2\/product\/31483","targetHints":{"allow":["GET"]}}],"collection":[{"href":"https:\/\/www.bananatreeshop.com\/pt\/wp-json\/wp\/v2\/product"}],"about":[{"href":"https:\/\/www.bananatreeshop.com\/pt\/wp-json\/wp\/v2\/types\/product"}],"replies":[{"embeddable":true,"href":"https:\/\/www.bananatreeshop.com\/pt\/wp-json\/wp\/v2\/comments?post=31483"}],"wp:featuredmedia":[{"embeddable":true,"href":"https:\/\/www.bananatreeshop.com\/pt\/wp-json\/wp\/v2\/media\/62897"}],"wp:attachment":[{"href":"https:\/\/www.bananatreeshop.com\/pt\/wp-json\/wp\/v2\/media?parent=31483"}],"wp:term":[{"taxonomy":"product_brand","embeddable":true,"href":"https:\/\/www.bananatreeshop.com\/pt\/wp-json\/wp\/v2\/product_brand?post=31483"},{"taxonomy":"product_cat","embeddable":true,"href":"https:\/\/www.bananatreeshop.com\/pt\/wp-json\/wp\/v2\/product_cat?post=31483"},{"taxonomy":"product_tag","embeddable":true,"href":"https:\/\/www.bananatreeshop.com\/pt\/wp-json\/wp\/v2\/product_tag?post=31483"}],"curies":[{"name":"wp","href":"https:\/\/api.w.org\/{rel}","templated":true}]}}