{"id":32083,"date":"2025-07-09T15:01:57","date_gmt":"2025-07-09T15:01:57","guid":{"rendered":"https:\/\/www.bananatreeshop.com\/?post_type=product&#038;p=32083"},"modified":"2026-04-16T07:51:01","modified_gmt":"2026-04-16T07:51:01","slug":"coquette-chic-desire-cock-ring-remote-control-rechargeable-black-gold","status":"publish","type":"product","link":"https:\/\/www.bananatreeshop.com\/pt\/produto\/coquette-chic-desire-cock-ring-remote-control-rechargeable-black-gold\/","title":{"rendered":"COQUETTE CHIC DESIRE &#8211; ANILLO VIBRADOR CONTROL REMOTO RECARGABLE NEGRO \/ GOLD"},"content":{"rendered":"<p>\u00a1\u00a1Toma el control del placer de tu amante!! Llevalo a cualquier lugar y disfruta de las potentes vibraciones del anillo vibrador de Coquette Chic Desire. Cubierto por un bolso de lujo, este anillo estar\u00e1 totalmente protegido y listo para su uso en cualquier lugar.<\/p>\n<p>\u00a1El anillo coquete estimula a ambos! Mujer  Hombre u Hombre-Hombre. Perfecto para usar durante el acto sexual. Potenciar\u00e1 la erecci\u00f3n en el hombre consiguiendo mayor rendimiento sexual y retrasando la eyaculaci\u00f3n.<\/p>\n<p>\u00a1Disfruta del control remoto! \u00a1Coge el mando y toma el control de tu amante! \u00a0<\/p>\n<p>Caracter\u00edsticas:<\/p>\n<ul>\n<li>Anillo 100% de silicona suave, sedosa y resistente<\/li>\n<li>10 modos de vibraci\u00f3n de suave a potente.<\/li>\n<li>Sumergible categor\u00eda IPX6<\/li>\n<li>Recargable v\u00eda usb incluido.<\/li>\n<li>Tiempo de carga en 60 minutos<\/li>\n<li>Tiempo de uso con el 100% de carga; 70minutos.<\/li>\n<li>Dimensiones del producto: 98 x 30 mm<\/li>\n<li>Silencioso; tan solo 50db<\/li>\n<li>Control remoto<\/li>\n<li>Libre de ftalatos<\/li>\n<\/ul>\n<p>DETALLES<\/p>\n<p>Cada producto incluye una bolsa con cremallera gold que permite guardar el producto tras utilizarlo de forma segura cuidandoalmaximolosdetalles<\/p>\n<p>LA MARCA COQUETTE CHIC DESIRE<\/p>\n<p>Llega las novedades de la colecci\u00f3n COQUETTE CHIC DESIRE con inspiraci\u00f3n femenina y elegante. La marca se une a los adeptos del lujo placer vida  sensualidad armon\u00eda elplacercongarant\u00edas y nos ofrece looks \u00fanicos en la jugueter\u00eda sexual aptos para cualquier ocasi\u00f3n. \u201cNos trasladamos a newyork donde las tiendas inspiran a todos los humanos para convertir la inspiraci\u00f3n en realidad a trav\u00e9s de Coquette Chic Desire\u201d<\/p>\n<p>La mujer del siglo XXI es s\u00edmbolo de prosperidad, estabilidad y elegancia. Todo va asociado a la felicidad sexual y la paz interior, y para ello nace\u00a0COQUETTE CHIC DESIRE, una marca 100% inspirada en la mujer del siglo XXI europea.<\/p>","protected":false},"excerpt":{"rendered":"<p>COQUETTE CHIC DESIRE &#8211; COCK RING REMOTE CONTROL RECHARGEABLE BLACK\/ GOLD<\/p>","protected":false},"featured_media":58837,"comment_status":"open","ping_status":"closed","template":"","meta":{"_eb_attr":""},"product_brand":[],"product_cat":[1159,1161],"product_tag":[],"class_list":{"0":"post-32083","1":"product","2":"type-product","3":"status-publish","4":"has-post-thumbnail","6":"product_cat-juguetes-bienestar-vibradores","7":"product_cat-juguetes-bienestar-vibradoresvibradores-control-remoto","8":"yith_product_brand-coquette-chic-desire","9":"yith_product_brand-coquette-chic-desirecoquette-toys","11":"first","12":"instock","13":"taxable","14":"shipping-taxable","15":"purchasable","16":"product-type-simple"},"_links":{"self":[{"href":"https:\/\/www.bananatreeshop.com\/pt\/wp-json\/wp\/v2\/product\/32083","targetHints":{"allow":["GET"]}}],"collection":[{"href":"https:\/\/www.bananatreeshop.com\/pt\/wp-json\/wp\/v2\/product"}],"about":[{"href":"https:\/\/www.bananatreeshop.com\/pt\/wp-json\/wp\/v2\/types\/product"}],"replies":[{"embeddable":true,"href":"https:\/\/www.bananatreeshop.com\/pt\/wp-json\/wp\/v2\/comments?post=32083"}],"wp:featuredmedia":[{"embeddable":true,"href":"https:\/\/www.bananatreeshop.com\/pt\/wp-json\/wp\/v2\/media\/58837"}],"wp:attachment":[{"href":"https:\/\/www.bananatreeshop.com\/pt\/wp-json\/wp\/v2\/media?parent=32083"}],"wp:term":[{"taxonomy":"product_brand","embeddable":true,"href":"https:\/\/www.bananatreeshop.com\/pt\/wp-json\/wp\/v2\/product_brand?post=32083"},{"taxonomy":"product_cat","embeddable":true,"href":"https:\/\/www.bananatreeshop.com\/pt\/wp-json\/wp\/v2\/product_cat?post=32083"},{"taxonomy":"product_tag","embeddable":true,"href":"https:\/\/www.bananatreeshop.com\/pt\/wp-json\/wp\/v2\/product_tag?post=32083"}],"curies":[{"name":"wp","href":"https:\/\/api.w.org\/{rel}","templated":true}]}}