{"id":3214,"date":"2025-07-18T12:01:32","date_gmt":"2025-07-18T12:01:32","guid":{"rendered":"https:\/\/www.bananatreeshop.com\/?post_type=product&#038;p=3214"},"modified":"2026-04-04T12:03:24","modified_gmt":"2026-04-04T12:03:24","slug":"femintimate-pelvix-concept-100-therapeutic-balls","status":"publish","type":"product","link":"https:\/\/www.bananatreeshop.com\/pt\/produto\/femintimate-pelvix-concept-100-therapeutic-balls\/","title":{"rendered":"FEMINTIMATE &#8211; PELVIX CONCEPT BOLAS 100% TERAPEUTICAS"},"content":{"rendered":"<p>Es una terapia totalmente natural basada en la realizaci\u00f3n de ejercicios de los m\u00fasculos del suelo p\u00e9lvico mediante el aumento gradual de pesos. PELVIX CONCEPT nos permite solicitar la zona precisa que queremos fortalecer; en efecto resulta a menudo muy dif\u00edcil sentir y activar el grupo muscular p\u00e9lvico de forma espec\u00edfica. Mediante la utilizaci\u00f3n de PELVIX CONCEPT, el est\u00edmulo se consigue naturalmente provocando un acto reflejo del pelvis para contrarrestar la acci\u00f3n de la gravedad.<\/p>\n<p>Es un producto exclusivo destinado al estimulo de la musculatura del suelo p\u00e9lvico, permite a trav\u00e9s de un programa de ejercicios progresivos , mejorar considerablemente su musculatura pelvica con los consecuentes beneficios sobre su salud \u00edntima y sexual.<\/p>\n<p>Prevencion, post-parto, perdidas de orina, sexualidad.<\/p>\n<ul>\n<li>Facilita la sujecion de las paredes vaginales<\/li>\n<li>Angulo adaptado a la musculatura p\u00e9lvica<\/li>\n<li>Forma ergon\u00f3mica para facilitar la introducci\u00f3n<\/li>\n<li>Material Anti-\u00c1lergenico: Silicona 100% Medica.<\/li>\n<\/ul>\n<p> Cuando y como utilizar Pelvix Concept ?<\/p>\n<p>Sintomas y causa del deterioro del suelo pelvico, el suelo pelvico puede deteriorarse por las siguientes causas.<\/p>\n<p>Embarazo, parto, postparto, son las principales causas que predisponen a una mujer a padecer del suelo pelvico,<\/p>\n<p>Durante el embarazo por el peso del utero que sobrecarga los tejidos.<\/p>\n<p>Durante el parto por el paso del Bebe a traves de la vagina, agravado por el gran peso del bebe o perimetro craneal notable y se debe practicar una episiotomia. En el caso de los casos de cesarea tambien puede darse el debilitamiento del suelo pelvico.<\/p>\n<p>En el postparto , en el caso de que no se ejerciten de manera correcta\u00a0 los musculos debilitado; la precoz practica de ejercicio abdominales o ejercicios gimnasticos pueden debilitar la musculatura pelvica.<\/p>\n<p>La menopausia tambien puede ser un sintoma de la musculatura pelvica.<\/p>\n<p>Sexualmente, un suelo pelvico en forma es esencial para obtener el maximo placer y satisfaci\u00f3n en sus relaciones sexuales.<\/p>\n<p>Unos musculos mas firmes y un suministro de sangre mas rico aumentan las sensaciones durante las relaciones sexuales para usted y su pareja.<\/p>\n<p>Con Pelvixconcept y su tratamiento indicado rapidamente generara un fortalezimiento del suelo pelvico.<\/p>\n<p>Cualquier edad es buena para empezar a usar las pelvix concept, mejorara su vida sexual.<\/p>\n<ul>\n<li>Material 100% silicona medica.<\/li>\n<li>Pesos. 9, 17, 34 gramos<\/li>\n<\/ul>\n<p style=\"text-align: center;\"><img decoding=\"async\" alt=\"\" src=\"https:\/\/interno.dreamlove.es\/UserFiles\/images\/4%282%29.png\" style=\"width: 460px; height: 331px;\" \/><\/p>","protected":false},"excerpt":{"rendered":"<p>FEMINTIMATE &#8211; PELVIX CONCEPT PREVENTION POST PARTUM, URINE LOSS, SEXUALITY<\/p>","protected":false},"featured_media":88699,"comment_status":"open","ping_status":"closed","template":"","meta":{"_eb_attr":""},"product_brand":[],"product_cat":[1154,1152,1153],"product_tag":[],"class_list":{"0":"post-3214","1":"product","2":"type-product","3":"status-publish","4":"has-post-thumbnail","6":"product_cat-juguetes-bienestar-juguetes-para-mujeresdilatador-vaginal-anal","7":"product_cat-juguetes-bienestar","8":"product_cat-juguetes-bienestar-juguetes-para-mujeres","9":"yith_product_brand-femintimate","11":"first","12":"instock","13":"taxable","14":"shipping-taxable","15":"purchasable","16":"product-type-simple"},"_links":{"self":[{"href":"https:\/\/www.bananatreeshop.com\/pt\/wp-json\/wp\/v2\/product\/3214","targetHints":{"allow":["GET"]}}],"collection":[{"href":"https:\/\/www.bananatreeshop.com\/pt\/wp-json\/wp\/v2\/product"}],"about":[{"href":"https:\/\/www.bananatreeshop.com\/pt\/wp-json\/wp\/v2\/types\/product"}],"replies":[{"embeddable":true,"href":"https:\/\/www.bananatreeshop.com\/pt\/wp-json\/wp\/v2\/comments?post=3214"}],"wp:featuredmedia":[{"embeddable":true,"href":"https:\/\/www.bananatreeshop.com\/pt\/wp-json\/wp\/v2\/media\/88699"}],"wp:attachment":[{"href":"https:\/\/www.bananatreeshop.com\/pt\/wp-json\/wp\/v2\/media?parent=3214"}],"wp:term":[{"taxonomy":"product_brand","embeddable":true,"href":"https:\/\/www.bananatreeshop.com\/pt\/wp-json\/wp\/v2\/product_brand?post=3214"},{"taxonomy":"product_cat","embeddable":true,"href":"https:\/\/www.bananatreeshop.com\/pt\/wp-json\/wp\/v2\/product_cat?post=3214"},{"taxonomy":"product_tag","embeddable":true,"href":"https:\/\/www.bananatreeshop.com\/pt\/wp-json\/wp\/v2\/product_tag?post=3214"}],"curies":[{"name":"wp","href":"https:\/\/api.w.org\/{rel}","templated":true}]}}