{"id":32565,"date":"2025-07-15T03:01:31","date_gmt":"2025-07-15T03:01:31","guid":{"rendered":"https:\/\/www.bananatreeshop.com\/?post_type=product&#038;p=32565"},"modified":"2026-04-03T08:03:06","modified_gmt":"2026-04-03T08:03:06","slug":"passion-indica-2-in-1-devil-collection-s-m","status":"publish","type":"product","link":"https:\/\/www.bananatreeshop.com\/pt\/produto\/passion-indica-2-in-1-devil-collection-s-m\/","title":{"rendered":"PASSION INDICA 2 EN 1 DEVIL COLLECTION S\/M"},"content":{"rendered":"<p>Este conjunto\u00a0de la colecci\u00f3n Devil Collection\u00a0est\u00e1 compuesto de\u00a0fabulosa de lencer\u00eda\u00a0con un dise\u00f1o espectacularmente sexy con el que te convertir\u00e1s en una bomba de seducci\u00f3n,\u00a0fabricado por la prestigiosa marca de lencer\u00eda sexy Passion<\/p>\n<ul>\n<li>Devil collection\u00a0<\/li>\n<li>Conjunto Indica\u00a0 2\u00a0en 1: Sujetador y liguero en una sola pieza\u00a0<\/li>\n<li>Color: Negro<\/li>\n<li>Presentaci\u00f3n en bonita caja\u00a0<\/li>\n<li>Composici\u00f3n: 75% poliester \/ 10% el\u00e1stano \/15% poliamida\u00a0<\/li>\n<li>Talla S\/M<\/li>\n<\/ul>\n<p>Devil collection, una\u00a0de las colecciones m\u00e1s atrevidas y ardientes de Passion Lingerie\u00a0<\/p>\n<p style=\"line-height: 20.8px;\">Passion es lenceria fabricada en la Union Europea con estrictos controles de calidad, cuidando el maximo detalle tanto en la fabricacion como en sus elementos decorativos, pensado para el mundo actual, personas dinamicas con ganas de innovar y sentirse siempre al dia.<\/p>\n<p style=\"text-align: center;\"><img decoding=\"async\" alt=\"\" src=\"https:\/\/store.dreamlove.es\/UserFiles\/images\/PASIOM.png\" style=\"line-height: 20.8px; outline: 0px; box-sizing: border-box; vertical-align: middle; border: 0px; max-width: 100%; width: 512px; height: 167px;\" \/><\/p>","protected":false},"excerpt":{"rendered":"<p>PASSION &#8211; INDICA 2 IN 1 DEVIL COLLECTION S\/M<\/p>","protected":false},"featured_media":80055,"comment_status":"open","ping_status":"closed","template":"","meta":{"_eb_attr":""},"product_brand":[],"product_cat":[1355,258,1387,1412,1225,1386,1368,1191],"product_tag":[],"class_list":{"0":"post-32565","1":"product","2":"type-product","3":"status-publish","4":"has-post-thumbnail","6":"product_cat-bdsm-bondage-articulos-bdsm","7":"product_cat-bdsm-bondage","8":"product_cat-moda-lencerialenceria-mujerlenceria-picanteconjunto-de-lenceria-sexy","9":"product_cat-moda-lencerialenceria-mujerlenceria-picanteestilo-fetish","10":"product_cat-moda-lencerialenceria-mujer","11":"product_cat-moda-lencerialenceria-mujerlenceria-picante","12":"product_cat-bdsm-bondage-articulos-bdsmmoda-bdsm","13":"product_cat-moda-lenceria","14":"pa_talla-l-xl","15":"pa_talla-s-m","16":"yith_product_brand-passion","17":"yith_product_brand-passionpassion-woman","18":"yith_product_brand-passionpassion-womanpassion-woman-sets","20":"first","21":"instock","22":"taxable","23":"shipping-taxable","24":"purchasable","25":"product-type-variable","26":"has-default-attributes"},"_links":{"self":[{"href":"https:\/\/www.bananatreeshop.com\/pt\/wp-json\/wp\/v2\/product\/32565","targetHints":{"allow":["GET"]}}],"collection":[{"href":"https:\/\/www.bananatreeshop.com\/pt\/wp-json\/wp\/v2\/product"}],"about":[{"href":"https:\/\/www.bananatreeshop.com\/pt\/wp-json\/wp\/v2\/types\/product"}],"replies":[{"embeddable":true,"href":"https:\/\/www.bananatreeshop.com\/pt\/wp-json\/wp\/v2\/comments?post=32565"}],"wp:featuredmedia":[{"embeddable":true,"href":"https:\/\/www.bananatreeshop.com\/pt\/wp-json\/wp\/v2\/media\/80055"}],"wp:attachment":[{"href":"https:\/\/www.bananatreeshop.com\/pt\/wp-json\/wp\/v2\/media?parent=32565"}],"wp:term":[{"taxonomy":"product_brand","embeddable":true,"href":"https:\/\/www.bananatreeshop.com\/pt\/wp-json\/wp\/v2\/product_brand?post=32565"},{"taxonomy":"product_cat","embeddable":true,"href":"https:\/\/www.bananatreeshop.com\/pt\/wp-json\/wp\/v2\/product_cat?post=32565"},{"taxonomy":"product_tag","embeddable":true,"href":"https:\/\/www.bananatreeshop.com\/pt\/wp-json\/wp\/v2\/product_tag?post=32565"}],"curies":[{"name":"wp","href":"https:\/\/api.w.org\/{rel}","templated":true}]}}