{"id":32571,"date":"2025-07-18T14:01:11","date_gmt":"2025-07-18T14:01:11","guid":{"rendered":"https:\/\/www.bananatreeshop.com\/?post_type=product&#038;p=32571"},"modified":"2026-04-05T13:15:58","modified_gmt":"2026-04-05T13:15:58","slug":"fleshlight-flight-commander-with-turbo-tech","status":"publish","type":"product","link":"https:\/\/www.bananatreeshop.com\/pt\/produto\/fleshlight-flight-commander-with-turbo-tech\/","title":{"rendered":"FLESHLIGHT &#8211; FLIGHT COMMANDER WITH TURBO TECH"},"content":{"rendered":"<p>\u00a1Vuela bajo el radar!<\/p>\n<p>Vuela a nuevas alturas con el vuelo elegante y aerodin\u00e1mico Flight de Fleshlight. Como todos nuestros productos bestsellers, el Flight cuenta con materiales bodysafe\u00a0que fueron construidos para durar y nuestra exclusiva funda Superskin con una sensaci\u00f3n hiperrealista.<\/p>\n<p>Donde el Flight realmente despega, sin embargo, es con sus caracter\u00edsticas \u00fanicas, incluyendo un dise\u00f1o compacto y una caja discreta, perfecta para viajar y almacenar a simple vista<\/p>\n<ul>\n<li>Silicona bodysafe<\/li>\n<li>Sensaciones realistas<\/li>\n<li>Dise\u00f1o compacto.Carcasa discreta<\/li>\n<li>Sin ftalatos\u00a0<\/li>\n<li>F\u00e1cil de limpiar y almacenar<\/li>\n<\/ul>\n<p>\u00a0<\/p>","protected":false},"excerpt":{"rendered":"<p>FLESHLIGHT &#8211; FLIGHT COMMANDER WITH TURBO TECH<\/p>","protected":false},"featured_media":88989,"comment_status":"open","ping_status":"closed","template":"","meta":{"_eb_attr":""},"product_brand":[],"product_cat":[1152,1217,1443,1239],"product_tag":[],"class_list":{"0":"post-32571","1":"product","2":"type-product","3":"status-publish","4":"has-post-thumbnail","6":"product_cat-juguetes-bienestar","7":"product_cat-juguetes-bienestar-juguetes-para-hombres","8":"product_cat-juguetes-bienestar-juguetes-para-hombresmasturbador-ano-sin-vibracion","9":"product_cat-juguetes-bienestar-juguetes-para-hombresmasturbadores-varios","10":"yith_product_brand-fleshlight","11":"yith_product_brand-fleshlightfleshlight-origin","13":"first","14":"instock","15":"taxable","16":"shipping-taxable","17":"purchasable","18":"product-type-simple"},"_links":{"self":[{"href":"https:\/\/www.bananatreeshop.com\/pt\/wp-json\/wp\/v2\/product\/32571","targetHints":{"allow":["GET"]}}],"collection":[{"href":"https:\/\/www.bananatreeshop.com\/pt\/wp-json\/wp\/v2\/product"}],"about":[{"href":"https:\/\/www.bananatreeshop.com\/pt\/wp-json\/wp\/v2\/types\/product"}],"replies":[{"embeddable":true,"href":"https:\/\/www.bananatreeshop.com\/pt\/wp-json\/wp\/v2\/comments?post=32571"}],"wp:featuredmedia":[{"embeddable":true,"href":"https:\/\/www.bananatreeshop.com\/pt\/wp-json\/wp\/v2\/media\/88989"}],"wp:attachment":[{"href":"https:\/\/www.bananatreeshop.com\/pt\/wp-json\/wp\/v2\/media?parent=32571"}],"wp:term":[{"taxonomy":"product_brand","embeddable":true,"href":"https:\/\/www.bananatreeshop.com\/pt\/wp-json\/wp\/v2\/product_brand?post=32571"},{"taxonomy":"product_cat","embeddable":true,"href":"https:\/\/www.bananatreeshop.com\/pt\/wp-json\/wp\/v2\/product_cat?post=32571"},{"taxonomy":"product_tag","embeddable":true,"href":"https:\/\/www.bananatreeshop.com\/pt\/wp-json\/wp\/v2\/product_tag?post=32571"}],"curies":[{"name":"wp","href":"https:\/\/api.w.org\/{rel}","templated":true}]}}