{"id":32756,"date":"2025-07-09T04:01:00","date_gmt":"2025-07-09T04:01:00","guid":{"rendered":"https:\/\/www.bananatreeshop.com\/?post_type=product&#038;p=32756"},"modified":"2026-03-31T16:03:45","modified_gmt":"2026-03-31T16:03:45","slug":"secretplay-dice-kamasutra-gay-25-mm","status":"publish","type":"product","link":"https:\/\/www.bananatreeshop.com\/pt\/produto\/secretplay-dice-kamasutra-gay-25-mm\/","title":{"rendered":"SECRETPLAY &#8211; DADO KAMASUTRA GAY 25 MM"},"content":{"rendered":"<p>DADOS DE LA PASI\u00d3N!<\/p>\n<p>Qu\u00e9 postura hacemos hoy? Disfrutad del azar de los dados, una gran soluci\u00f3n para las indecisiones sexuales.\u00a0<\/p>\n<ul>\n<li>Estos dados de 25 mm. te sorpreder\u00e1n por su sencillez, puedes llevarlos a cualquier parte y os dar\u00e1n muchas alegr\u00edas&#8230;<\/li>\n<\/ul>","protected":false},"excerpt":{"rendered":"<p>SECRETPLAY &#8211; DICE KAMASUTRA GAY 25 MM<\/p>","protected":false},"featured_media":56914,"comment_status":"open","ping_status":"closed","template":"","meta":{"_eb_attr":""},"product_brand":[],"product_cat":[1209,1187,1211,1210,1208],"product_tag":[],"class_list":{"0":"post-32756","1":"product","2":"type-product","3":"status-publish","4":"has-post-thumbnail","6":"product_cat-juegos-juego-de-dados","7":"product_cat-juegos","8":"product_cat-juegos-juegos-en-aleman","9":"product_cat-juegos-juegos-en-frances","10":"product_cat-juegos-juegos-en-ingles","11":"yith_product_brand-secretplay","12":"yith_product_brand-secretplaysecretplay-100-games","14":"first","15":"instock","16":"taxable","17":"shipping-taxable","18":"purchasable","19":"product-type-simple"},"_links":{"self":[{"href":"https:\/\/www.bananatreeshop.com\/pt\/wp-json\/wp\/v2\/product\/32756","targetHints":{"allow":["GET"]}}],"collection":[{"href":"https:\/\/www.bananatreeshop.com\/pt\/wp-json\/wp\/v2\/product"}],"about":[{"href":"https:\/\/www.bananatreeshop.com\/pt\/wp-json\/wp\/v2\/types\/product"}],"replies":[{"embeddable":true,"href":"https:\/\/www.bananatreeshop.com\/pt\/wp-json\/wp\/v2\/comments?post=32756"}],"wp:featuredmedia":[{"embeddable":true,"href":"https:\/\/www.bananatreeshop.com\/pt\/wp-json\/wp\/v2\/media\/56914"}],"wp:attachment":[{"href":"https:\/\/www.bananatreeshop.com\/pt\/wp-json\/wp\/v2\/media?parent=32756"}],"wp:term":[{"taxonomy":"product_brand","embeddable":true,"href":"https:\/\/www.bananatreeshop.com\/pt\/wp-json\/wp\/v2\/product_brand?post=32756"},{"taxonomy":"product_cat","embeddable":true,"href":"https:\/\/www.bananatreeshop.com\/pt\/wp-json\/wp\/v2\/product_cat?post=32756"},{"taxonomy":"product_tag","embeddable":true,"href":"https:\/\/www.bananatreeshop.com\/pt\/wp-json\/wp\/v2\/product_tag?post=32756"}],"curies":[{"name":"wp","href":"https:\/\/api.w.org\/{rel}","templated":true}]}}