{"id":32800,"date":"2025-07-10T08:01:43","date_gmt":"2025-07-10T08:01:43","guid":{"rendered":"https:\/\/www.bananatreeshop.com\/?post_type=product&#038;p=32800"},"modified":"2026-04-17T04:03:54","modified_gmt":"2026-04-17T04:03:54","slug":"annes-desire-curve-remote-control-technolog-a-watchme-black-gold","status":"publish","type":"product","link":"https:\/\/www.bananatreeshop.com\/pt\/produto\/annes-desire-curve-remote-control-technolog-a-watchme-black-gold\/","title":{"rendered":"ANNE&#8217;S DESIRE &#8211; CURVE CONTROL REMOTO TECNOLOG\u00cdA WATCHME NEGRO \/ GOLD"},"content":{"rendered":"<p>Si pensabas que todo estaba escrito en cuanto a juguetes sexuales, te equivocaste. En ANNES DESIRE, han subido a un siguiente nivel de placer, un espectacular al dise\u00f1o, adem\u00e1s de a\u00f1adirle la tecnolog\u00eda patentada WATCHME.<\/p>\n<p>Annes desire \u00a0en su abreviatura AD , es una marca elegante y sensual que va a revolucionar el mundo de la sexualidad y sensualidad de los pr\u00f3ximos a\u00f1os gracias a la calidad de sus productos, dise\u00f1os innovadores, capaces de cautivar a cualquiera, y nuevas ideas para encontrar el placer total en las relaciones \u00edntimas.<\/p>\n<p>El lema de ANNES DESIRE<\/p>\n<p>\u201cNuestra filosof\u00eda es el disfrute total y pleno de todo tipo de placeres sexuales. Lo consideramos un derecho universal que ha de ser inalienable y siempre protegido.\u201d<\/p>\n<p>A qui\u00e9n no le gusta un buen orgasmo? Alguno de vosotros no disfrut\u00e1is con las relaciones \u00edntimas m\u00e1s placenteras? Que levante la mano el que no goce y se sienta \u00fanico en el mundo mientras su amante le est\u00e1 poniendo a 1.000 por hora.<\/p>\n<p>La filosof\u00eda de ANNES DESIRE<\/p>\n<p>Trabajamos sobre la filosof\u00eda de satisfacer a distinguidos clientes. Para ello, apoyamos plenamente los derechos al placer que todos tenemos. As\u00ed pues, nacemos no solo como ANNES DESIRE y fabricantes de juguetes sexuales revolucionarios, sino como dise\u00f1adores de experiencias que buscan la diversi\u00f3n plena, tratando de lograr en el camino nuevos mundos de satisfacci\u00f3n que desborden los cinco sentidos.<\/p>\n<p>As\u00ed pues, ANNES DESIRE introduce la nueva l\u00ednea de juguetes sexuales con tecnolog\u00eda patentada WATCHME. En el prelanzamiento se han vendido 500.000 unidades divididas en 15 pa\u00edses del Mundo y ya se hemos logrado destacar en el sector combinando el lujo de sus juguetes sexuales con el uso de la tecnolog\u00eda m\u00e1s avanzada y de \u00faltima generaci\u00f3n.<\/p>\n<p>Todos los Juguetes ANNES DESIRE incluyen la tecnolog\u00eda reloj WATCHME, con el reloj incluido y listos para usar con el control remoto o sin el. Pero es que es esta tecnolog\u00eda?\u00a0<\/p>\n<p>Es un reloj inteligente sexual que te ayudar\u00e1 a controlar los juguetes sexuales ANNES DESIRE.\u00a0 Podemos sincronizarlos con los juguetes sexuales que utilicen la tecnolog\u00eda watchme para controlar las vibraciones y las funciones de nuestro sextoy AD.<\/p>\n<p>Funciones de un reloj WATCHME<\/p>\n<p>En un reloj WATCHME existen algunas funciones destacadas que pasamos a detallar:<\/p>\n<ul>\n<li>Activar \/ Desactivar la vibraci\u00f3n.<\/li>\n<li>Modificar los modos de vibraci\u00f3n<\/li>\n<li>Modificar las intensidades en cada modo de vibraci\u00f3n.<\/li>\n<\/ul>\n<p>Pero adem\u00e1s los Juguetes Anne \u2018s desire son impermeables?<\/p>\n<p>Annes desire por supuesto, es impermeable y ser\u00e1 tu acompa\u00f1ante perfecto tanto en una rom\u00e1ntica ba\u00f1era de hidromasaje como bajo las c\u00f3modas s\u00e1banas de tu casa. Las vibraciones debajo del agua de este compa\u00f1ero de diversi\u00f3n son percibidas por muchas parejas como particularmente intensas.<\/p>\n<p><strong>ANNES DESIRE Curve es elegancia y confort<\/strong>. Su dise\u00f1o curvo permite adaptarse a las formas de tu cuerpo tanto por fuera como por dentro, haciendo de AD CURVE un juguete vers\u00e1til preparado para satisfacer cualquier deseo. Pero eso no es todo, sino que adem\u00e1s est\u00e1 espec\u00edficamente dise\u00f1ado para encontrar y estimular el punto G gracias a su forma bulbosa y su longitud.<\/p>\n<p>Quieres estimular tu cl\u00edtoris? Adelante, con AD CURVE puedes. Su vibraci\u00f3n puede concentrarse en tu cl\u00edtoris. Un truco: Usa su dise\u00f1o curvil\u00edneo para estimular diferentes \u00e1reas, tuyas o de tu pareja.<\/p>\n<p>Este vibrador est\u00e1 hecho de silicona m\u00e9dica flexible y se puede colocar de forma c\u00f3moda y suave sobre la piel. Lo especial de este producto de bienestar sexual es el control remoto inal\u00e1mbrico, con el que se puede controlar f\u00e1cilmente el placer desde el reloj sin necesidad de romper el estado de excitaci\u00f3n. Puedes seleccionar entre 7 emocionantes programas de vibraci\u00f3n con diferentes grados de intensidad.<\/p>\n<p>Annes desire curve es 100% articulable y por si fuera poco su material incluye la tecnolog\u00eda touch soft, una sensaci\u00f3n extremadamente suave que potencia la sensaci\u00f3n de placer.<\/p>\n<p>Caracter\u00edstica<\/p>\n<ul>\n<li>Vibrador de punto G de silicona recargable por USB para una excitaci\u00f3n interna maravillosa<\/li>\n<li>Vibrador frecuencia pulsante soft<\/li>\n<li>Silicona grado medico<\/li>\n<li>Recargable por USB<\/li>\n<li>7 Modos de vibraci\u00f3n<\/li>\n<li>Control de intensidad en cada modo<\/li>\n<li>Reloj control remoto tecnolog\u00eda WATCHME<\/li>\n<li>Contorneado para estimular con precisi\u00f3n sus puntos de placer<\/li>\n<li>Adecuado para estimulaci\u00f3n interna y externa.<\/li>\n<li>100% resistente al agua para una f\u00e1cil limpieza y ba\u00f1os m\u00e1s calientes que calientes<\/li>\n<li>Vibrador 100% vegano<\/li>\n<li>20 cm x 3.3 cm<\/li>\n<\/ul>\n<p>Para finalizar ANNES DESIRE te ofrece una garant\u00eda de 2 a\u00f1os. \u00a0Listo para la acci\u00f3n?<\/p>","protected":false},"excerpt":{"rendered":"<p>ANNE&#8217;S DESIRE &#8211; CURVE G-SPOT WIRELESS TECHNOLOGY WATCHME  BLACK\/GOLD<\/p>","protected":false},"featured_media":63001,"comment_status":"open","ping_status":"closed","template":"","meta":{"_eb_attr":""},"product_brand":[],"product_cat":[1159,1161,1251,1231],"product_tag":[],"class_list":{"0":"post-32800","1":"product","2":"type-product","3":"status-publish","4":"has-post-thumbnail","6":"product_cat-juguetes-bienestar-vibradores","7":"product_cat-juguetes-bienestar-vibradoresvibradores-control-remoto","8":"product_cat-juguetes-bienestar-vibradoresvibradores-hi-tech","9":"product_cat-juguetes-bienestar-vibradoresvibradores-punto-g","10":"yith_product_brand-annes-desire","12":"first","13":"instock","14":"taxable","15":"shipping-taxable","16":"purchasable","17":"product-type-simple"},"_links":{"self":[{"href":"https:\/\/www.bananatreeshop.com\/pt\/wp-json\/wp\/v2\/product\/32800","targetHints":{"allow":["GET"]}}],"collection":[{"href":"https:\/\/www.bananatreeshop.com\/pt\/wp-json\/wp\/v2\/product"}],"about":[{"href":"https:\/\/www.bananatreeshop.com\/pt\/wp-json\/wp\/v2\/types\/product"}],"replies":[{"embeddable":true,"href":"https:\/\/www.bananatreeshop.com\/pt\/wp-json\/wp\/v2\/comments?post=32800"}],"wp:featuredmedia":[{"embeddable":true,"href":"https:\/\/www.bananatreeshop.com\/pt\/wp-json\/wp\/v2\/media\/63001"}],"wp:attachment":[{"href":"https:\/\/www.bananatreeshop.com\/pt\/wp-json\/wp\/v2\/media?parent=32800"}],"wp:term":[{"taxonomy":"product_brand","embeddable":true,"href":"https:\/\/www.bananatreeshop.com\/pt\/wp-json\/wp\/v2\/product_brand?post=32800"},{"taxonomy":"product_cat","embeddable":true,"href":"https:\/\/www.bananatreeshop.com\/pt\/wp-json\/wp\/v2\/product_cat?post=32800"},{"taxonomy":"product_tag","embeddable":true,"href":"https:\/\/www.bananatreeshop.com\/pt\/wp-json\/wp\/v2\/product_tag?post=32800"}],"curies":[{"name":"wp","href":"https:\/\/api.w.org\/{rel}","templated":true}]}}