{"id":32830,"date":"2025-07-15T17:01:47","date_gmt":"2025-07-15T17:01:47","guid":{"rendered":"https:\/\/www.bananatreeshop.com\/?post_type=product&#038;p=32830"},"modified":"2026-04-13T22:57:16","modified_gmt":"2026-04-13T22:57:16","slug":"electrastim-adj-fabric-cock-and-scrotal-loops","status":"publish","type":"product","link":"https:\/\/www.bananatreeshop.com\/pt\/produto\/electrastim-adj-fabric-cock-and-scrotal-loops\/","title":{"rendered":"ELECTRASTIM &#8211; ANILLOS PENE AJUSTABLES ELECTROESTIMULACI\u00d3N"},"content":{"rendered":"<p>Ofreciendo un ajuste m\u00e1s suave y menos restrictivo que nuestros otros anillos para el pene, estas bandas de tela conductora te brindan intensas sensaciones de electro-sexo sin el agarre firme.<\/p>\n<p>Fabricadas con tejido el\u00e1stico tejido con fibras electroconductoras, nuestras ElectraBands unipolares son la opci\u00f3n ideal para los hombres que desean disfrutar de orgasmos manos libres con su unidad de electroestimulaci\u00f3n.<\/p>\n<p>Un ajustador deslizante facilita encontrar el ajuste perfecto, ajustando hasta 2.75 pulgadas de di\u00e1metro. ElectraBands se adapta a la mayor\u00eda de los hombres.<\/p>\n<p>Use las bandas en cualquier lugar a lo largo de su eje, incluso alrededor de su polla y bolas, y experimentar\u00e1 contracciones profundas y hormigueos estimulantes que pueden ser suficientes para llevarlo al orgasmo sin necesidad de que lo toquen. Puede usar las bandas durante la masturbaci\u00f3n, los juegos previos, el sexo oral y el sexo para maximizar el placer que siente. Recomendamos usar ElectraBands con nuestro gel electroconductor.<\/p>\n<p>Tipo de electrodo:<\/p>\n<p>Unipolar para estimulaci\u00f3n externa: toma 1 conector de clavija de 2 mm. En cada paquete se incluyen 2 ElectraBands. Necesitar\u00e1 un estimulador ElectraStim para sentir la sensaci\u00f3n.<\/p>\n<p>Dimensiones:<\/p>\n<ul>\n<li>Ampliable hasta 2.75 pulgadas (70 mm) con estiramiento adicional.<\/li>\n<\/ul>\n<p>Materiales:<\/p>\n<ul>\n<li>Fabricado con fibras sint\u00e9ticas con propiedades electroconductoras. Cuenta con ajustadores deslizantes de pl\u00e1stico.<\/li>\n<\/ul>","protected":false},"excerpt":{"rendered":"<p>ELECTRASTIM &#8211; FABRIC COCK AND SCROTAL LOOPS<\/p>","protected":false},"featured_media":81133,"comment_status":"open","ping_status":"closed","template":"","meta":{"_eb_attr":""},"product_brand":[],"product_cat":[1355,258,1261,1360,1152],"product_tag":[],"class_list":{"0":"post-32830","1":"product","2":"type-product","3":"status-publish","4":"has-post-thumbnail","6":"product_cat-bdsm-bondage-articulos-bdsm","7":"product_cat-bdsm-bondage","8":"product_cat-juguetes-bienestar-electro-estimulacion","9":"product_cat-bdsm-bondage-articulos-bdsmelectroestimulacion-bdsm","10":"product_cat-juguetes-bienestar","11":"yith_product_brand-electrastim","13":"first","14":"instock","15":"taxable","16":"shipping-taxable","17":"purchasable","18":"product-type-simple"},"_links":{"self":[{"href":"https:\/\/www.bananatreeshop.com\/pt\/wp-json\/wp\/v2\/product\/32830","targetHints":{"allow":["GET"]}}],"collection":[{"href":"https:\/\/www.bananatreeshop.com\/pt\/wp-json\/wp\/v2\/product"}],"about":[{"href":"https:\/\/www.bananatreeshop.com\/pt\/wp-json\/wp\/v2\/types\/product"}],"replies":[{"embeddable":true,"href":"https:\/\/www.bananatreeshop.com\/pt\/wp-json\/wp\/v2\/comments?post=32830"}],"wp:featuredmedia":[{"embeddable":true,"href":"https:\/\/www.bananatreeshop.com\/pt\/wp-json\/wp\/v2\/media\/81133"}],"wp:attachment":[{"href":"https:\/\/www.bananatreeshop.com\/pt\/wp-json\/wp\/v2\/media?parent=32830"}],"wp:term":[{"taxonomy":"product_brand","embeddable":true,"href":"https:\/\/www.bananatreeshop.com\/pt\/wp-json\/wp\/v2\/product_brand?post=32830"},{"taxonomy":"product_cat","embeddable":true,"href":"https:\/\/www.bananatreeshop.com\/pt\/wp-json\/wp\/v2\/product_cat?post=32830"},{"taxonomy":"product_tag","embeddable":true,"href":"https:\/\/www.bananatreeshop.com\/pt\/wp-json\/wp\/v2\/product_tag?post=32830"}],"curies":[{"name":"wp","href":"https:\/\/api.w.org\/{rel}","templated":true}]}}