{"id":32854,"date":"2025-07-09T21:01:54","date_gmt":"2025-07-09T21:01:54","guid":{"rendered":"https:\/\/www.bananatreeshop.com\/?post_type=product&#038;p=32854"},"modified":"2026-04-02T19:02:29","modified_gmt":"2026-04-02T19:02:29","slug":"delta-club-toys-natural-dildo-medical-silicone-20-cm-o-4-cm","status":"publish","type":"product","link":"https:\/\/www.bananatreeshop.com\/pt\/produto\/delta-club-toys-natural-dildo-medical-silicone-20-cm-o-4-cm\/","title":{"rendered":"DELTA CLUB &#8211; DILDO REALISTA NATURAL SILICONA MEDICA 20 CM -O- 4 CM"},"content":{"rendered":"<p>DELTACLUB \u00a9 ha dado un nuevo giro al cl\u00e1sico dildo para ofrecerte el mejor material y de primera calidad. La silicona grado medico fabricada en Estados Unidos es 100% libre de ftalatos y l\u00e1tex, segura e hipoalerg\u00e9nica.<\/p>\n<p>Qu\u00e9 beneficios tiene usar un dildo de silicona?<\/p>\n<p>La silicona m\u00e9dica tiene un tacto muy agradable y es el material ideal para divertirse mucho. Es muy higi\u00e9nico e impresiona por su calidad, que con la ayuda de un lubricante a base de agua se convierte en un placer \u00fanico. Lo mejor es utilizar los lubricantes AQUA. Puede limpiar f\u00e1cilmente su DELTACLUB \u00a9 \u00a0con agua y jab\u00f3n suave. Para una mayor higiene, tambi\u00e9n debe utilizar el spray desinfectante que se adapta perfectamente a su pareja; unos pocos sprays son suficientes para limpiar de forma \u00f3ptima sus juguetes.<\/p>\n<p>MEDIDAS;<\/p>\n<ul>\n<li>Medidas: 20\u00a0cm. longitud x 4 cm. di\u00e1metro.<\/li>\n<\/ul>\n<p>LA MARCA DELTACLUB<\/p>\n<p>DELTACLUB \u00a9 desarrolla dildos de alta calidad en los EE. UU. Para mujeres modernas o parejas aventureras. Los dise\u00f1os real\u00edsticos pero efectivos hacen que los productos DELTACLUB sean juguetes sexuales de primera clase y \u00fanicos gracias a su material MEDICAL SILICONE. El r\u00e1pido tiempo en coger la temperatura corporal \u00a0y el dise\u00f1o perfecto de cada juguete hablan por s\u00ed mismos. Ya sea que est\u00e9 integrado en los juegos previos, como un accesorio decorativo durante el juego amoroso o en una acci\u00f3n en solitario, los dildos de DELTACLUB \u00a0\u00a9 \u00a0se pueden usar de muchas maneras y conducirlo hacia el cl\u00edmax.<\/p>","protected":false},"excerpt":{"rendered":"<p>DELTA CLUB &#8211; REALISTIC SILICONE DILDO 20 CM -O- 4 CM<\/p>","protected":false},"featured_media":60713,"comment_status":"open","ping_status":"closed","template":"","meta":{"_eb_attr":""},"product_brand":[],"product_cat":[1243,1244,1155,1152,1156],"product_tag":[],"class_list":{"0":"post-32854","1":"product","2":"type-product","3":"status-publish","4":"has-post-thumbnail","6":"product_cat-juguetes-bienestar-dildos-sin-vibraciondildos-para-arneses","7":"product_cat-juguetes-bienestar-dildos-sin-vibraciondildos-punto-g","8":"product_cat-juguetes-bienestar-dildos-sin-vibracion","9":"product_cat-juguetes-bienestar","10":"product_cat-juguetes-bienestar-dildos-sin-vibracionpenes-realisticos","11":"yith_product_brand-deltaclub","13":"first","14":"instock","15":"taxable","16":"shipping-taxable","17":"purchasable","18":"product-type-simple"},"_links":{"self":[{"href":"https:\/\/www.bananatreeshop.com\/pt\/wp-json\/wp\/v2\/product\/32854","targetHints":{"allow":["GET"]}}],"collection":[{"href":"https:\/\/www.bananatreeshop.com\/pt\/wp-json\/wp\/v2\/product"}],"about":[{"href":"https:\/\/www.bananatreeshop.com\/pt\/wp-json\/wp\/v2\/types\/product"}],"replies":[{"embeddable":true,"href":"https:\/\/www.bananatreeshop.com\/pt\/wp-json\/wp\/v2\/comments?post=32854"}],"wp:featuredmedia":[{"embeddable":true,"href":"https:\/\/www.bananatreeshop.com\/pt\/wp-json\/wp\/v2\/media\/60713"}],"wp:attachment":[{"href":"https:\/\/www.bananatreeshop.com\/pt\/wp-json\/wp\/v2\/media?parent=32854"}],"wp:term":[{"taxonomy":"product_brand","embeddable":true,"href":"https:\/\/www.bananatreeshop.com\/pt\/wp-json\/wp\/v2\/product_brand?post=32854"},{"taxonomy":"product_cat","embeddable":true,"href":"https:\/\/www.bananatreeshop.com\/pt\/wp-json\/wp\/v2\/product_cat?post=32854"},{"taxonomy":"product_tag","embeddable":true,"href":"https:\/\/www.bananatreeshop.com\/pt\/wp-json\/wp\/v2\/product_tag?post=32854"}],"curies":[{"name":"wp","href":"https:\/\/api.w.org\/{rel}","templated":true}]}}