{"id":32912,"date":"2025-07-09T16:01:33","date_gmt":"2025-07-09T16:01:33","guid":{"rendered":"https:\/\/www.bananatreeshop.com\/?post_type=product&#038;p=32912"},"modified":"2026-04-01T09:03:25","modified_gmt":"2026-04-01T09:03:25","slug":"jamyjob-extreme-tensek-5-masturbator-black","status":"publish","type":"product","link":"https:\/\/www.bananatreeshop.com\/pt\/produto\/jamyjob-extreme-tensek-5-masturbator-black\/","title":{"rendered":"JAMYJOB &#8211; EXTREME MASTURBADOR TENSEK 5 NEGRO"},"content":{"rendered":"<p>Disfruta de una experiencia completamente nueva. El innovador modelo TENSEK 5\u00a0se une a la l\u00ednea JAMYJOB \u00a0de masturbadores y presenta un dise\u00f1o \u00fanico completamente \u00a0negro con agarre facil.<\/p>\n<p>Cada parte de TENSEK 5\u00a0est\u00e1 formado por numerosas l\u00edneas de succi\u00f3n y protuberancias acariciantes que te mimar\u00e1n cada vez que introduces y sacas la mejor parte de tu cuerpo. Las paredes flexibles se adaptan al pene y potencian a\u00fan m\u00e1s la experiencia sensual.<\/p>\n<p>El modelo TENSEK 5\u00a0incluye un mango de agarre facil para facilitar el movimiento de la masturbaci\u00f3n.<\/p>\n<p>Como siempre, JAMYJOB est\u00e1 dise\u00f1ado para poner la energ\u00eda en tus manos y conseguir una estimulaci\u00f3n perfecta.<\/p>\n<p>Es muy recomendable el uso de lubricantes a base de agua para un orgasmo intenso. Recomendamos las marcas AQUA o WATERFEEL.<\/p>\n<p>C\u00f3mo limpio mi masturbador TENSEK?<\/p>\n<p>El material TPE ULTRASKYN suave hace que el masturbador sea f\u00e1cil de limpiar. Para una limpieza superficial, es suficiente usar agua tibia y un jab\u00f3n suave. A continuaci\u00f3n, moja la funda con un pulverizador desinfectante, \u00a1como el Desinfectante Spray de Waterfeel!<\/p>","protected":false},"excerpt":{"rendered":"<p>JAMYJOB &#8211; EXTREME TENSEK 5 MASTURBATOR BLACK<\/p>","protected":false},"featured_media":59299,"comment_status":"open","ping_status":"closed","template":"","meta":{"_eb_attr":""},"product_brand":[],"product_cat":[1152,1217,1239],"product_tag":[],"class_list":{"0":"post-32912","1":"product","2":"type-product","3":"status-publish","4":"has-post-thumbnail","6":"product_cat-juguetes-bienestar","7":"product_cat-juguetes-bienestar-juguetes-para-hombres","8":"product_cat-juguetes-bienestar-juguetes-para-hombresmasturbadores-varios","9":"yith_product_brand-jamyjob","11":"first","12":"instock","13":"taxable","14":"shipping-taxable","15":"purchasable","16":"product-type-simple"},"_links":{"self":[{"href":"https:\/\/www.bananatreeshop.com\/pt\/wp-json\/wp\/v2\/product\/32912","targetHints":{"allow":["GET"]}}],"collection":[{"href":"https:\/\/www.bananatreeshop.com\/pt\/wp-json\/wp\/v2\/product"}],"about":[{"href":"https:\/\/www.bananatreeshop.com\/pt\/wp-json\/wp\/v2\/types\/product"}],"replies":[{"embeddable":true,"href":"https:\/\/www.bananatreeshop.com\/pt\/wp-json\/wp\/v2\/comments?post=32912"}],"wp:featuredmedia":[{"embeddable":true,"href":"https:\/\/www.bananatreeshop.com\/pt\/wp-json\/wp\/v2\/media\/59299"}],"wp:attachment":[{"href":"https:\/\/www.bananatreeshop.com\/pt\/wp-json\/wp\/v2\/media?parent=32912"}],"wp:term":[{"taxonomy":"product_brand","embeddable":true,"href":"https:\/\/www.bananatreeshop.com\/pt\/wp-json\/wp\/v2\/product_brand?post=32912"},{"taxonomy":"product_cat","embeddable":true,"href":"https:\/\/www.bananatreeshop.com\/pt\/wp-json\/wp\/v2\/product_cat?post=32912"},{"taxonomy":"product_tag","embeddable":true,"href":"https:\/\/www.bananatreeshop.com\/pt\/wp-json\/wp\/v2\/product_tag?post=32912"}],"curies":[{"name":"wp","href":"https:\/\/api.w.org\/{rel}","templated":true}]}}