{"id":32957,"date":"2025-10-01T19:05:05","date_gmt":"2025-10-01T19:05:05","guid":{"rendered":"https:\/\/www.bananatreeshop.com\/?post_type=product&#038;p=32957"},"modified":"2026-04-17T09:51:42","modified_gmt":"2026-04-17T09:51:42","slug":"ohmama-vibrating-tongue-clitoris-stimulator-10-modes","status":"publish","type":"product","link":"https:\/\/www.bananatreeshop.com\/pt\/produto\/ohmama-vibrating-tongue-clitoris-stimulator-10-modes\/","title":{"rendered":"OHMAMA &#8211; ESTIMULADOR CLITORIS LENGUA VIBRADORA 10 MODOS"},"content":{"rendered":"<p>\u00a1OH mama! Las amantes de la estimulaci\u00f3n oral estamos de suerte. Este peque\u00f1o pero elegante y potente estimulador es muy juguet\u00f3n e incorpora 10 modos distintos de estimulaci\u00f3n con su lengua vibradora. Su cuerpo adem\u00e1s es de suave silicona y con detalles dorados y blancos proporcion\u00e1ndole un aspecto luxury. Adem\u00e1s su boquila es extraible para que puedas limpiar c\u00f3modamente despu\u00e9s de usar.\u00a0<\/p>\n<p>Caracter\u00edsticas:\u00a0<\/p>\n<ul>\n<li>Estimulador cl\u00edtoris con lengua vibradora\u00a0<\/li>\n<li>10 patrones\u00a0<\/li>\n<li>Dise\u00f1o luxury\u00a0<\/li>\n<li>Suave cubierta de silicona\u00a0<\/li>\n<li>Boquilla extraible . F\u00e1cil limpieza\u00a0<\/li>\n<li>Recargable\u00a0<\/li>\n<li>Sin ftalatos\u00a0<\/li>\n<li>Medidas: 105 cm x 60 cm\u00a0<\/li>\n<\/ul>\n<p>La gama de productos OHMAMA es perfecta para regalar. Un producto al alcance de todos con una calidad perfecta. Una combinaci\u00f3n \u00fanica en esta l\u00ednea de juguetes especial edici\u00f3n Navidad.<\/p>","protected":false},"excerpt":{"rendered":"<p>OHMAMA &#8211; CLIT STIMULATING WITH VIBRATING TONGUE 10 PATTERNS<\/p>","protected":false},"featured_media":93839,"comment_status":"open","ping_status":"closed","template":"","meta":{"_eb_attr":""},"product_brand":[],"product_cat":[1159,1263],"product_tag":[],"class_list":{"0":"post-32957","1":"product","2":"type-product","3":"status-publish","4":"has-post-thumbnail","6":"product_cat-juguetes-bienestar-vibradores","7":"product_cat-juguetes-bienestar-vibradoresvibradores-succionadores-ondas-presion","8":"yith_product_brand-ohmama","9":"yith_product_brand-ohmamaohmama-stimulating","11":"first","12":"instock","13":"taxable","14":"shipping-taxable","15":"purchasable","16":"product-type-simple"},"_links":{"self":[{"href":"https:\/\/www.bananatreeshop.com\/pt\/wp-json\/wp\/v2\/product\/32957","targetHints":{"allow":["GET"]}}],"collection":[{"href":"https:\/\/www.bananatreeshop.com\/pt\/wp-json\/wp\/v2\/product"}],"about":[{"href":"https:\/\/www.bananatreeshop.com\/pt\/wp-json\/wp\/v2\/types\/product"}],"replies":[{"embeddable":true,"href":"https:\/\/www.bananatreeshop.com\/pt\/wp-json\/wp\/v2\/comments?post=32957"}],"wp:featuredmedia":[{"embeddable":true,"href":"https:\/\/www.bananatreeshop.com\/pt\/wp-json\/wp\/v2\/media\/93839"}],"wp:attachment":[{"href":"https:\/\/www.bananatreeshop.com\/pt\/wp-json\/wp\/v2\/media?parent=32957"}],"wp:term":[{"taxonomy":"product_brand","embeddable":true,"href":"https:\/\/www.bananatreeshop.com\/pt\/wp-json\/wp\/v2\/product_brand?post=32957"},{"taxonomy":"product_cat","embeddable":true,"href":"https:\/\/www.bananatreeshop.com\/pt\/wp-json\/wp\/v2\/product_cat?post=32957"},{"taxonomy":"product_tag","embeddable":true,"href":"https:\/\/www.bananatreeshop.com\/pt\/wp-json\/wp\/v2\/product_tag?post=32957"}],"curies":[{"name":"wp","href":"https:\/\/api.w.org\/{rel}","templated":true}]}}