{"id":33150,"date":"2025-07-09T05:01:55","date_gmt":"2025-07-09T05:01:55","guid":{"rendered":"https:\/\/www.bananatreeshop.com\/?post_type=product&#038;p=33150"},"modified":"2026-04-16T21:02:28","modified_gmt":"2026-04-16T21:02:28","slug":"rockarmy-adjustable-harness-and-flexible-rings","status":"publish","type":"product","link":"https:\/\/www.bananatreeshop.com\/pt\/produto\/rockarmy-adjustable-harness-and-flexible-rings\/","title":{"rendered":"ROCKARMY &#8211; ARN\u00c9S AJUSTABLE Y ANILLOS FLEXIBLES"},"content":{"rendered":"<p>Aqu\u00ed llega el complemento perfecto para tu gama de dildos favoritos: El arnes de RockArmy.\u00a0<\/p>\n<p>Toca jugar y da igual que tu pareja sea hombre o mujer porque por fin podr\u00e1s adaptar tu dildo favorito y coloc\u00e1rtelo con este\u00a0resistente arn\u00e9s de cuero PU c\u00f3modamente gracias a sus cuatro correas de nylon y su cierre trasero.\u00a0<\/p>\n<p>El jugar duro no ser\u00e1 problema ya que el dildo quedar\u00e1 sujeto y adaptado sin problemas, adem\u00e1s incorpora 3 anillas de silicona de diferentes tama\u00f1os.\u00a0<\/p>\n<ul>\n<li>Material bodysafe\u00a0<\/li>\n<li>Correas de nylon. Resistencia y m\u00e1xima comodidad<\/li>\n<li>Cuero PU<\/li>\n<li>Detalles met\u00e1licos\u00a0<\/li>\n<li>Anillos flexibles incluidos<\/li>\n<\/ul>\n<p>Es hora de proporcionar un exquisito placer \u00a1con el arn\u00e9s de Rock Army!\u00a0<\/p>","protected":false},"excerpt":{"rendered":"<p>ROCKARMY &#8211; ADJUSTABLE HARNESS AND FLEXIBLE RINGS<\/p>","protected":false},"featured_media":57384,"comment_status":"open","ping_status":"closed","template":"","meta":{"_eb_attr":""},"product_brand":[],"product_cat":[1220,1230,1152],"product_tag":[],"class_list":{"0":"post-33150","1":"product","2":"type-product","3":"status-publish","4":"has-post-thumbnail","6":"product_cat-juguetes-bienestar-arneses","7":"product_cat-juguetes-bienestar-arnesescomplementos-arneses","8":"product_cat-juguetes-bienestar","9":"yith_product_brand-rock-army","11":"first","12":"instock","13":"taxable","14":"shipping-taxable","15":"purchasable","16":"product-type-simple"},"_links":{"self":[{"href":"https:\/\/www.bananatreeshop.com\/pt\/wp-json\/wp\/v2\/product\/33150","targetHints":{"allow":["GET"]}}],"collection":[{"href":"https:\/\/www.bananatreeshop.com\/pt\/wp-json\/wp\/v2\/product"}],"about":[{"href":"https:\/\/www.bananatreeshop.com\/pt\/wp-json\/wp\/v2\/types\/product"}],"replies":[{"embeddable":true,"href":"https:\/\/www.bananatreeshop.com\/pt\/wp-json\/wp\/v2\/comments?post=33150"}],"wp:featuredmedia":[{"embeddable":true,"href":"https:\/\/www.bananatreeshop.com\/pt\/wp-json\/wp\/v2\/media\/57384"}],"wp:attachment":[{"href":"https:\/\/www.bananatreeshop.com\/pt\/wp-json\/wp\/v2\/media?parent=33150"}],"wp:term":[{"taxonomy":"product_brand","embeddable":true,"href":"https:\/\/www.bananatreeshop.com\/pt\/wp-json\/wp\/v2\/product_brand?post=33150"},{"taxonomy":"product_cat","embeddable":true,"href":"https:\/\/www.bananatreeshop.com\/pt\/wp-json\/wp\/v2\/product_cat?post=33150"},{"taxonomy":"product_tag","embeddable":true,"href":"https:\/\/www.bananatreeshop.com\/pt\/wp-json\/wp\/v2\/product_tag?post=33150"}],"curies":[{"name":"wp","href":"https:\/\/api.w.org\/{rel}","templated":true}]}}