{"id":33257,"date":"2025-07-18T14:01:13","date_gmt":"2025-07-18T14:01:13","guid":{"rendered":"https:\/\/www.bananatreeshop.com\/?post_type=product&#038;p=33257"},"modified":"2026-04-05T13:17:34","modified_gmt":"2026-04-05T13:17:34","slug":"fleshlight-stamina-training-unit-ano","status":"publish","type":"product","link":"https:\/\/www.bananatreeshop.com\/pt\/produto\/fleshlight-stamina-training-unit-ano\/","title":{"rendered":"FLESHLIGHT &#8211; STAMINA TRAINING UNIT ANO"},"content":{"rendered":"<p>La pr\u00e1ctica hace al maestro, sobre todo en la cama. Stamina Training Unit Butt est\u00e1 especialmente dise\u00f1ado para reproducir las intensas sensaciones de la verdadera relaci\u00f3n sexual, ayudando a mejorar la resistencia, el rendimiento y las t\u00e9cnicas sexuales de los usuarios, as\u00ed como a aumentar e intensificar los orgasmos.<\/p>\n<p>\u00a1EL PRODUCTO DE FLESHLIGHT M\u00c1S VENDIDO DEL MUNDO!<\/p>\n<p>Est\u00e1 entrenando para un marat\u00f3n que le tendr\u00e1 horas y horas corriendo? O tal vez est\u00e1 tratando de ir un paso m\u00e1s all\u00e1 a trav\u00e9s de la dura competencia con una fuerza desenfrenada? De cualquier manera, Stamina Training Unit de Fleshlight es el accesorio perfecto. Al igual que su entrenador de atletismo de la universidad, nuestro dispositivo le proporcionar\u00e1 un duro entrenamiento para participar en cualquier carrera en la que desee competir. Stamina Training Unit reproduce en una manera incre\u00edble las sensaciones de las verdaderas relaciones sexuales y le obliga a ser mejor en la cama &#8211; algo que usted pudo haber fantaseado ya con su entrenador de atletismo.<\/p>\n<p>INCLUYE Esto es lo que recibir\u00e1 en su paquete STU<\/p>\n<ul>\n<li>Exclusivo Estuche Gold<\/li>\n<li>Manga patentada SuperSkin<\/li>\n<li>Orificio Butt\u00a0<\/li>\n<li>Instrucciones de uso y mantenimiento<\/li>\n<li>E-gu\u00eda GRATUITA para aumentar su resistencia<\/li>\n<\/ul>","protected":false},"excerpt":{"rendered":"<p>FLESHLIGHT &#8211; STAMINA TRAINING UNIT ANO<\/p>","protected":false},"featured_media":88994,"comment_status":"open","ping_status":"closed","template":"","meta":{"_eb_attr":""},"product_brand":[],"product_cat":[1152,1217,1443],"product_tag":[],"class_list":{"0":"post-33257","1":"product","2":"type-product","3":"status-publish","4":"has-post-thumbnail","6":"product_cat-juguetes-bienestar","7":"product_cat-juguetes-bienestar-juguetes-para-hombres","8":"product_cat-juguetes-bienestar-juguetes-para-hombresmasturbador-ano-sin-vibracion","9":"yith_product_brand-fleshlight","10":"yith_product_brand-fleshlightfleshlight-origin","12":"first","13":"instock","14":"taxable","15":"shipping-taxable","16":"purchasable","17":"product-type-simple"},"_links":{"self":[{"href":"https:\/\/www.bananatreeshop.com\/pt\/wp-json\/wp\/v2\/product\/33257","targetHints":{"allow":["GET"]}}],"collection":[{"href":"https:\/\/www.bananatreeshop.com\/pt\/wp-json\/wp\/v2\/product"}],"about":[{"href":"https:\/\/www.bananatreeshop.com\/pt\/wp-json\/wp\/v2\/types\/product"}],"replies":[{"embeddable":true,"href":"https:\/\/www.bananatreeshop.com\/pt\/wp-json\/wp\/v2\/comments?post=33257"}],"wp:featuredmedia":[{"embeddable":true,"href":"https:\/\/www.bananatreeshop.com\/pt\/wp-json\/wp\/v2\/media\/88994"}],"wp:attachment":[{"href":"https:\/\/www.bananatreeshop.com\/pt\/wp-json\/wp\/v2\/media?parent=33257"}],"wp:term":[{"taxonomy":"product_brand","embeddable":true,"href":"https:\/\/www.bananatreeshop.com\/pt\/wp-json\/wp\/v2\/product_brand?post=33257"},{"taxonomy":"product_cat","embeddable":true,"href":"https:\/\/www.bananatreeshop.com\/pt\/wp-json\/wp\/v2\/product_cat?post=33257"},{"taxonomy":"product_tag","embeddable":true,"href":"https:\/\/www.bananatreeshop.com\/pt\/wp-json\/wp\/v2\/product_tag?post=33257"}],"curies":[{"name":"wp","href":"https:\/\/api.w.org\/{rel}","templated":true}]}}