{"id":33338,"date":"2025-07-13T06:01:24","date_gmt":"2025-07-13T06:01:24","guid":{"rendered":"https:\/\/www.bananatreeshop.com\/?post_type=product&#038;p=33338"},"modified":"2026-04-19T03:01:42","modified_gmt":"2026-04-19T03:01:42","slug":"addicted-toys-penis-ring-with-remote-control-anal-plug-black-rechargeable","status":"publish","type":"product","link":"https:\/\/www.bananatreeshop.com\/pt\/produto\/addicted-toys-penis-ring-with-remote-control-anal-plug-black-rechargeable\/","title":{"rendered":"ADDICTED TOYS &#8211; ANILLA PENE CON PLUG ANAL CONTROL REMOTO NEGRO RECARGABLE"},"content":{"rendered":"<p>Dentro de toda la extensa gama de productos ADDICTED TOYS queremos ofrecerte la posibilidad de explorar el juego sexual con formas excitantes y sensuales experiencias.<\/p>\n<p>Si nunca has probado el juego anal, el Annal massager y cockring de ADDICTED TOYS es justo lo que necesitas para explorar el maravilloso mundo de la estimulaci\u00f3n anal.<\/p>\n<p>El anal plug  cock ring introducido en el ano y el anillo alrededor del pene, conseguir\u00e1s unas erecciones m\u00e1s duras que nunca! \u00a1El anillo de silicona s\u00faper el\u00e1stico pone la presi\u00f3n sobre las bajadas de energ\u00eda, manteniendo erecciones firmes que duran y duran! La cabeza redonda y suave hace que la entrada y la recuperaci\u00f3n sea muy sencilla, mientras que el eje delgado, afilado asegura que el plug permanecer\u00e1 en su lugar. \u00a1Coloca el anillo alrededor de la base del pene y los test\u00edculos y empieza a disfrutar de placer de larga duraci\u00f3n!<\/p>\n<p>Se puede controlar de forma inal\u00e1mbrica con el mando a distancia incluido, lo que hace que sus experiencias sensuales sean m\u00e1s creativas y excitantes<\/p>\n<p>Fabricado con silicona de grado m\u00e9dico supersuave, agradable para la piel, suave al tacto y extremadamente higi\u00e9nica<\/p>\n<ul>\n<li>Ideal para principiantes y para probar experiencias anales<\/li>\n<li>Medidas del Plug 15 X 10cm (Mirad imagen para detallar medidas )<\/li>\n<li>Motor Potente<\/li>\n<li>Control Remoto<\/li>\n<li>10 Modos de vibraci\u00f3n<\/li>\n<li>Cargador magn\u00e9tico<\/li>\n<li>Recargable<\/li>\n<li>Vibraci\u00f3n intensa<\/li>\n<li>Flexible<\/li>\n<li>Material Seguro<\/li>\n<li>Resistente al agua<\/li>\n<li>El mando funciona con 1 pila CR2032 incluida.<\/li>\n<\/ul>\n<p>Qu\u00e9 debo tener en cuenta al utilizar juguetes anales?<\/p>\n<p>Para conseguir una experiencia \u00f3ptima y poder disfrutar de manera placentera y sin sentir dolor, Addicted toys recomienda el uso de los lubricantes de la marca Black Hole<\/p>\n<p>Con el fin de que puedas disfrutar del juguete anal el mayor tiempo posible, te aconsejamos que lo limpies y desinfectes con un limpiador de juguetes antes y despu\u00e9s de cada uso. La composici\u00f3n de Desinfectante Spray de Waterfeel se adapta a la silicona suave y es cuidadosa con el material para que la superficie permanezca lisa y flexible.<\/p>","protected":false},"excerpt":{"rendered":"<p>ADDICTED TOYS &#8211; PENIS RING WITH REMOTE CONTROL ANAL PLUG BLACK RECHARGEABLE<\/p>","protected":false},"featured_media":73667,"comment_status":"open","ping_status":"closed","template":"","meta":{"_eb_attr":""},"product_brand":[],"product_cat":[1160,1355,258,1377,1159,1161],"product_tag":[],"class_list":{"0":"post-33338","1":"product","2":"type-product","3":"status-publish","4":"has-post-thumbnail","6":"product_cat-juguetes-bienestar-vibradores100-sumergible","7":"product_cat-bdsm-bondage-articulos-bdsm","8":"product_cat-bdsm-bondage","9":"product_cat-bdsm-bondage-articulos-bdsmplug-anal-bdsm","10":"product_cat-juguetes-bienestar-vibradores","11":"product_cat-juguetes-bienestar-vibradoresvibradores-control-remoto","12":"yith_product_brand-addicted-toys","14":"first","15":"instock","16":"taxable","17":"shipping-taxable","18":"purchasable","19":"product-type-simple"},"_links":{"self":[{"href":"https:\/\/www.bananatreeshop.com\/pt\/wp-json\/wp\/v2\/product\/33338","targetHints":{"allow":["GET"]}}],"collection":[{"href":"https:\/\/www.bananatreeshop.com\/pt\/wp-json\/wp\/v2\/product"}],"about":[{"href":"https:\/\/www.bananatreeshop.com\/pt\/wp-json\/wp\/v2\/types\/product"}],"replies":[{"embeddable":true,"href":"https:\/\/www.bananatreeshop.com\/pt\/wp-json\/wp\/v2\/comments?post=33338"}],"wp:featuredmedia":[{"embeddable":true,"href":"https:\/\/www.bananatreeshop.com\/pt\/wp-json\/wp\/v2\/media\/73667"}],"wp:attachment":[{"href":"https:\/\/www.bananatreeshop.com\/pt\/wp-json\/wp\/v2\/media?parent=33338"}],"wp:term":[{"taxonomy":"product_brand","embeddable":true,"href":"https:\/\/www.bananatreeshop.com\/pt\/wp-json\/wp\/v2\/product_brand?post=33338"},{"taxonomy":"product_cat","embeddable":true,"href":"https:\/\/www.bananatreeshop.com\/pt\/wp-json\/wp\/v2\/product_cat?post=33338"},{"taxonomy":"product_tag","embeddable":true,"href":"https:\/\/www.bananatreeshop.com\/pt\/wp-json\/wp\/v2\/product_tag?post=33338"}],"curies":[{"name":"wp","href":"https:\/\/api.w.org\/{rel}","templated":true}]}}