{"id":33726,"date":"2025-07-13T06:01:29","date_gmt":"2025-07-13T06:01:29","guid":{"rendered":"https:\/\/www.bananatreeshop.com\/?post_type=product&#038;p=33726"},"modified":"2026-04-19T03:01:49","modified_gmt":"2026-04-19T03:01:49","slug":"rocks-off-assberries-raspberry-plug-anal","status":"publish","type":"product","link":"https:\/\/www.bananatreeshop.com\/pt\/produto\/rocks-off-assberries-raspberry-plug-anal\/","title":{"rendered":"ROCKS-OFF &#8211; ASSBERRIES RASPBERRY PLUG ANAL"},"content":{"rendered":"<p>\u00a1Un jugoso juguete entre tus nalgas!<\/p>\n<p>Sexy, suculento y perfecto para tus estados de \u00e1nimo m\u00e1s fruct\u00edferos. Este juguete inteligente en forma de baya endulzar\u00e1 su tiempo de juego y es una verdadera delicia para su zona trasera!<\/p>\n<p>Rocks-Off Ass-Berries tiene el tama\u00f1o y la forma perfectos para principiantes, dando horas de intenso placer. Impulsado por el galardonado RO 80 Bullet Ass-Berries proporcionan diversi\u00f3n jugosa para su vago!<\/p>\n<ul>\n<li>Potentes vibraciones duraderas<\/li>\n<li>Silicona segura para el cuerpo<\/li>\n<li>7 funciones de dulves vibraciones\u00a0<\/li>\n<li>100% impermeable<\/li>\n<\/ul>","protected":false},"excerpt":{"rendered":"<p>ROCKS-OFF &#8211; ASSBERRIES RASPBERRY PLUG ANAL<\/p>","protected":false},"featured_media":73677,"comment_status":"open","ping_status":"closed","template":"","meta":{"_eb_attr":""},"product_brand":[],"product_cat":[1355,258,1253,1377,1159],"product_tag":[],"class_list":{"0":"post-33726","1":"product","2":"type-product","3":"status-publish","4":"has-post-thumbnail","6":"product_cat-bdsm-bondage-articulos-bdsm","7":"product_cat-bdsm-bondage","8":"product_cat-juguetes-bienestar-vibradoresmini-vibradores","9":"product_cat-bdsm-bondage-articulos-bdsmplug-anal-bdsm","10":"product_cat-juguetes-bienestar-vibradores","11":"yith_product_brand-rocks-off","13":"first","14":"instock","15":"taxable","16":"shipping-taxable","17":"purchasable","18":"product-type-simple"},"_links":{"self":[{"href":"https:\/\/www.bananatreeshop.com\/pt\/wp-json\/wp\/v2\/product\/33726","targetHints":{"allow":["GET"]}}],"collection":[{"href":"https:\/\/www.bananatreeshop.com\/pt\/wp-json\/wp\/v2\/product"}],"about":[{"href":"https:\/\/www.bananatreeshop.com\/pt\/wp-json\/wp\/v2\/types\/product"}],"replies":[{"embeddable":true,"href":"https:\/\/www.bananatreeshop.com\/pt\/wp-json\/wp\/v2\/comments?post=33726"}],"wp:featuredmedia":[{"embeddable":true,"href":"https:\/\/www.bananatreeshop.com\/pt\/wp-json\/wp\/v2\/media\/73677"}],"wp:attachment":[{"href":"https:\/\/www.bananatreeshop.com\/pt\/wp-json\/wp\/v2\/media?parent=33726"}],"wp:term":[{"taxonomy":"product_brand","embeddable":true,"href":"https:\/\/www.bananatreeshop.com\/pt\/wp-json\/wp\/v2\/product_brand?post=33726"},{"taxonomy":"product_cat","embeddable":true,"href":"https:\/\/www.bananatreeshop.com\/pt\/wp-json\/wp\/v2\/product_cat?post=33726"},{"taxonomy":"product_tag","embeddable":true,"href":"https:\/\/www.bananatreeshop.com\/pt\/wp-json\/wp\/v2\/product_tag?post=33726"}],"curies":[{"name":"wp","href":"https:\/\/api.w.org\/{rel}","templated":true}]}}