{"id":33820,"date":"2025-07-18T03:01:45","date_gmt":"2025-07-18T03:01:45","guid":{"rendered":"https:\/\/www.bananatreeshop.com\/?post_type=product&#038;p=33820"},"modified":"2026-04-17T17:04:45","modified_gmt":"2026-04-17T17:04:45","slug":"blacksilver-burton-remote-control-cockring-watchme","status":"publish","type":"product","link":"https:\/\/www.bananatreeshop.com\/pt\/produto\/blacksilver-burton-remote-control-cockring-watchme\/","title":{"rendered":"BLACKSILVER &#8211; BURTON CONTROL REMOTO COCKRING WATCHME"},"content":{"rendered":"<p>\u00a1Aqu\u00ed viene un regalo especialmente azucarado para tu mejor amigo! Esta maravilloso estimulador masculino se disfraza de anillo de pene y quiere endulzar las horas de tu coraz\u00f3n. Con el BlackSilver Ring puedes mejorar adecuadamente tu lanza de placer y darte a ti y a tu amada\/o est\u00edmulos de hormigueo. Con su superficie negro intenso, suave como la seda, hecha de silicona m\u00e9dica, el BlackSilver \u00a0lo pone en un \u00e9xtasis sensual tan pronto como se lo pone. El anillo se estira agradablemente y, por lo tanto, se adapta a todos los tama\u00f1os, solo para acomodarse y dar placer a su pene.<\/p>\n<ul>\n<li>M\u00e1ximo disfrute para \u00e9l y para ella. \u00a1El juego del amor extendido les da a ambos socios momentos sensuales! &#8216;<\/li>\n<\/ul>\n<p>Fant\u00e1stico anillo vibrador para jugar en pareja. Dispone de 10 tipos de vibraci\u00f3n diferentes y dos modos r\u00edtmicos que aumentar\u00e1n el placer de ambos. Puede durar hasta 60 minutos en funcionamiento.<\/p>\n<p>POTENCIADOR DE LA ERECCI\u00d3N<\/p>\n<p>Burton encuentra su uso en el juego de amor mutuo y les brinda placeres felices a ambos: Potencia el orgasmo gracias a su ajuste perfecto en el pene, efectivamente retrasa su eyaculaci\u00f3n y le brinda la m\u00e1xima resistencia adem\u00e1s de una erecci\u00f3n firme y dura, \u00a1y eso no solo lo har\u00e1 feliz! Adem\u00e1s, el estimulador de cl\u00edtoris de \u00e1rea grande es ancho y estimula tu perla de placer con solo presionar un bot\u00f3n con los 10 modos de vibraci\u00f3n intensa. Mima tu sexo con sus vibraciones profundas y te catapulta al cl\u00edmax.<\/p>\n<p>Y eso no es todo: gracias a su acabado impermeable, \u00a1la diversi\u00f3n para todos ustedes, tritones y sirenas de ba\u00f1o en la ducha no se detiene! O qu\u00e9 tal un concierto de estimulaci\u00f3n ronroneante como parte de un ba\u00f1o rom\u00e1ntico para dos &#8230;?<\/p>\n<p>\u00a1DALE PODER!<\/p>\n<p>BlacSilver ring est\u00e1 equipado con bater\u00edas integradas y, por lo tanto, se puede recargar de forma respetuosa con el medio ambiente. El cable de carga magn\u00e9tico USB incluido se puede complementar con un enchufe de alimentaci\u00f3n est\u00e1ndar de 5 V si es necesario.<\/p>\n<p>A\u00daN M\u00c1S DIVERTIDO CON CONTROL REMOTO WATCHME<\/p>\n<p>Los nuevos anillos de Blacksilver \u00a0 incluyen la tecnolog\u00eda reloj WATCHME, con el reloj incluido y listos para usar con el control remoto o sin el. Pero es que es esta tecnolog\u00eda?\u00a0<\/p>\n<p>Es un reloj inteligente sexual que te ayudar\u00e1 a controlar los juguetes sexuales WEARWATCH,\u00a0 Podemos sincronizarlos con los juguetes sexuales que utilicen la tecnolog\u00eda watchme para controlar las vibraciones y las funciones de nuestro sextoy .<\/p>\n<p>Funciones de un reloj WATCHME<\/p>\n<p>En un reloj WATCHME existen algunas funciones destacadas que pasamos a detallar:<\/p>\n<ul>\n<li>Activar \/ Desactivar la vibraci\u00f3n.<\/li>\n<li>Modificar los modos de vibraci\u00f3n<\/li>\n<li>Modificar las intensidades en cada modo de vibraci\u00f3n.<\/li>\n<\/ul>\n<p>Para un placer suave m\u00e1ximo, utilice siempre el anillo del pene con uno de los lubricantes a base de agua de Waterfeel original, que combinan de forma ideal con el producto. Esto har\u00e1 que su experiencia sea h\u00fameda e intensa y agregar\u00e1 un factor adicional de variedad. Est\u00e1n disponibles en muchas variantes incluso con efecto calor. \u00a0La composici\u00f3n vegana a base de agua es suave con el material y mantiene la superficie mate de seda de tu anillo agradable y suave.<\/p>\n<p>MATERIAL Y CUIDADO<\/p>\n<p>El anillo est\u00e1 hecho de silicona m\u00e9dica suave como la seda. El producto se puede limpiar f\u00e1cilmente con un poco de jab\u00f3n y agua tibia. Con un poco de limpiador desinfectante \u00a0para juguetes, puede garantizar una higiene particularmente profunda en todos los aspectos, idealmente con el spray desinfectante perfectamente coordinado de Waterfeel.<\/p>\n<ul>\n<li>Aniillo vibrador 100% silicona m\u00e9dica\u00a0<\/li>\n<li>Control remoto tecnolog\u00eda watchme<\/li>\n<li>Potente motor,\u00a0<\/li>\n<li>Bala extraible\u00a0<\/li>\n<li>USB recargable. Carga magn\u00e9tica\u00a0<\/li>\n<li>10 modos de vibraci\u00f3n\u00a0<\/li>\n<li>Silicona el\u00e1stica\u00a0<\/li>\n<li>Potente estimulaci\u00f3n\u00a0<\/li>\n<li>100% resistente al agua, apto para la ducha o el spa\u00a0<\/li>\n<li>Bodysafe, sin ftalatos\u00a0<\/li>\n<li>Di\u00e1metro: desde los 3.5 cm hasta los 8.6 cm\u00a0<\/li>\n<li>1 a\u00f1o de garant\u00eda\u00a0<\/li>\n<\/ul>\n<p>Disfrutar\u00a0verdaderamente del sexo en pareja ahora es posible con Burton<\/p>\n<p><span font-size:=\"\" roboto=\"\" style=\"color: rgb(57, 57, 57); font-family: \">**Nota; Este producto est\u00e1 prohibido venderlo en cualquier canal E-commerce. La venta est\u00e1 autorizada para puntos fisicos.\u00a0<\/span><\/p>","protected":false},"excerpt":{"rendered":"<p>BLACKSILVER &#8211; BURTON REMOTE CONTROL COCKRING WATCHME<\/p>","protected":false},"featured_media":87726,"comment_status":"open","ping_status":"closed","template":"","meta":{"_eb_attr":""},"product_brand":[],"product_cat":[1159,1161],"product_tag":[],"class_list":{"0":"post-33820","1":"product","2":"type-product","3":"status-publish","4":"has-post-thumbnail","6":"product_cat-juguetes-bienestar-vibradores","7":"product_cat-juguetes-bienestar-vibradoresvibradores-control-remoto","8":"yith_product_brand-blacksilver","10":"first","11":"instock","12":"taxable","13":"shipping-taxable","14":"purchasable","15":"product-type-simple"},"_links":{"self":[{"href":"https:\/\/www.bananatreeshop.com\/pt\/wp-json\/wp\/v2\/product\/33820","targetHints":{"allow":["GET"]}}],"collection":[{"href":"https:\/\/www.bananatreeshop.com\/pt\/wp-json\/wp\/v2\/product"}],"about":[{"href":"https:\/\/www.bananatreeshop.com\/pt\/wp-json\/wp\/v2\/types\/product"}],"replies":[{"embeddable":true,"href":"https:\/\/www.bananatreeshop.com\/pt\/wp-json\/wp\/v2\/comments?post=33820"}],"wp:featuredmedia":[{"embeddable":true,"href":"https:\/\/www.bananatreeshop.com\/pt\/wp-json\/wp\/v2\/media\/87726"}],"wp:attachment":[{"href":"https:\/\/www.bananatreeshop.com\/pt\/wp-json\/wp\/v2\/media?parent=33820"}],"wp:term":[{"taxonomy":"product_brand","embeddable":true,"href":"https:\/\/www.bananatreeshop.com\/pt\/wp-json\/wp\/v2\/product_brand?post=33820"},{"taxonomy":"product_cat","embeddable":true,"href":"https:\/\/www.bananatreeshop.com\/pt\/wp-json\/wp\/v2\/product_cat?post=33820"},{"taxonomy":"product_tag","embeddable":true,"href":"https:\/\/www.bananatreeshop.com\/pt\/wp-json\/wp\/v2\/product_tag?post=33820"}],"curies":[{"name":"wp","href":"https:\/\/api.w.org\/{rel}","templated":true}]}}