{"id":3387,"date":"2025-07-09T03:01:23","date_gmt":"2025-07-09T03:01:23","guid":{"rendered":"https:\/\/www.bananatreeshop.com\/?post_type=product&#038;p=3387"},"modified":"2026-03-31T16:03:30","modified_gmt":"2026-03-31T16:03:30","slug":"kheper-games-naipes-de-sexo-gay-gay-cards-game-es-en","status":"publish","type":"product","link":"https:\/\/www.bananatreeshop.com\/pt\/produto\/kheper-games-naipes-de-sexo-gay-gay-cards-game-es-en\/","title":{"rendered":"KHEPER GAMES &#8211; GAY SEX CARTAS CON POSTURAS SEXUALES ES\/EN"},"content":{"rendered":"<p>NAIPES DE SEXO GAY,<strong> GAY CARDS GAME<\/strong> un alocado y rom\u00e1ntico juego de cartas para dos muy divertido Cada carta ilustra una actividad de est\u00edmulo sexual o una posici\u00f3n sexual. Al jugar una de las tres cartas, usted y su pareja usar\u00e1n las cartas para planear una de las 100.000 fantas\u00edas posibles. Despu\u00e9s de construir una fantas\u00eda, ambos la realizaran. NAIPES DE SEXO, un alocado y rom\u00e1ntico juego de cartas para dos muy divertido<\/p>\n<p>NAIPES DE SEXO GAY, un alocado y rom\u00e1ntico juego de cartas para dos muy divertido Cada carta ilustra una actividad de est\u00edmulo sexual o una posici\u00f3n sexual. Al jugar una de las tres cartas, usted y su pareja usar\u00e1n las cartas para planear una de las 100.000 fantas\u00edas posibles. Despu\u00e9s de construir una fantas\u00eda, ambos la realizaran.<\/p>\n<p>Se puede jugar de tres formas.<\/p>\n<p>Compita para construir la \u00faltima noche de pasi\u00f3n al jugar La \u00daltima Fantas\u00eda, deje que el destino decida su noche con El Adivino de la Fortuna, o construya su fantas\u00eda mientras aprende acerca de lo que su pareja le gusta, ama, y desea con El Apetito Sexual de su Pareja.<br \/>Contenido<\/p>\n<p><span style=\"font-size: 13px;\">ES\/EN<\/span><\/p>","protected":false},"excerpt":{"rendered":"<p>KHEPER GAMES &#8211; NAIPES DE SEXO GAY, GAY CARDS GAME  ES\/EN<\/p>","protected":false},"featured_media":56771,"comment_status":"open","ping_status":"closed","template":"","meta":{"_eb_attr":""},"product_brand":[],"product_cat":[1187,1190,1207,1208,1152],"product_tag":[],"class_list":{"0":"post-3387","1":"product","2":"type-product","3":"status-publish","4":"has-post-thumbnail","6":"product_cat-juegos","7":"product_cat-juegos-juegos-de-cartas","8":"product_cat-juegos-juegos-en-espanol","9":"product_cat-juegos-juegos-en-ingles","10":"product_cat-juguetes-bienestar","11":"yith_product_brand-kheper-games","13":"first","14":"instock","15":"taxable","16":"shipping-taxable","17":"purchasable","18":"product-type-simple"},"_links":{"self":[{"href":"https:\/\/www.bananatreeshop.com\/pt\/wp-json\/wp\/v2\/product\/3387","targetHints":{"allow":["GET"]}}],"collection":[{"href":"https:\/\/www.bananatreeshop.com\/pt\/wp-json\/wp\/v2\/product"}],"about":[{"href":"https:\/\/www.bananatreeshop.com\/pt\/wp-json\/wp\/v2\/types\/product"}],"replies":[{"embeddable":true,"href":"https:\/\/www.bananatreeshop.com\/pt\/wp-json\/wp\/v2\/comments?post=3387"}],"wp:featuredmedia":[{"embeddable":true,"href":"https:\/\/www.bananatreeshop.com\/pt\/wp-json\/wp\/v2\/media\/56771"}],"wp:attachment":[{"href":"https:\/\/www.bananatreeshop.com\/pt\/wp-json\/wp\/v2\/media?parent=3387"}],"wp:term":[{"taxonomy":"product_brand","embeddable":true,"href":"https:\/\/www.bananatreeshop.com\/pt\/wp-json\/wp\/v2\/product_brand?post=3387"},{"taxonomy":"product_cat","embeddable":true,"href":"https:\/\/www.bananatreeshop.com\/pt\/wp-json\/wp\/v2\/product_cat?post=3387"},{"taxonomy":"product_tag","embeddable":true,"href":"https:\/\/www.bananatreeshop.com\/pt\/wp-json\/wp\/v2\/product_tag?post=3387"}],"curies":[{"name":"wp","href":"https:\/\/api.w.org\/{rel}","templated":true}]}}