{"id":3466,"date":"2025-07-10T03:01:10","date_gmt":"2025-07-10T03:01:10","guid":{"rendered":"https:\/\/www.bananatreeshop.com\/?post_type=product&#038;p=3466"},"modified":"2026-04-16T12:01:46","modified_gmt":"2026-04-16T12:01:46","slug":"lelo-mona-2-vibrator-fuchsia","status":"publish","type":"product","link":"https:\/\/www.bananatreeshop.com\/pt\/produto\/lelo-mona-2-vibrator-fuchsia\/","title":{"rendered":"LELO &#8211; MONA 2 VIBRADOR FUCSIA"},"content":{"rendered":"<p>De este precioso vibrador de tama\u00f1o medio puede decirse que tiene curvas donde hay que tenerlas: gracias a sus formas ergon\u00f3micas es capaz de provocar sensaciones de una intensidad y plenitud que parecer\u00edan imposibles en un vibrador de este tama\u00f1o.<\/p>\n<ul>\n<li>Sus seis modos de estimulaci\u00f3n tambi\u00e9n contribuyen a que tan deliciosa aventura de exploraci\u00f3n se prolongue en el tiempo sin que decaiga jam\u00e1s el inter\u00e9s.<\/li>\n<\/ul>\n<p>Dise\u00f1ado tambi\u00e9n para estimular de maneras muy diversas el punto G y el cl\u00edtoris, MONA 2 resulta ideal para quienes, a solas o en pareja, quieren llevar su sensualidad un poco m\u00e1s lejos y satisfacer el deseo de vivir por dentro una experiencia incomparable.<\/p>\n<p>Como ocurre con todos los objetos de placer LELO, MONA 2 est\u00e1 dise\u00f1ado para proporcionar un intenso gozo f\u00edsico y una absoluta paz espiritual en cualquier situaci\u00f3n y bajo cualquier circunstancia.<\/p>\n<p>Fabricado con pl\u00e1stico PC-ABS\/ silicona aprobados por la FDA y libres de ftalato, MONA proporciona 4 horas de vibraciones pr\u00e1cticamente silenciosas tras un tiempo de carga de apenas 2 horas.<\/p>\n<p>La velocidad y la intensidad se regulan f\u00e1cilmente mediante un intuitivo disco de control, y ambas funciones pueden bloquearse completamente para garantizar un discreto transporte del objeto en todo momento.<\/p>\n<p>Asimismo, MONA se presenta en una elegante caja de regalo que contiene una lujosa bolsita de sat\u00e9n para guardarlo, adem\u00e1s de un cargador, el manual de usuario y la garant\u00eda completa LELO de 1 a\u00f1o.<\/p>\n<p>Ahora el nuevo MONA 2 incluye nuevas mejoras respecto a la versi\u00f3n anterior:<\/p>\n<ul>\n<li>Dispone de un contorno \u00fanico para alcanzar el punto G, transmitiendo placer ah\u00ed donde m\u00e1s cuenta.<\/li>\n<li>El doble de potencia en cada uno de sus 6 patrones de vibraci\u00f3n. Sus motores han sido mejorados para llevar tu placer al l\u00edmite.<\/li>\n<li>Ahora totalmente sumergible para un uso m\u00e1s vers\u00e1til. Para que lo puedas disfrutar en el ba\u00f1o o en la ducha y tambi\u00e9n limpiarlo con m\u00e1s facilidad.<\/li>\n<li>Recargable, silencioso y listo para viajar. Bloqueo total con discretas y placenteras vibraciones.<\/li>\n<li>Seguro para el cuerpo y muy c\u00f3modo. Fabricado con silicona FDA con revestimiento de extrema suavidad.<\/li>\n<li>Calidad y garant\u00eda sin rival. Dispone de 1 a\u00f1o de garant\u00eda Lelo para tu m\u00e1xima tranquilidad.<\/li>\n<\/ul>\n<p>Tama\u00f1o: 20 x 3,5 cm.<\/p>","protected":false},"excerpt":{"rendered":"<p>LELO &#8211; MONA 2 VIBRATOR FUCHSIA<\/p>","protected":false},"featured_media":62077,"comment_status":"open","ping_status":"closed","template":"","meta":{"_eb_attr":""},"product_brand":[],"product_cat":[1159,1251],"product_tag":[],"class_list":{"0":"post-3466","1":"product","2":"type-product","3":"status-publish","4":"has-post-thumbnail","6":"product_cat-juguetes-bienestar-vibradores","7":"product_cat-juguetes-bienestar-vibradoresvibradores-hi-tech","8":"yith_product_brand-lelo","10":"first","11":"instock","12":"taxable","13":"shipping-taxable","14":"purchasable","15":"product-type-simple"},"_links":{"self":[{"href":"https:\/\/www.bananatreeshop.com\/pt\/wp-json\/wp\/v2\/product\/3466","targetHints":{"allow":["GET"]}}],"collection":[{"href":"https:\/\/www.bananatreeshop.com\/pt\/wp-json\/wp\/v2\/product"}],"about":[{"href":"https:\/\/www.bananatreeshop.com\/pt\/wp-json\/wp\/v2\/types\/product"}],"replies":[{"embeddable":true,"href":"https:\/\/www.bananatreeshop.com\/pt\/wp-json\/wp\/v2\/comments?post=3466"}],"wp:featuredmedia":[{"embeddable":true,"href":"https:\/\/www.bananatreeshop.com\/pt\/wp-json\/wp\/v2\/media\/62077"}],"wp:attachment":[{"href":"https:\/\/www.bananatreeshop.com\/pt\/wp-json\/wp\/v2\/media?parent=3466"}],"wp:term":[{"taxonomy":"product_brand","embeddable":true,"href":"https:\/\/www.bananatreeshop.com\/pt\/wp-json\/wp\/v2\/product_brand?post=3466"},{"taxonomy":"product_cat","embeddable":true,"href":"https:\/\/www.bananatreeshop.com\/pt\/wp-json\/wp\/v2\/product_cat?post=3466"},{"taxonomy":"product_tag","embeddable":true,"href":"https:\/\/www.bananatreeshop.com\/pt\/wp-json\/wp\/v2\/product_tag?post=3466"}],"curies":[{"name":"wp","href":"https:\/\/api.w.org\/{rel}","templated":true}]}}