{"id":35139,"date":"2025-07-09T11:01:07","date_gmt":"2025-07-09T11:01:07","guid":{"rendered":"https:\/\/www.bananatreeshop.com\/?post_type=product&#038;p=35139"},"modified":"2026-04-13T22:04:22","modified_gmt":"2026-04-13T22:04:22","slug":"rewolution-rewoflex-flexible-g-point-stimulator-vibrator","status":"publish","type":"product","link":"https:\/\/www.bananatreeshop.com\/pt\/produto\/rewolution-rewoflex-flexible-g-point-stimulator-vibrator\/","title":{"rendered":"REWOLUTION &#8211; REWOFLEX VIBRADOR ESTIMULADOR PUNTO G FLEXIBLE"},"content":{"rendered":"<p><strong>VIBRADOR PARA ESTIMULACI\u00d3N DEL PUNTO G<\/strong><\/p>\n<p>\u00a1Toda la libertad de un juguete a bater\u00eda, sin sacrificar potencia! REWOFLEX tiene el motor a bater\u00eda m\u00e1s potente del mercado, gracias a nuestra tecnolog\u00eda patentada rewobattery+<\/p>\n<p><strong>QU\u00c9 HACE QUE REWOFLEX SEA ESPECIAL?<\/strong><\/p>\n<p>REWOFLEX est\u00e1 forrado con bordes de silicona que se ondulan contra tu punto G, d\u00e1ndote un masaje profundo con cada movimiento. Tambi\u00e9n es muy poderoso, con la vibraci\u00f3n de tono de bajo profundo y retumbante que adoran nuestros clientes. Hemos dise\u00f1ado un vibrador que mantiene un nivel constante de energ\u00eda durante toda la vida \u00fatil de la bater\u00eda, en lugar de volverse cada vez menos potente a medida que se agota la bater\u00eda.<\/p>\n<p><strong>Cu\u00e1l es el punto G? <\/strong><\/p>\n<p>Probablemente has escuchado del punto G, junto con que es la \u201cclave\u201d para lograr un orgasmo vaginal incre\u00edble. Es real? La respuesta es complicada. El punto Gr\u00e4fenberg, conocido como el punto G, fue descubierto por la Dra. Beverly Whipple cuando not\u00f3 que hacer el movimiento \u201cven ac\u00e1\u201d con los dedos a lo largo del interior de la vagina produc\u00eda una respuesta f\u00edsica en las mujeres. Consider\u00f3 que esta regi\u00f3n podr\u00eda ser la clave para que las mujeres logren orgasmos durante las relaciones sexuales. Sin embargo, es importante aclarar que el punto G no es realmente una parte distinta de tu anatom\u00eda. De hecho, en un estudio de 2017, los investigadores intentaron encontrar el punto G sin lograrlo. En lugar de ser un punto separado en tu vagina, el punto G es parte del \u00e1rea clitoral. Esto significa que cuando est\u00e1s estimulando el punto G, realmente est\u00e1s estimulando parte del cl\u00edtoris, el cual es mucho m\u00e1s grande de lo que nos han hecho creer. Resulta que el centro del tama\u00f1o de una arveja en donde se une la labia interior, es en realidad solo la punta del cl\u00edtoris y se divide en dos \u201cra\u00edces\u201d que puede ser de aproximadamente cuatro pulgadas de largo. Adem\u00e1s, esta regi\u00f3n puede variar dependiendo de cada mujer, lo cual explica por qu\u00e9 con frecuencia puede ser dif\u00edcil de localizarla. Sin embargo, cuando se estimula, el punto G puede ocasionar la eyaculaci\u00f3n femenina (s\u00ed, esto es real) y ayudar a las mujeres a lograr un orgasmo vaginal.<\/p>\n<p>Con <strong>REWOFUN<\/strong>, hemos solucionado la forma de encontrar tu punto G de forma f\u00e1cil. calor. Todos los juguetes Rewolution por supuesto son impermeables y ser\u00e1 tu acompa\u00f1ante perfecto tanto en una rom\u00e1ntica ba\u00f1era de hidromasaje como bajo las c\u00f3modas s\u00e1banas de tu casa. Las vibraciones debajo del agua de este compa\u00f1ero de diversi\u00f3n son percibidas por muchas parejas como particularmente intensas. Adem\u00e1s, como el vibrador es impermeable (IPX7), tambi\u00e9n te podr\u00e1 acompa\u00f1ar en los lugares m\u00e1s h\u00famedos, como la ducha o la ba\u00f1era. Si Rewoflex se queda sin aliento, sus bater\u00edas integradas se pueden recargar mediante el cable de carga USB incluido.<\/p>\n<p><strong>Caracter\u00edsticas<\/strong><\/p>\n<ul>\n<li>Vibrador para punto G.<\/li>\n<li>Vibrador frecuencia pulsante soft<\/li>\n<li>Vibraci\u00f3n profunda superintensa<\/li>\n<li>Silicona grado medico<\/li>\n<li>Bater\u00eda de iones de litio<\/li>\n<li>Recargable por USB<\/li>\n<li>Estanco IPX7<\/li>\n<li>10 Modos de vibraci\u00f3n<\/li>\n<li>Contorneado para estimular con precisi\u00f3n sus puntos de placer \u2022 Adecuado para estimulaci\u00f3n interna y externa<\/li>\n<li>100% resistente al agua para una f\u00e1cil limpieza y ba\u00f1os m\u00e1s calientes que calientes<\/li>\n<li>Medidas: 22.0 x 3.2 x 3.2 cm\n<ul>\n<li>Longitud insertable: 15.0 cm<\/li>\n<\/ul>\n<\/li>\n<li>Vibrador 100% vegano<\/li>\n<\/ul>\n<p>Para finalizar REWOLUTION te ofrece una garant\u00eda de 2 a\u00f1os. Listo para la acci\u00f3n?<\/p>\n<p><strong>En que se inspira REWOLUTION?<\/strong><\/p>\n<p>Mucho antes que el movimiento feminista diese sus primeros coletazos durante la Revoluci\u00f3n Francesa, han existido mujeres de gran poder, inteligencia y con la autoridad de cambiar el mundo; un logro que tiene doble m\u00e9rito, teniendo en cuenta la \u00e9poca en la que vivieron muchas de ellas. El ejemplo de estas mujeres dio cuenta de una ruptura del molde social impuesto por las clases dominantes y la autoridad pol\u00edtica, real o eclesi\u00e1stica del momento: la de que la mujer estaba supeditada al poder de los varones. Si bien no todas ellas trabajaron conscientemente en favor del movimiento de igualdad de derechos, contribuyeron a inspirar una transformaci\u00f3n moral y cultural en lo que respecta al papel de la mujer en la sociedad.<\/p>\n<p>Rewolution est\u00e1 inspirada en la revoluci\u00f3n francesa adaptada a la \u00e9poca actual. Una reivindicaci\u00f3n de derechos por la igualdad en todos los aspectos. El aborto, las relaciones interraciales, el sexo fuera del matrimonio, el cine er\u00f3tico y pornogr\u00e1fico, las fiestas sexuales, la planificaci\u00f3n familiar y, sobre todo, el f\u00e1cil acceso a diferentes m\u00e9todos anticonceptivos acaba por meternos de lleno en la revoluci\u00f3n sexual. Una que, ahora s\u00ed, tiene a las mujeres al frente. Los hombres pod\u00edan haber tenido las suyas en el pasado y por supuesto que estaban invitados a esta, pero solo con la liberaci\u00f3n de la mujer pudo llegar un verdadero cambio en nuestra sociedad. En las \u00faltimas d\u00e9cadas las mujeres deciden voluntaria y abiertamente convertirse en madres solteras mientras se abren camino en sus carreras profesionales gracias a una autonom\u00eda que deja de estar mal vista.<\/p>\n<p>Este estilo de vida es reforzado a\u00fan m\u00e1s por la aparici\u00f3n de t\u00e9cnicas de reproducci\u00f3n in vitro en los inicios de los a\u00f1os 80. La segunda ola del feminismo ayuda a propulsar la tercera, a principios de la d\u00e9cada de los 90, poniendo nuevos temas en la mesa como la ecofeminismo, el feminismo l\u00e9sbico y el trans feminismo. La mujer comienza a tomar cartas en temas que pese a ser derivados de su propia revoluci\u00f3n sexual a\u00fan eran controlados por los hombres. La historia de la revoluci\u00f3n sexual de la mujer contin\u00faa avanzando en el presente, impulsada ahora por una cuarta ola del feminismo nacida la pasada d\u00e9cada y que pretende derribar los resquicios de una sociedad machista luchando contra lacras como son el acoso sexual o la violencia a las mujeres.<\/p>\n<p>No importa de qu\u00e9 generaci\u00f3n seas. \u00a1\u00a1Todas y todos somos protagonistas de la revoluci\u00f3n sexual y por eso hemos creado REWOLUTION!! Unete al movimiento feminista y \u00fanete a la revoluci\u00f3n sexual!<\/p>\n<p>\u00a0<\/p>\n<p style=\"text-align: center;\"><iframe loading=\"lazy\" allow=\"autoplay; fullscreen; picture-in-picture\" allowfullscreen=\"\" frameborder=\"0\" height=\"360\" src=\"https:\/\/player.vimeo.com\/video\/541850456\" width=\"640\"><\/iframe><\/p>","protected":false},"excerpt":{"rendered":"<p>REWOLUTION &#8211; REWOFLEX FLEXIBLE G-POINT STIMULATOR VIBRATOR<\/p>","protected":false},"featured_media":58038,"comment_status":"open","ping_status":"closed","template":"","meta":{"_eb_attr":""},"product_brand":[],"product_cat":[1152,1159,1232,1231],"product_tag":[],"class_list":{"0":"post-35139","1":"product","2":"type-product","3":"status-publish","4":"has-post-thumbnail","6":"product_cat-juguetes-bienestar","7":"product_cat-juguetes-bienestar-vibradores","8":"product_cat-juguetes-bienestar-vibradoresvibradores-clasicos-anales-o-vaginales","9":"product_cat-juguetes-bienestar-vibradoresvibradores-punto-g","10":"yith_product_brand-rewolution","12":"first","13":"instock","14":"taxable","15":"shipping-taxable","16":"purchasable","17":"product-type-simple"},"_links":{"self":[{"href":"https:\/\/www.bananatreeshop.com\/pt\/wp-json\/wp\/v2\/product\/35139","targetHints":{"allow":["GET"]}}],"collection":[{"href":"https:\/\/www.bananatreeshop.com\/pt\/wp-json\/wp\/v2\/product"}],"about":[{"href":"https:\/\/www.bananatreeshop.com\/pt\/wp-json\/wp\/v2\/types\/product"}],"replies":[{"embeddable":true,"href":"https:\/\/www.bananatreeshop.com\/pt\/wp-json\/wp\/v2\/comments?post=35139"}],"wp:featuredmedia":[{"embeddable":true,"href":"https:\/\/www.bananatreeshop.com\/pt\/wp-json\/wp\/v2\/media\/58038"}],"wp:attachment":[{"href":"https:\/\/www.bananatreeshop.com\/pt\/wp-json\/wp\/v2\/media?parent=35139"}],"wp:term":[{"taxonomy":"product_brand","embeddable":true,"href":"https:\/\/www.bananatreeshop.com\/pt\/wp-json\/wp\/v2\/product_brand?post=35139"},{"taxonomy":"product_cat","embeddable":true,"href":"https:\/\/www.bananatreeshop.com\/pt\/wp-json\/wp\/v2\/product_cat?post=35139"},{"taxonomy":"product_tag","embeddable":true,"href":"https:\/\/www.bananatreeshop.com\/pt\/wp-json\/wp\/v2\/product_tag?post=35139"}],"curies":[{"name":"wp","href":"https:\/\/api.w.org\/{rel}","templated":true}]}}