{"id":35142,"date":"2025-07-10T11:01:06","date_gmt":"2025-07-10T11:01:06","guid":{"rendered":"https:\/\/www.bananatreeshop.com\/?post_type=product&#038;p=35142"},"modified":"2026-03-31T22:02:41","modified_gmt":"2026-03-31T22:02:41","slug":"rewolution-rewobeads-vibrating-balls-remote-control-with-watchme-technology","status":"publish","type":"product","link":"https:\/\/www.bananatreeshop.com\/pt\/produto\/rewolution-rewobeads-vibrating-balls-remote-control-with-watchme-technology\/","title":{"rendered":"REWOLUTION &#8211; REWOBEADS BOLAS VIBRADORAS CONTROL REMOTO CON TECNOLOGIA WATCHME"},"content":{"rendered":"<p>\u00a1Con este juego de bolas de amor, el entrenamiento diario ser\u00e1 m\u00e1s c\u00f3modo que nunca! Con un peso de 35 gramos, la bola de amor individual es perfecta para principiantes. La bola del amor doble te desaf\u00eda mucho m\u00e1s con un peso de 70 gramos.<\/p>\n<p>La bola del amor vibrante est\u00e1 en el medio con un peso de 60 gramos. La funci\u00f3n de vibraci\u00f3n, que tambi\u00e9n te estimula, es especial aqu\u00ed. Con el control remoto incluido de tecnolog\u00eda WATCHME, puede seleccionar f\u00e1cilmente los programas o incluso dejar el control a su amante..<\/p>\n<p>El material agradable para la piel se siente perfecto al contacto con la Piel. La superficie ligeramente estructurada de las bolas de amor tambi\u00e9n te estimula. Un practico cordon de silicona seguro retr\u00e1ctil permite quitar las bolas f\u00e1cilmente. Si desea llevar sus nuevas bolas de amor en climas h\u00famedos, nada se interpone en su camino.<\/p>\n<p><strong>REWOBEADS<\/strong> se fabrica a prueba de agua. Y si se quedan sin aliento, puede recargarlos f\u00e1cilmente con el cable de carga USB incluido.<\/p>\n<p><strong>BOLAS PEQUE\u00d1AS &#8211; GRAN EFECTO <\/strong><\/p>\n<p>Estas bolas de amor combinan entrenamiento y estimulaci\u00f3n por excelencia. Solo 15 minutos de uso al d\u00eda son suficientes para fortalecer de manera sostenible los m\u00fasculos del suelo p\u00e9lvico. Estos m\u00fasculos son responsables, entre otras cosas, de su capacidad para llegar al orgasmo. Pero no solo aumenta la diversi\u00f3n del juego. Tambi\u00e9n previenen la incontinencia de orina . Es particularmente importante que comiences a entrenar ya, incluso si a\u00fan no tienes ning\u00fan s\u00edntoma. Adem\u00e1s, las bolas de amor son beneficiosas para las mujeres despu\u00e9s del parto. Los m\u00fasculos estresados se entrenan nuevamente y nada se interpone en el camino de divertirse juntos. Tu pareja tambi\u00e9n se beneficiar\u00e1 de tu nuevo juguete favorito. Con los m\u00fasculos fortalecidos, tu pareja notar\u00e1 una intensa sensaci\u00f3n de opresi\u00f3n y no querr\u00e1 soltarte en el futuro. Todos los juguetes Rewoluton por supuesto son impermeables y ser\u00e1 tu acompa\u00f1ante perfecto tanto en una rom\u00e1ntica ba\u00f1era de hidromasaje como bajo las c\u00f3modas s\u00e1banas de tu casa. Las vibraciones debajo del agua de este compa\u00f1ero de diversi\u00f3n son percibidas por muchas parejas como particularmente intensas.<\/p>\n<p>Adem\u00e1s, <strong>REWOBEADS<\/strong> es impermeable (IPX7), tambi\u00e9n te podr\u00e1 acompa\u00f1ar en los lugares m\u00e1s h\u00famedos, como la ducha o la ba\u00f1era. Si Rewobead con vibraci\u00f3n se queda sin aliento, sus bater\u00edas integradas se pueden recargar mediante el cable de carga USB incluido.<\/p>\n<p><strong>Caracter\u00edsticas<\/strong><\/p>\n<ul>\n<li>Set bolas de amor para fortalecer el suelo p\u00e9lvico.\n<ul>\n<li>4.1 x 3.3 cm &#8211; 35 g<\/li>\n<li>8.9 x 3.25 x 3.3 cm &#8211; 70 g<\/li>\n<li>9.9 x 3.65 x 3.75 cm &#8211; 60 g<\/li>\n<\/ul>\n<\/li>\n<li>Silicona suave y sedosa.<\/li>\n<li>Vibraci\u00f3n profunda super intensa en el set de bolas con vibraci\u00f3n.<\/li>\n<li>Control remoto tecnolog\u00eda watchme.<\/li>\n<li>Bater\u00eda de iones de litio<\/li>\n<li>Recargable por USB<\/li>\n<li>Estanco IPX7<\/li>\n<li>10 Modos de vibraci\u00f3n<\/li>\n<li>Adecuado para fortalecer el suelo p\u00e9lvico.<\/li>\n<li>100% resistente al agua para una f\u00e1cil limpieza y ba\u00f1os m\u00e1s calientes que calientes<\/li>\n<li>Vibrador 100% vegano<\/li>\n<li>Para finalizar REWOLUTION te ofrece una garant\u00eda de 2 a\u00f1os. Listo para la acci\u00f3n?<\/li>\n<\/ul>\n<p><strong>En que se inspira REWOLUTION?<\/strong><\/p>\n<p>Mucho antes que el movimiento feminista diese sus primeros coletazos durante la Revoluci\u00f3n Francesa, han existido mujeres de gran poder, inteligencia y con la autoridad de cambiar el mundo; un logro que tiene doble m\u00e9rito, teniendo en cuenta la \u00e9poca en la que vivieron muchas de ellas. El ejemplo de estas mujeres dio cuenta de una ruptura del molde social impuesto por las clases dominantes y la autoridad pol\u00edtica, real o eclesi\u00e1stica del momento: la de que la mujer estaba supeditada al poder de los varones. Si bien no todas ellas trabajaron conscientemente en favor del movimiento de igualdad de derechos, contribuyeron a inspirar una transformaci\u00f3n moral y cultural en lo que respecta al papel de la mujer en la sociedad. Rewolution est\u00e1 inspirada en la revoluci\u00f3n francesa adaptada a la \u00e9poca actual. Una reivindicaci\u00f3n de derechos por la igualdad en todos los aspectos.<\/p>\n<p>El aborto, las relaciones interraciales, el sexo fuera del matrimonio, el cine er\u00f3tico y pornogr\u00e1fico, las fiestas sexuales, la planificaci\u00f3n familiar y, sobre todo, el f\u00e1cil acceso a diferentes m\u00e9todos anticonceptivos acaba por meternos de lleno en la revoluci\u00f3n sexual. Una que, ahora s\u00ed, tiene a las mujeres al frente. Los hombres pod\u00edan haber tenido las suyas en el pasado y por supuesto que estaban invitados a esta, pero solo con la liberaci\u00f3n de la mujer pudo llegar un verdadero cambio en nuestra sociedad.<\/p>\n<p>En las \u00faltimas d\u00e9cadas las mujeres deciden voluntaria y abiertamente convertirse en madres solteras mientras se abren camino en sus carreras profesionales gracias a una autonom\u00eda que deja de estar mal vista.<\/p>\n<p>Este estilo de vida es reforzado a\u00fan m\u00e1s por la aparici\u00f3n de t\u00e9cnicas de reproducci\u00f3n in vitro en los inicios de los a\u00f1os 80. La segunda ola del feminismo ayuda a propulsar la tercera, a principios de la d\u00e9cada de los 90, poniendo nuevos temas en la mesa como la ecofeminismo, el feminismo l\u00e9sbico y el trans feminismo. La mujer comienza a tomar cartas en temas que pese a ser derivados de su propia revoluci\u00f3n sexual a\u00fan eran controlados por los hombres.<\/p>\n<p>La historia de la revoluci\u00f3n sexual de la mujer contin\u00faa avanzando en el presente, impulsada ahora por una cuarta ola del feminismo nacida la pasada d\u00e9cada y que pretende derribar los resquicios de una sociedad machista luchando contra lacras como son el acoso sexual o la violencia a las mujeres.<\/p>\n<p>No importa de qu\u00e9 generaci\u00f3n seas. \u00a1\u00a1Todas y todos somos protagonistas de la revoluci\u00f3n sexual y por eso hemos creado REWOLUTION!! Unete al movimiento feminista y \u00fanete a la revoluci\u00f3n sexual!<\/p>\n<p>A qui\u00e9n no le gusta un buen orgasmo? Alguno de vosotros no disfrut\u00e1is con las relaciones \u00edntimas m\u00e1s placenteras?Que levante la mano el que no goce y se sienta \u00fanico en el mundo mientras su amante le est\u00e1 poniendo a 1.000 por hora.<\/p>\n<p style=\"text-align: center;\"><iframe loading=\"lazy\" allow=\"autoplay; fullscreen; picture-in-picture\" allowfullscreen=\"\" frameborder=\"0\" height=\"360\" src=\"https:\/\/player.vimeo.com\/video\/541850456\" width=\"640\"><\/iframe><\/p>","protected":false},"excerpt":{"rendered":"<p>REWOLUTION &#8211; REWOBEADS VIBRATING BALLS REMOTE CONTROL WITH WATCHME TECHNOLOGY<\/p>","protected":false},"featured_media":63243,"comment_status":"open","ping_status":"closed","template":"","meta":{"_eb_attr":""},"product_brand":[],"product_cat":[1256,1255,1250,1152,1153,1159,1161,1251],"product_tag":[],"class_list":{"0":"post-35142","1":"product","2":"type-product","3":"status-publish","4":"has-post-thumbnail","6":"product_cat-juguetes-bienestar-juguetes-para-mujeresbolas-chinasbolas-basicas","7":"product_cat-juguetes-bienestar-juguetes-para-mujeresbolas-chinas","8":"product_cat-juguetes-bienestar-juguetes-para-mujeresestimuladores","9":"product_cat-juguetes-bienestar","10":"product_cat-juguetes-bienestar-juguetes-para-mujeres","11":"product_cat-juguetes-bienestar-vibradores","12":"product_cat-juguetes-bienestar-vibradoresvibradores-control-remoto","13":"product_cat-juguetes-bienestar-vibradoresvibradores-hi-tech","14":"yith_product_brand-rewolution","16":"first","17":"instock","18":"taxable","19":"shipping-taxable","20":"purchasable","21":"product-type-simple"},"_links":{"self":[{"href":"https:\/\/www.bananatreeshop.com\/pt\/wp-json\/wp\/v2\/product\/35142","targetHints":{"allow":["GET"]}}],"collection":[{"href":"https:\/\/www.bananatreeshop.com\/pt\/wp-json\/wp\/v2\/product"}],"about":[{"href":"https:\/\/www.bananatreeshop.com\/pt\/wp-json\/wp\/v2\/types\/product"}],"replies":[{"embeddable":true,"href":"https:\/\/www.bananatreeshop.com\/pt\/wp-json\/wp\/v2\/comments?post=35142"}],"wp:featuredmedia":[{"embeddable":true,"href":"https:\/\/www.bananatreeshop.com\/pt\/wp-json\/wp\/v2\/media\/63243"}],"wp:attachment":[{"href":"https:\/\/www.bananatreeshop.com\/pt\/wp-json\/wp\/v2\/media?parent=35142"}],"wp:term":[{"taxonomy":"product_brand","embeddable":true,"href":"https:\/\/www.bananatreeshop.com\/pt\/wp-json\/wp\/v2\/product_brand?post=35142"},{"taxonomy":"product_cat","embeddable":true,"href":"https:\/\/www.bananatreeshop.com\/pt\/wp-json\/wp\/v2\/product_cat?post=35142"},{"taxonomy":"product_tag","embeddable":true,"href":"https:\/\/www.bananatreeshop.com\/pt\/wp-json\/wp\/v2\/product_tag?post=35142"}],"curies":[{"name":"wp","href":"https:\/\/api.w.org\/{rel}","templated":true}]}}