{"id":35143,"date":"2025-07-13T06:01:41","date_gmt":"2025-07-13T06:01:41","guid":{"rendered":"https:\/\/www.bananatreeshop.com\/?post_type=product&#038;p=35143"},"modified":"2026-04-19T03:02:09","modified_gmt":"2026-04-19T03:02:09","slug":"kiiroo-lumen-plug-vibration-control-app","status":"publish","type":"product","link":"https:\/\/www.bananatreeshop.com\/pt\/produto\/kiiroo-lumen-plug-vibration-control-app\/","title":{"rendered":"KIIROO &#8211; LUMEN PLUG VIBRACI\u00d3N CONTROL APP"},"content":{"rendered":"<p>Ilumina tus deseos con este\u00a0placentero plug con vibraci\u00f3n Lumen LED<\/p>\n<ul>\n<li>Perfecto para parejas controlado por app\u00a0Descarga gratuita la App<\/li>\n<li>USB recargable<\/li>\n<li>Materiales bodysafe<\/li>\n<li>Led para exhibici\u00f3n visual de vibraciones<\/li>\n<li>Resistente al agua\u00a0<\/li>\n<li>Se conecta con productos Kiiroo<\/li>\n<li>4 patrones escalables manuales para disfrutar<\/li>\n<li>1 a\u00f1o de garant\u00eda del fabricante<\/li>\n<\/ul>\n<p><strong>EL AJUSTE PERFECTO<\/strong><\/p>\n<p>La atenci\u00f3n al detalle tiene un significado completamente nuevo. El Lumen cuenta con velvet wave\u2122 tecnolog\u00eda de confort, una silicona con cresta acolchada que ofrece comodidad y placer para una experiencia fabulosa, pero oh-tan placentera. Sus crestas externas hacen que tenga\u00a0la cantidad justa de fricci\u00f3n y estimulaci\u00f3n para una experiencia fuera de este mundo.<\/p>\n<p><strong>BRILLO\u00a0<\/strong><\/p>\n<p>Este espectacular plug puede captar cualquier foco con su luz LED similar a un diamante. Ya sea que est\u00e9 actuando, volando solo o teniendo una noche \u00edntima con su pareja, el Lumen puede proporcionar retroalimentaci\u00f3n visual para encender a cualquier persona, incluso a s\u00ed mismo. Juntos, podemos convertir su dormitorio en su escenario. \u00a1Ilumina las posibilidades!<\/p>\n<p><strong>PON TU VIBRACI\u00d3N<\/strong><\/p>\n<p>Lumen ofrece un juego discreto con su control de larga distancia, para el placer sobre la marcha. \u00a1Con\u00e9ctate a trav\u00e9s de la aplicaci\u00f3n OhMiBod Remote\u2122 y deja que los juegos comiencen! Con el\u00a0modo Club Vibe\u00ae de OhMiBod para pulsaciones impulsadas por la m\u00fasica, adapt\u00e1ndose a sonidos ambientales como tu lista de reproducci\u00f3n o el sonido de la voz de tu pareja. Para una experiencia de la vieja escuela, encienda una de nuestras 4 pulsaciones de modo manual y deje que el Lumen llegue a los lugares correctos. \u00a1Elige tu modo y encuentra tu punto de luz\u00a0<\/p>\n<p><strong>JUEGO INTERACTIVO<\/strong><\/p>\n<p>Lleve su placer al siguiente nivel conect\u00e1ndose a cualquier producto interactivo \u00ae Kiiroo. Con la aplicaci\u00f3n FeelConnect de Kiiroo, puede crear una conexi\u00f3n entre dispositivos desde cualquier lugar. El dispositivo kiiroo\u00ae emparejado puede impulsar la interacci\u00f3n con el Lumen, ampliando su juego creando una experiencia verdaderamente interactiva. \u00a1Sincron\u00edcete y comparte la pasi\u00f3n!<\/p>","protected":false},"excerpt":{"rendered":"<p>KIIROO &#8211; LUMEN PLUG VIBRATION CONTROL APP<\/p>","protected":false},"featured_media":73707,"comment_status":"open","ping_status":"closed","template":"","meta":{"_eb_attr":""},"product_brand":[],"product_cat":[1355,258,1377,1159,1216,1251],"product_tag":[],"class_list":{"0":"post-35143","1":"product","2":"type-product","3":"status-publish","4":"has-post-thumbnail","6":"product_cat-bdsm-bondage-articulos-bdsm","7":"product_cat-bdsm-bondage","8":"product_cat-bdsm-bondage-articulos-bdsmplug-anal-bdsm","9":"product_cat-juguetes-bienestar-vibradores","10":"product_cat-juguetes-bienestar-vibradoresvibradores-con-app","11":"product_cat-juguetes-bienestar-vibradoresvibradores-hi-tech","12":"yith_product_brand-kiiroo","14":"first","15":"instock","16":"taxable","17":"shipping-taxable","18":"purchasable","19":"product-type-simple"},"_links":{"self":[{"href":"https:\/\/www.bananatreeshop.com\/pt\/wp-json\/wp\/v2\/product\/35143","targetHints":{"allow":["GET"]}}],"collection":[{"href":"https:\/\/www.bananatreeshop.com\/pt\/wp-json\/wp\/v2\/product"}],"about":[{"href":"https:\/\/www.bananatreeshop.com\/pt\/wp-json\/wp\/v2\/types\/product"}],"replies":[{"embeddable":true,"href":"https:\/\/www.bananatreeshop.com\/pt\/wp-json\/wp\/v2\/comments?post=35143"}],"wp:featuredmedia":[{"embeddable":true,"href":"https:\/\/www.bananatreeshop.com\/pt\/wp-json\/wp\/v2\/media\/73707"}],"wp:attachment":[{"href":"https:\/\/www.bananatreeshop.com\/pt\/wp-json\/wp\/v2\/media?parent=35143"}],"wp:term":[{"taxonomy":"product_brand","embeddable":true,"href":"https:\/\/www.bananatreeshop.com\/pt\/wp-json\/wp\/v2\/product_brand?post=35143"},{"taxonomy":"product_cat","embeddable":true,"href":"https:\/\/www.bananatreeshop.com\/pt\/wp-json\/wp\/v2\/product_cat?post=35143"},{"taxonomy":"product_tag","embeddable":true,"href":"https:\/\/www.bananatreeshop.com\/pt\/wp-json\/wp\/v2\/product_tag?post=35143"}],"curies":[{"name":"wp","href":"https:\/\/api.w.org\/{rel}","templated":true}]}}