{"id":35149,"date":"2025-07-10T11:01:16","date_gmt":"2025-07-10T11:01:16","guid":{"rendered":"https:\/\/www.bananatreeshop.com\/?post_type=product&#038;p=35149"},"modified":"2026-03-31T22:02:58","modified_gmt":"2026-03-31T22:02:58","slug":"rewolution-rewovo-egg-vibrator-remote-control","status":"publish","type":"product","link":"https:\/\/www.bananatreeshop.com\/pt\/produto\/rewolution-rewovo-egg-vibrator-remote-control\/","title":{"rendered":"REWOLUTION &#8211; REWOVO HUEVO VIBRADOR CONTROL REMOTO"},"content":{"rendered":"<p>Podr\u00e1s disfrutar de orgasmos inmejorables con el huevo\u00a0 de silicona recargable y un pr\u00e1ctico control remoto. <strong>REWOVO <\/strong>te mima de una forma tan er\u00f3tica que pronto no podr\u00e1s imaginar tu vida sin \u00e9l. Sencillo pero efectivo: d\u00e9jese mimar por <strong>REWOVO <\/strong>que siempre encontrar\u00e1 espacio en su bolso, incluso cuando viaje. \u00a1Lo adecuado para juegos y diversi\u00f3n fuera de casa! <strong>REWOVO <\/strong>se ve fascinante y atractivo con su textura elegante y suave. Estim\u00falese con este maravilloso objeto de placer, que con su punta redondeada reproduce todo el programa de mimos para usted. La estructura er\u00f3tica te volver\u00e1 salvaje despu\u00e9s de unos momentos.<\/p>\n<p><strong>PROGRAMA DE MIMOS PUROS<\/strong><\/p>\n<p>\u00a1Para cl\u00edmax explosivos a trav\u00e9s de la estimulaci\u00f3n vaginal y del cl\u00edtoris! D\u00e9jese mimar por el potente motor en 10 programas de vibraci\u00f3nes diferentes. De tierno a intenso: decide por ti mismo c\u00f3mo lo necesitas. Dado que <strong>REWOVO <\/strong>es resistente al agua, nada se interpone en su uso en mojado. Con este placentero compa\u00f1ero, el acogedor ba\u00f1o en la ba\u00f1era asegura a\u00fan m\u00e1s su disfrute. <strong>REWOVO <\/strong>es una forma muy especial de darle un nuevo impulso a tu vida amorosa o de conocerte a ti y a tus deseos a\u00fan mejor. Descubre c\u00f3mo te gusta m\u00e1s y sorprende a tu pareja con muchas ideas nuevas y un carisma er\u00f3tico hechizante.<\/p>\n<p>Deseo, pasi\u00f3n, sue\u00f1os abrumadores y juegos de amor con a\u00fan m\u00e1s erotismo: esto y mucho m\u00e1s te espera con <strong>REWOVO<\/strong>. Est\u00e1s listo para nuevas alturas?<\/p>\n<p><strong>ALCANCE DE ENTREGA<\/strong><\/p>\n<p>Con el cable de carga magn\u00e9tico USB incluido, puede cargar f\u00e1cilmente las bater\u00edas integradas del producto. <strong>REWOVO <\/strong>tiene un alcance de hasta 8 metros de distancia sin muros.<\/p>\n<p>Te recomendamos que utilices un lubricante adicional, como el lubricante de la marca AQUA, WATERFEEL O NINA KIK\u00cd disponible en versiones cl\u00e1sica, sedoso o con efecto calor.<\/p>\n<p>Todos los juguetes Rewolution por supuesto son impermeables y ser\u00e1 tu acompa\u00f1ante perfecto tanto en una rom\u00e1ntica ba\u00f1era de hidromasaje como bajo las c\u00f3modas s\u00e1banas de tu casa. Las vibraciones debajo del agua de este compa\u00f1ero de diversi\u00f3n son percibidas por muchas parejas como particularmente intensas.<\/p>\n<p>Adem\u00e1s, como el vibrador es impermeable (IPX6), tambi\u00e9n te podr\u00e1 acompa\u00f1ar en los lugares m\u00e1s h\u00famedos, como la ducha o la ba\u00f1era. Si REWOVO\u00a0 se queda sin aliento, sus bater\u00edas integradas se pueden recargar mediante el cable de carga usb incluido.<\/p>\n<p><strong>Caracter\u00edsticas<\/strong><\/p>\n<ul>\n<li>\u00a1Vibrador para el cl\u00edtoris!\u00a0\u00a0<\/li>\n<li>10 Modos de Vibraci\u00f3n de suave a muy fuerte<\/li>\n<li>Potente Motor.<\/li>\n<li>Silicona grado medico<\/li>\n<li>Bater\u00eda de iones de litio<\/li>\n<li>Recargable por cargador usb<\/li>\n<li>Estanco IPX6 \/ Sumergible.<\/li>\n<li>Contorneado para estimular con precisi\u00f3n sus puntos de placer<\/li>\n<li>Cord\u00f3n de silicona de f\u00e1cil extracci\u00f3n<\/li>\n<li>Adecuado para estimulaci\u00f3n externa e interna.<\/li>\n<li>100% resistente al agua para una f\u00e1cil limpieza y ba\u00f1os m\u00e1s calientes que calientes<\/li>\n<li>Medidas huevo REWOVO; 152 X 32 X 32mm<\/li>\n<li>Medidas control remoto REWOVO; 62 X 15.5 X 36.5 mm<\/li>\n<li>Tiempo de carga de 75 minutos para 90 minutos de aut\u00e9ntico placer!.<\/li>\n<li>Vibrador 100% vegano<\/li>\n<\/ul>\n<p>Para finalizar REWOLUTION te ofrece una garant\u00eda de 2 a\u00f1os. \u00a0Listo para la acci\u00f3n?<\/p>\n<p><strong>En que se inspira REWOLUTION?<\/strong><\/p>\n<p>Mucho antes que el movimiento feminista diese sus primeros coletazos durante la Revoluci\u00f3n Francesa, han existido mujeres de gran poder, inteligencia y con la autoridad de cambiar el mundo; un logro que tiene doble m\u00e9rito, teniendo en cuenta la \u00e9poca en la que vivieron muchas de ellas.<\/p>\n<p>El ejemplo de estas mujeres dio cuenta de una ruptura del molde social impuesto por las clases dominantes y la autoridad pol\u00edtica, real o eclesi\u00e1stica del momento: la de que la mujer estaba supeditada al poder de los varones. Si bien no todas ellas trabajaron conscientemente en favor del movimiento de igualdad de derechos, contribuyeron a inspirar una transformaci\u00f3n moral y cultural en lo que respecta al papel de la mujer en la sociedad.<\/p>\n<p>Rewolution est\u00e1 inspirada en la revoluci\u00f3n francesa adaptada a la \u00e9poca actual. Una reivindicaci\u00f3n de derechos por la igualdad en todos los aspectos.<\/p>\n<p>El aborto, las relaciones interraciales, el sexo fuera del matrimonio, el cine er\u00f3tico y pornogr\u00e1fico, las fiestas sexuales, la planificaci\u00f3n familiar y, sobre todo, el f\u00e1cil acceso a diferentes m\u00e9todos anticonceptivos acaba por meternos de lleno en la revoluci\u00f3n sexual. Una que, ahora s\u00ed, tiene a las mujeres al frente. Los hombres pod\u00edan haber tenido las suyas en el pasado y por supuesto que estaban invitados a esta, pero solo con la liberaci\u00f3n de la mujer pudo llegar un verdadero cambio en nuestra sociedad.<\/p>\n<p>En las \u00faltimas d\u00e9cadas las mujeres deciden voluntaria y abiertamente convertirse en madres solteras mientras se abren camino en sus carreras profesionales gracias a una autonom\u00eda que deja de estar mal vista. Este estilo de vida es reforzado a\u00fan m\u00e1s por la aparici\u00f3n de t\u00e9cnicas de reproducci\u00f3n in vitro en los inicios de los a\u00f1os 80.<\/p>\n<p>La segunda ola del feminismo ayuda a propulsar la tercera, a principios de la d\u00e9cada de los 90, poniendo nuevos temas en la mesa como la ecofeminismo, el feminismo l\u00e9sbico y el trans feminismo. La mujer comienza a tomar cartas en temas que pese a ser derivados de su propia revoluci\u00f3n sexual a\u00fan eran controlados por los hombres.<\/p>\n<p>La historia de la revoluci\u00f3n sexual de la mujer contin\u00faa avanzando en el presente, impulsada ahora por una cuarta ola del feminismo nacida la pasada d\u00e9cada y que pretende derribar los resquicios de una sociedad machista luchando contra lacras como son el acoso sexual o la violencia a las mujeres.<\/p>\n<p>No importa de qu\u00e9 generaci\u00f3n seas. \u00a1\u00a1Todas y todos somos protagonistas de la revoluci\u00f3n sexual y por eso hemos creado REWOLUTION!! Unete al movimiento feminista y \u00fanete a la revoluci\u00f3n sexual!<\/p>","protected":false},"excerpt":{"rendered":"<p>REWOLUTION &#8211; REWOVO EGG VIBRATOR REMOTE CONTROL<\/p>","protected":false},"featured_media":63268,"comment_status":"open","ping_status":"closed","template":"","meta":{"_eb_attr":""},"product_brand":[],"product_cat":[1160,1250,1254,1152,1153,1159,1232,1161],"product_tag":[],"class_list":{"0":"post-35149","1":"product","2":"type-product","3":"status-publish","4":"has-post-thumbnail","6":"product_cat-juguetes-bienestar-vibradores100-sumergible","7":"product_cat-juguetes-bienestar-juguetes-para-mujeresestimuladores","8":"product_cat-juguetes-bienestar-juguetes-para-mujeresestimuladoreshuevos-vibradores","9":"product_cat-juguetes-bienestar","10":"product_cat-juguetes-bienestar-juguetes-para-mujeres","11":"product_cat-juguetes-bienestar-vibradores","12":"product_cat-juguetes-bienestar-vibradoresvibradores-clasicos-anales-o-vaginales","13":"product_cat-juguetes-bienestar-vibradoresvibradores-control-remoto","14":"yith_product_brand-rewolution","16":"first","17":"instock","18":"taxable","19":"shipping-taxable","20":"purchasable","21":"product-type-simple"},"_links":{"self":[{"href":"https:\/\/www.bananatreeshop.com\/pt\/wp-json\/wp\/v2\/product\/35149","targetHints":{"allow":["GET"]}}],"collection":[{"href":"https:\/\/www.bananatreeshop.com\/pt\/wp-json\/wp\/v2\/product"}],"about":[{"href":"https:\/\/www.bananatreeshop.com\/pt\/wp-json\/wp\/v2\/types\/product"}],"replies":[{"embeddable":true,"href":"https:\/\/www.bananatreeshop.com\/pt\/wp-json\/wp\/v2\/comments?post=35149"}],"wp:featuredmedia":[{"embeddable":true,"href":"https:\/\/www.bananatreeshop.com\/pt\/wp-json\/wp\/v2\/media\/63268"}],"wp:attachment":[{"href":"https:\/\/www.bananatreeshop.com\/pt\/wp-json\/wp\/v2\/media?parent=35149"}],"wp:term":[{"taxonomy":"product_brand","embeddable":true,"href":"https:\/\/www.bananatreeshop.com\/pt\/wp-json\/wp\/v2\/product_brand?post=35149"},{"taxonomy":"product_cat","embeddable":true,"href":"https:\/\/www.bananatreeshop.com\/pt\/wp-json\/wp\/v2\/product_cat?post=35149"},{"taxonomy":"product_tag","embeddable":true,"href":"https:\/\/www.bananatreeshop.com\/pt\/wp-json\/wp\/v2\/product_tag?post=35149"}],"curies":[{"name":"wp","href":"https:\/\/api.w.org\/{rel}","templated":true}]}}