{"id":35151,"date":"2025-07-09T11:01:10","date_gmt":"2025-07-09T11:01:10","guid":{"rendered":"https:\/\/www.bananatreeshop.com\/?post_type=product&#038;p=35151"},"modified":"2026-04-14T03:59:14","modified_gmt":"2026-04-14T03:59:14","slug":"rewolution-rewoclassy-flexible-vibrator","status":"publish","type":"product","link":"https:\/\/www.bananatreeshop.com\/pt\/produto\/rewolution-rewoclassy-flexible-vibrator\/","title":{"rendered":"REWOLUTION &#8211; REWOCLASSY VIBRADOR FLEXIBLE"},"content":{"rendered":"<p><strong>VIBRADOR G-SPOT<\/strong><\/p>\n<p>La gente ha hablado que quiere una vibraci\u00f3n potente, penetrante y retumbante. REWOCLASSY con un dise\u00f1o que ofrece una vibraci\u00f3n profunda que se reparte desde la base hasta la punta.<\/p>\n<p><strong>QU\u00c9 HACE ESPECIAL ESTE VIBRADOR DISE\u00d1ADO PARA EL PLACER?<\/strong><\/p>\n<p>Tienes curiosidad por la forma de REWOCLASSY? Amamos este vibrador porque crean una sensaci\u00f3n de ondulaci\u00f3n cada vez que mueves el juguete hacia adentro o hacia afuera. Entonces, sensaciones m\u00e1s incre\u00edbles con cada estocada, sin que tengas que hacer ning\u00fan esfuerzo adicional.<\/p>\n<p>A\u00fan mejor, esta forma popular est\u00e1 hecha con FlexiREWO\u00a0 Technology \u2122. Su eje de silicona flexible se mueve contigo, haciendo posible una gran cantidad de posiciones.<\/p>\n<p><strong>QU\u00c9 HACE REWOCLASSY\u00a0 UN GRAN VIBRADOR DE PUNTO G?<\/strong><\/p>\n<p>Ves la forma en que se curva el eje? Y la ondulaci\u00f3n m\u00e1s grande cerca de la punta? Eso es para que el REWOCLASSY pueda presionar contra tu punto G mientras se mueve, ayud\u00e1ndote a encontrar a\u00fan m\u00e1s formas de sentirte incre\u00edble. Adem\u00e1s, sus ondas profundas de vibraci\u00f3n son mucho m\u00e1s satisfactorias para el juego interno que las vibraciones m\u00e1s ligeras y superficiales.<\/p>\n<p><strong>ES REWOCLASSY F\u00c1CIL DE USAR?<\/strong><\/p>\n<p>\u00a1Tan simple como puede ser! El mango ergon\u00f3mico y los botones elevados hacen que sea muy f\u00e1cil operar el REWOCLASY desde cualquier \u00e1ngulo, incluso si sus manos est\u00e1n cubiertas de lubricante. Y si lo son? No se preocupe, este vibrador de punto G es 100% resistente al agua.<\/p>\n<p><strong>ES DIVERTIDO UTILIZARLO EXTERNAMENTE?<\/strong><\/p>\n<p>Si. Intenta lubricar la ondulaci\u00f3n superior y p\u00e1salas a lo largo de tu cl\u00edtoris mientras el juguete vibra. Te recomendamos que utilices un lubricante adicional, como el lubricante de la marca AQUA, WATERFEEL O NINA KIK\u00cd disponible en versiones cl\u00e1sica, sedoso o con efecto calor.<\/p>\n<p>Todos los juguetes Rewolution por supuesto son impermeables y ser\u00e1 tu acompa\u00f1ante perfecto tanto en una rom\u00e1ntica ba\u00f1era de hidromasaje como bajo las c\u00f3modas s\u00e1banas de tu casa. Las vibraciones debajo del agua de este compa\u00f1ero de diversi\u00f3n son percibidas por muchas parejas como particularmente intensas.<\/p>\n<p>Adem\u00e1s, como el vibrador es impermeable (IPX3), tambi\u00e9n te podr\u00e1 acompa\u00f1ar en los lugares m\u00e1s h\u00famedos, como la ducha o la ba\u00f1era. Si REWOCLASSY se queda sin aliento, sus bater\u00edas integradas se pueden recargar mediante el cable de carga magn\u00e9tico incluido.<\/p>\n<p><strong>Caracter\u00edsticas<\/strong><\/p>\n<p>\u00a1Vibrador para el cl\u00edtoris y el punto A interno!<\/p>\n<ul>\n<li>10 Modos de Vibraci\u00f3n de suave a muy fuerte<\/li>\n<li>Motor de larga duraci\u00f3n e intensidad de vibraci\u00f3n<\/li>\n<li>Silicona grado medico<\/li>\n<li>Bater\u00eda de iones de litio<\/li>\n<li>Recargable por cargador magn\u00e9tico.<\/li>\n<li>Estanco IPX3 \/ Sumergible.<\/li>\n<li>Contorneado para estimular con precisi\u00f3n sus puntos de placer<\/li>\n<li>Adecuado para estimulaci\u00f3n externa e interna.<\/li>\n<li>100% resistente al agua para una f\u00e1cil limpieza y ba\u00f1os m\u00e1s calientes que calientes<\/li>\n<li>Medidas: 21.0 x 6.0 x 3.6 cm\n<ul>\n<li>Longitud insertable: 11.0 cm<\/li>\n<\/ul>\n<\/li>\n<li>Tiempo de carga de 80 minutos para 100 minutos de aut\u00e9ntico placer!.<\/li>\n<li>Vibrador 100% vegano<\/li>\n<\/ul>\n<p>Para finalizar REWOLUTION te ofrece una garant\u00eda de 2 a\u00f1os. \u00a0Listo para la acci\u00f3n?<\/p>\n<p><strong>En que se inspira REWOLUTION?<\/strong><\/p>\n<p>Mucho antes que el movimiento feminista diese sus primeros coletazos durante la Revoluci\u00f3n Francesa, han existido mujeres de gran poder, inteligencia y con la autoridad de cambiar el mundo; un logro que tiene doble m\u00e9rito, teniendo en cuenta la \u00e9poca en la que vivieron muchas de ellas.<\/p>\n<p>El ejemplo de estas mujeres dio cuenta de una ruptura del molde social impuesto por las clases dominantes y la autoridad pol\u00edtica, real o eclesi\u00e1stica del momento: la de que la mujer estaba supeditada al poder de los varones. Si bien no todas ellas trabajaron conscientemente en favor del movimiento de igualdad de derechos, contribuyeron a inspirar una transformaci\u00f3n moral y cultural en lo que respecta al papel de la mujer en la sociedad.<\/p>\n<p>Rewolution est\u00e1 inspirada en la revoluci\u00f3n francesa adaptada a la \u00e9poca actual. Una reivindicaci\u00f3n de derechos por la igualdad en todos los aspectos.<\/p>\n<p>El aborto, las relaciones interraciales, el sexo fuera del matrimonio, el cine er\u00f3tico y pornogr\u00e1fico, las fiestas sexuales, la planificaci\u00f3n familiar y, sobre todo, el f\u00e1cil acceso a diferentes m\u00e9todos anticonceptivos acaba por meternos de lleno en la revoluci\u00f3n sexual. Una que, ahora s\u00ed, tiene a las mujeres al frente. Los hombres pod\u00edan haber tenido las suyas en el pasado y por supuesto que estaban invitados a esta, pero solo con la liberaci\u00f3n de la mujer pudo llegar un verdadero cambio en nuestra sociedad.<\/p>\n<p>En las \u00faltimas d\u00e9cadas las mujeres deciden voluntaria y abiertamente convertirse en madres solteras mientras se abren camino en sus carreras profesionales gracias a una autonom\u00eda que deja de estar mal vista. Este estilo de vida es reforzado a\u00fan m\u00e1s por la aparici\u00f3n de t\u00e9cnicas de reproducci\u00f3n in vitro en los inicios de los a\u00f1os 80.<\/p>\n<p>La segunda ola del feminismo ayuda a propulsar la tercera, a principios de la d\u00e9cada de los 90, poniendo nuevos temas en la mesa como la ecofeminismo, el feminismo l\u00e9sbico y el trans feminismo. La mujer comienza a tomar cartas en temas que pese a ser derivados de su propia revoluci\u00f3n sexual a\u00fan eran controlados por los hombres.<\/p>\n<p>La historia de la revoluci\u00f3n sexual de la mujer contin\u00faa avanzando en el presente, impulsada ahora por una cuarta ola del feminismo nacida la pasada d\u00e9cada y que pretende derribar los resquicios de una sociedad machista luchando contra lacras como son el acoso sexual o la violencia a las mujeres.<\/p>\n<p>No importa de qu\u00e9 generaci\u00f3n seas. \u00a1\u00a1Todas y todos somos protagonistas de la revoluci\u00f3n sexual y por eso hemos creado REWOLUTION!! Unete al movimiento feminista y \u00fanete a la revoluci\u00f3n sexual!<\/p>","protected":false},"excerpt":{"rendered":"<p>REWOLUTION &#8211; REWOCLASSY FLEXIBLE VIBRATOR<\/p>","protected":false},"featured_media":58043,"comment_status":"open","ping_status":"closed","template":"","meta":{"_eb_attr":""},"product_brand":[],"product_cat":[1152,1159,1231],"product_tag":[],"class_list":{"0":"post-35151","1":"product","2":"type-product","3":"status-publish","4":"has-post-thumbnail","6":"product_cat-juguetes-bienestar","7":"product_cat-juguetes-bienestar-vibradores","8":"product_cat-juguetes-bienestar-vibradoresvibradores-punto-g","9":"yith_product_brand-rewolution","11":"first","12":"instock","13":"taxable","14":"shipping-taxable","15":"purchasable","16":"product-type-simple"},"_links":{"self":[{"href":"https:\/\/www.bananatreeshop.com\/pt\/wp-json\/wp\/v2\/product\/35151","targetHints":{"allow":["GET"]}}],"collection":[{"href":"https:\/\/www.bananatreeshop.com\/pt\/wp-json\/wp\/v2\/product"}],"about":[{"href":"https:\/\/www.bananatreeshop.com\/pt\/wp-json\/wp\/v2\/types\/product"}],"replies":[{"embeddable":true,"href":"https:\/\/www.bananatreeshop.com\/pt\/wp-json\/wp\/v2\/comments?post=35151"}],"wp:featuredmedia":[{"embeddable":true,"href":"https:\/\/www.bananatreeshop.com\/pt\/wp-json\/wp\/v2\/media\/58043"}],"wp:attachment":[{"href":"https:\/\/www.bananatreeshop.com\/pt\/wp-json\/wp\/v2\/media?parent=35151"}],"wp:term":[{"taxonomy":"product_brand","embeddable":true,"href":"https:\/\/www.bananatreeshop.com\/pt\/wp-json\/wp\/v2\/product_brand?post=35151"},{"taxonomy":"product_cat","embeddable":true,"href":"https:\/\/www.bananatreeshop.com\/pt\/wp-json\/wp\/v2\/product_cat?post=35151"},{"taxonomy":"product_tag","embeddable":true,"href":"https:\/\/www.bananatreeshop.com\/pt\/wp-json\/wp\/v2\/product_tag?post=35151"}],"curies":[{"name":"wp","href":"https:\/\/api.w.org\/{rel}","templated":true}]}}