{"id":35389,"date":"2026-04-04T08:02:43","date_gmt":"2026-04-04T08:02:43","guid":{"rendered":"https:\/\/www.bananatreeshop.com\/?post_type=product&p=35389"},"modified":"2026-04-04T08:02:45","modified_gmt":"2026-04-04T08:02:45","slug":"ecopack-6-uds-anbiguo-watchme-control-remoto-vibrador-plug-anal-alexandru","status":"publish","type":"product","link":"https:\/\/www.bananatreeshop.com\/pt\/produto\/ecopack-6-uds-anbiguo-watchme-control-remoto-vibrador-plug-anal-alexandru\/","title":{"rendered":"ECOPACK 6 UDS &#8211; ANBIGUO WATCHME CONTROL REMOTO VIBRADOR PLUG ANAL ALEXANDRU"},"content":{"rendered":"<p>El morbo es una realidad humana, es decir, uno de los impulsos b\u00e1sicos del ser humano. Tiene que ver con la parte instintiva y forma parte de todas las necesidades, tales como: comer, tener relaciones sexuales, socializar, dormir, entre otras.<\/p>\n<p>Algunos estudios llevados a cabo en la Universidad de Wake Forest han demostrado que el inter\u00e9s morboso siempre ha estado presente en nuestro cerebro. Es por eso que el morbo es algo que puede definirse como una necesidad de las personas, algo que necesitan tener o hacer.<\/p>\n<p>Este sentimiento es una especie de fuerza que impulsa a las personas a entrar en contacto con \u00e9l y los lleva a experimentar placer al momento de hacerlo. El placer de hacer algo prohibido o de trasgredir las normas.<\/p>\n<p>El morbo tiene distintas formas de expresarse, entre ellas est\u00e1 la pornograf\u00eda; visualizar este tipo de contenido satisface la curiosidad de las personas, pero tambi\u00e9n les permite dar un paso m\u00e1s all\u00e1 de las relaciones sexuales comunes. \u00a0\u00a1Por eso nace\u00a0<strong>ANBIGUO\u00a0<\/strong>la primera marca pensada en el morbo sexual sin l\u00edmites!<\/p>\n<p>Donde comienza lo prohibido est\u00e1 el morbo y la ambig\u00fcedad. Sin etiquetas, sin limitaciones y con mucha pasi\u00f3n hemos desarrollado esta marca.<\/p>\n<p><strong>ANBIGUO ALEXANDRU<\/strong>\u00a0es el perfecto plug anal para la estimulaci\u00f3n de baja a intensa vibraci\u00f3n. \u00a0\u00a0Discreto, potente e incre\u00edblemente suave. Contorneado exclusivamente para la zona Anal y que juegues todos tus puntos de placer. Su capa extra de silicona aterciopelada es un a\u00f1adido para el sexo anal.<\/p>\n<p>Este vibrador est\u00e1 hecho de silicona m\u00e9dica flexible y se puede colocar de forma c\u00f3moda y suave sobre la piel. Lo especial de este producto de bienestar sexual es el control remoto inal\u00e1mbrico, con el que se puede controlar f\u00e1cilmente el placer desde el reloj sin necesidad de romper el estado de excitaci\u00f3n. Puedes seleccionar entre 7 emocionantes programas de vibraci\u00f3n con diferentes grados de intensidad.<\/p>\n<p><strong><u>Caracter\u00edsticas<\/u><\/strong><\/p>\n<ul>\n<li>Vibrador frecuencia pulsante soft<\/li>\n<li>Medidas; 13.6 x 3.3cm<\/li>\n<li>Silicona grado medico<\/li>\n<li>Recargable por USB<\/li>\n<li>7 Modos de vibraci\u00f3n\u00a0<\/li>\n<li>Control de intensidad en cada modo vibraci\u00f3n<\/li>\n<li>Reloj control remoto tecnolog\u00eda WATCHME<\/li>\n<li>Contorneado para estimular con precisi\u00f3n sus puntos de placer<\/li>\n<li>Adecuado para estimulaci\u00f3n interna y externa.<\/li>\n<li>100% resistente al agua para una f\u00e1cil limpieza y ba\u00f1os m\u00e1s calientes que calientes categor\u00eda IPX6<\/li>\n<li>Vibrador 100% vegano<\/li>\n<\/ul>\n<p>Qu\u00e9 debemos tener en cuenta al usar\u00a0<strong>ANBIGUO ALEXANDRU<\/strong>?<\/p>\n<p>Utilice siempre suficiente lubricante a base de agua (Por ejemplo la marca AQUA ) \u00a0para que la experiencia de placer sea de lo m\u00e1s excitante y agradable posible. La silicona delicada se siente agradable sobre la piel gracias a su superficie suave y esponjosa. Adem\u00e1s, ALEXANDRU es f\u00e1cil de limpiar gracias a sus materiales: Un poco de agua tibia y jab\u00f3n son suficientes para la limpieza, y unas pocas pulverizaciones del limpiador de juguetes proporcionan una higiene completa, \u00a1para que puedas empezar de inmediato la pr\u00f3xima aventura!<\/p>\n<p>Si crees que tener un reloj sexual inteligente no es necesario porque con un control remoto normal alcanzas tus objetivos, est\u00e1s equivocado. En este art\u00edculo te explicaremos algunos beneficios que te aportar\u00e1 la tecnolog\u00eda WATCHME.<\/p>\n<p><u>Qu\u00e9 es un reloj WATCHME?<\/u><\/p>\n<p>Es un reloj inteligente sexual que te ayudar\u00e1 a controlar los juguetes sexuales m\u00e1s top.\u00a0 Podemos sincronizarlos con los juguetes sexuales que utilicen la tecnolog\u00eda watchme para controlar las vibraciones y las funciones de nuestro sextoy favorito.<\/p>\n<p>Funciones de un reloj\u00a0<strong>WATCHME<\/strong><\/p>\n<p>En un reloj\u00a0<strong>WATCHME<\/strong>\u00a0existen algunas funciones destacadas que pasamos a detallar:<\/p>\n<ul>\n<li>Activar \/ Desactivar la vibraci\u00f3n.<\/li>\n<li>Modificar los modos de vibraci\u00f3n<\/li>\n<li>Modificar las intensidades en cada modo de vibraci\u00f3n.<\/li>\n<\/ul>\n<p>Durante a\u00f1os hemos visto miles de juguetes sexuales utilizar un mando control remoto, esto siempre ha permitido jugar de forma divertida con tu pareja o en solitario utilizando un mando para dar placer a distancia.\u00a0 Es muy placentero utilizar un control remoto, sin embargo, con Watchme hemos avanzado un paso m\u00e1s en la comodidad y el confort del acto sexual.<\/p>\n<p><u>Por qu\u00e9 utilizar el reloj WATCHME?<\/u><\/p>\n<p>Te explicamos las principales razones que te har\u00e1n pensar utilizar un control remoto en forma de reloj.<\/p>\n<p>Cuando practicamos el acto sexual, estamos concentrados en dar y recibir placer. Al utilizar los juguetes control remoto en ocasiones se nos pierde el mando entre las sabanas. Con Watchme esto no pasar\u00e1, el reloj siempre estar\u00e1 localizable y tu foco de atenci\u00f3n \u00fanicamente ser\u00e1 dar o recibir placer.<\/p>\n<p>Cuando utilizamos el control remoto, queremos que sea lo m\u00e1s discreto posible, que pase totalmente desapercibido, durante los \u00faltimos a\u00f1os hemos visto el avance de los relojes inteligentes como el de Apple watch o muchos m\u00e1s, sin embargo al utilizar el reloj watchme pasar\u00e1 desapercibido porque ahora es muy habitual mirar el reloj para revisar las calor\u00edas quemadas, fotos, mensajes etc..\u00a0 la \u00fanica diferencia ser\u00e1 que al mirar watchme estar\u00e1s controlando el placer de tu amante o el tuyo propio, preparado para la acci\u00f3n?<\/p>\n<p>Watchme es un reloj fabricado en silicona suave confortable pensado para el avance del control remoto siendo el \u00fanico reloj del mercado que permite variar las intensidades en cada modo de vibraci\u00f3n y ofreciendo un sin fin de modalidades de vibraci\u00f3n de suave a fuerte.\u00a0\u00a0<\/p>","protected":false},"excerpt":{"rendered":"<p>ECOPACK 6 UNITS &#8211; ANBIGUO WATCHME REMOTE CONTROL VIBRATOR ANAL PLUG ALEXANDRU<\/p>","protected":false},"featured_media":99058,"comment_status":"closed","ping_status":"closed","template":"","meta":{"_eb_attr":""},"product_brand":[],"product_cat":[1152],"product_tag":[],"class_list":{"0":"post-35389","1":"product","2":"type-product","3":"status-publish","4":"has-post-thumbnail","6":"product_cat-juguetes-bienestar","7":"yith_product_brand-anbiguo","9":"first","10":"instock","11":"taxable","12":"shipping-taxable","13":"purchasable","14":"product-type-simple"},"_links":{"self":[{"href":"https:\/\/www.bananatreeshop.com\/pt\/wp-json\/wp\/v2\/product\/35389","targetHints":{"allow":["GET"]}}],"collection":[{"href":"https:\/\/www.bananatreeshop.com\/pt\/wp-json\/wp\/v2\/product"}],"about":[{"href":"https:\/\/www.bananatreeshop.com\/pt\/wp-json\/wp\/v2\/types\/product"}],"replies":[{"embeddable":true,"href":"https:\/\/www.bananatreeshop.com\/pt\/wp-json\/wp\/v2\/comments?post=35389"}],"wp:featuredmedia":[{"embeddable":true,"href":"https:\/\/www.bananatreeshop.com\/pt\/wp-json\/wp\/v2\/media\/99058"}],"wp:attachment":[{"href":"https:\/\/www.bananatreeshop.com\/pt\/wp-json\/wp\/v2\/media?parent=35389"}],"wp:term":[{"taxonomy":"product_brand","embeddable":true,"href":"https:\/\/www.bananatreeshop.com\/pt\/wp-json\/wp\/v2\/product_brand?post=35389"},{"taxonomy":"product_cat","embeddable":true,"href":"https:\/\/www.bananatreeshop.com\/pt\/wp-json\/wp\/v2\/product_cat?post=35389"},{"taxonomy":"product_tag","embeddable":true,"href":"https:\/\/www.bananatreeshop.com\/pt\/wp-json\/wp\/v2\/product_tag?post=35389"}],"curies":[{"name":"wp","href":"https:\/\/api.w.org\/{rel}","templated":true}]}}