{"id":35791,"date":"2025-07-09T23:01:35","date_gmt":"2025-07-09T23:01:35","guid":{"rendered":"https:\/\/www.bananatreeshop.com\/?post_type=product&#038;p=35791"},"modified":"2026-04-16T02:03:49","modified_gmt":"2026-04-16T02:03:49","slug":"satisfyer-lolli-plug-2-plug-vibrator-green","status":"publish","type":"product","link":"https:\/\/www.bananatreeshop.com\/pt\/produto\/satisfyer-lolli-plug-2-plug-vibrator-green\/","title":{"rendered":"SATISFYER &#8211; LOLLI PLUG 2 PLUG VIBRATOR GRIS"},"content":{"rendered":"<p>Los 2 motores y las intensas vibraciones hacen que Lolli-Plug 2 sea un aut\u00e9ntico espect\u00e1culo. La estructura esf\u00e9rica est\u00e1 hecha de silicona suave y acaba con una amplia base para un uso seguro.\u00a0<\/p>\n<ul>\n<li>12 variados y potentes programas de vibraci\u00f3n<\/li>\n<li>Dos potentes motores transmiten intensos ritmos de vibraci\u00f3n a trav\u00e9s de todo el juguete\u00a0<\/li>\n<li>Adecuado tanto para hombres como para mujeres<\/li>\n<li>15 a\u00f1os de garant\u00eda comercial<\/li>\n<li>Vibraci\u00f3n profunda superintensa<\/li>\n<li>Silicona agradable al cuerpo Impermeable (IPX7)<\/li>\n<li>F\u00e1cil de limpiar<\/li>\n<li>Modo de susurro<\/li>\n<li>Bater\u00eda de iones de litio<\/li>\n<li>Cable de carga magn\u00e9tico por USB incluido<\/li>\n<\/ul>\n<p><strong>Satisfyer Lolli-Plug 2: Tap\u00f3n anal con vibraci\u00f3n<\/strong><\/p>\n<p>Disfruta de un sensual masaje anal y de pr\u00f3stata con el Satisfyer Lolli-Plug 2: El vibrador anal con estructura esf\u00e9rica progresiva seduce por su superficie suave y sedosa de silicona inocua para el cuerpo y es adecuado tanto para hombres como para mujeres. Gracias al intuitivo panel de control podr\u00e1s controlar los 12 programas de vibraci\u00f3n de los 2 motores.<\/p>\n<p><strong>Qu\u00e9 otras ventajas tiene el vibrador anal?<\/strong><\/p>\n<p>Debido a su acabado impermeable (IPX7), el Lolli-Plug 2 tambi\u00e9n te acompa\u00f1ar\u00e1 dentro de la ducha o la ba\u00f1era y, adem\u00e1s, se puede limpiar f\u00e1cilmente y de forma sencilla con agua tibia y jab\u00f3n suave. El vibrador anal cuenta con una amplia base, que tambi\u00e9n sirve de asa, para que te puedas entregar completamente a la acci\u00f3n sin preocupaciones.<\/p>\n<p>Si el Lolli-Plug 2 se queda sin aliento, las bater\u00edas integradas se pueden recargar mediante el cable de carga USB incluido. Para las actividades de juego en la puerta trasera, siempre recomendamos el uso de un lubricante a base de agua. Los lubricantes de Satisfyer se encuentran disponibles en una variedad de formas y ofrecen una experiencia suave.<\/p>","protected":false},"excerpt":{"rendered":"<p>SATISFYER &#8211; LOLLI PLUG 2 PLUG VIBRATOR GREEN<\/p>","protected":false},"featured_media":61176,"comment_status":"open","ping_status":"closed","template":"","meta":{"_eb_attr":""},"product_brand":[],"product_cat":[1157,1152,1158,1159,1245],"product_tag":[],"class_list":{"0":"post-35791","1":"product","2":"type-product","3":"status-publish","4":"has-post-thumbnail","6":"product_cat-juguetes-bienestar-anal","7":"product_cat-juguetes-bienestar","8":"product_cat-juguetes-bienestar-analplugs-anales","9":"product_cat-juguetes-bienestar-vibradores","10":"product_cat-juguetes-bienestar-analvibradores-anales","11":"pa_color-gris","12":"pa_color-verde","13":"pa_talla-talla-1","14":"yith_product_brand-satisfyer","15":"yith_product_brand-satisfyer-satisfyer-plugs","17":"first","18":"instock","19":"taxable","20":"shipping-taxable","21":"purchasable","22":"product-type-variable","23":"has-default-attributes"},"_links":{"self":[{"href":"https:\/\/www.bananatreeshop.com\/pt\/wp-json\/wp\/v2\/product\/35791","targetHints":{"allow":["GET"]}}],"collection":[{"href":"https:\/\/www.bananatreeshop.com\/pt\/wp-json\/wp\/v2\/product"}],"about":[{"href":"https:\/\/www.bananatreeshop.com\/pt\/wp-json\/wp\/v2\/types\/product"}],"replies":[{"embeddable":true,"href":"https:\/\/www.bananatreeshop.com\/pt\/wp-json\/wp\/v2\/comments?post=35791"}],"wp:featuredmedia":[{"embeddable":true,"href":"https:\/\/www.bananatreeshop.com\/pt\/wp-json\/wp\/v2\/media\/61176"}],"wp:attachment":[{"href":"https:\/\/www.bananatreeshop.com\/pt\/wp-json\/wp\/v2\/media?parent=35791"}],"wp:term":[{"taxonomy":"product_brand","embeddable":true,"href":"https:\/\/www.bananatreeshop.com\/pt\/wp-json\/wp\/v2\/product_brand?post=35791"},{"taxonomy":"product_cat","embeddable":true,"href":"https:\/\/www.bananatreeshop.com\/pt\/wp-json\/wp\/v2\/product_cat?post=35791"},{"taxonomy":"product_tag","embeddable":true,"href":"https:\/\/www.bananatreeshop.com\/pt\/wp-json\/wp\/v2\/product_tag?post=35791"}],"curies":[{"name":"wp","href":"https:\/\/api.w.org\/{rel}","templated":true}]}}