{"id":35866,"date":"2025-07-17T14:01:27","date_gmt":"2025-07-17T14:01:27","guid":{"rendered":"https:\/\/www.bananatreeshop.com\/?post_type=product&#038;p=35866"},"modified":"2026-04-09T23:00:36","modified_gmt":"2026-04-09T23:00:36","slug":"satisfyer-double-love-luxury-partner-vibrator-black","status":"publish","type":"product","link":"https:\/\/www.bananatreeshop.com\/pt\/produto\/satisfyer-double-love-luxury-partner-vibrator-black\/","title":{"rendered":"SATISFYER &#8211; APP DOUBLE LOVE VIBRADOR PAREJAS LUXURY NEGRO"},"content":{"rendered":"<p>Informaci\u00f3n del producto &#8220;Double Love&#8221; Double Love, nuestro vibrador de lujo para parejas, presenta una silicona suave y excitante combinada con un metal precioso de alta calidad. Combinado doblemente con un c\u00f3modo mando a distancia y nuestra aplicaci\u00f3n de alta tecnolog\u00eda, es posible jugar a distancia y las opciones son infinitas.<\/p>\n<ul>\n<li>Compatible con la aplicaci\u00f3n gratuita de Satisfyer, disponible en iOS y Android<\/li>\n<li>Fabricado con metales de alta calidad\u00a0<\/li>\n<li>Ideal para parejas 15 a\u00f1os de garant\u00eda comercial<\/li>\n<li>Metal aut\u00e9ntico<\/li>\n<li>Con mando a distancia por radio<\/li>\n<li>Tambi\u00e9n para parejas<\/li>\n<li>Silicona agradable al cuerpo Impermeable (IPX7)<\/li>\n<li>Posibilidad de utilizar tambi\u00e9n sin aplicaci\u00f3n<\/li>\n<li>Programas predefinidos editables Infinita variedad de programas a trav\u00e9s de la aplicaci\u00f3n<\/li>\n<li>Modo de susurro<\/li>\n<li>Bater\u00eda de iones de litio Cable de carga magn\u00e9tico por USB incluido<\/li>\n<li>F\u00e1cil de limpiar<\/li>\n<li>10 programas de vibraci\u00f3n<\/li>\n<\/ul>\n<p><strong>Satisfyer Double Love: Vibrador para parejas de lujo con control mediante aplicaci\u00f3n y control remoto<\/strong><\/p>\n<p>\u00a1Disfruta de una brisa de aire fresco al hacer el amor con el Satisfyer Double Love! El vibrador para parejas con 2 motores sorprende por su cl\u00e1sica forma en U, que estimula a ambos miembros de la pareja con vibraciones potentes. La parte ligeramente curvada se introduce en la vagina y estimula al mismo tiempo el punto G y el pene, mientras que la parte exterior acaricia tambi\u00e9n el cl\u00edtoris. La silicona inocua para el cuerpo tambi\u00e9n seduce gracias a la sensaci\u00f3n de suavidad al tacto.<\/p>\n<p>Adem\u00e1s, a nivel visual, el Satisfyer Double Love tiene mucho que ofrecer: Los detalles elegantes de metal genuino de alta calidad le aportan un toque de lujo a las relaciones sexuales.<\/p>\n<p><strong>A\u00fan m\u00e1s divertido con el control a trav\u00e9s de la aplicaci\u00f3n<\/strong><\/p>\n<p>El Satisfyer Double Love se puede controlar a trav\u00e9s del control remoto inal\u00e1mbrico incluido, as\u00ed como mediante la aplicaci\u00f3n gratuita Satisfyer Connect. Gracias a la aplicaci\u00f3n podr\u00e1s descubrir una nueva faceta de la vida sexual en pareja: Adem\u00e1s de poder controlar a distancia el dispositivo de placer, tambi\u00e9n puedes crear tus propios programas de vibraci\u00f3n o iniciar sesiones de chat de audio y v\u00eddeo.<\/p>\n<p>A qu\u00e9 est\u00e1s esperando? Adem\u00e1s, como el vibrador para parejas tiene un acabado impermeable (IPX7), tambi\u00e9n contribuye a enriquecer los juegos er\u00f3ticos bajo la ducha o en la ba\u00f1era con vibraciones calientes. Si el vibrador para parejas se queda sin aliento, las bater\u00edas integradas se pueden recargar mediante el cable de carga USB incluido.<\/p>","protected":false},"excerpt":{"rendered":"<p>SATISFYER &#8211; DOUBLE LOVE LUXURY PARTNER VIBRATOR BLACK<\/p>","protected":false},"featured_media":86092,"comment_status":"open","ping_status":"closed","template":"","meta":{"_eb_attr":""},"product_brand":[],"product_cat":[1448,1159,1216,1161],"product_tag":[],"class_list":{"0":"post-35866","1":"product","2":"type-product","3":"status-publish","4":"has-post-thumbnail","6":"product_cat-juguetes-bienestar-vibradoresvibrador-parejas-u","7":"product_cat-juguetes-bienestar-vibradores","8":"product_cat-juguetes-bienestar-vibradoresvibradores-con-app","9":"product_cat-juguetes-bienestar-vibradoresvibradores-control-remoto","10":"yith_product_brand-satisfyer","11":"yith_product_brand-satisfyer-satisfyer-partner","13":"first","14":"outofstock","15":"taxable","16":"shipping-taxable","17":"purchasable","18":"product-type-simple"},"_links":{"self":[{"href":"https:\/\/www.bananatreeshop.com\/pt\/wp-json\/wp\/v2\/product\/35866","targetHints":{"allow":["GET"]}}],"collection":[{"href":"https:\/\/www.bananatreeshop.com\/pt\/wp-json\/wp\/v2\/product"}],"about":[{"href":"https:\/\/www.bananatreeshop.com\/pt\/wp-json\/wp\/v2\/types\/product"}],"replies":[{"embeddable":true,"href":"https:\/\/www.bananatreeshop.com\/pt\/wp-json\/wp\/v2\/comments?post=35866"}],"wp:featuredmedia":[{"embeddable":true,"href":"https:\/\/www.bananatreeshop.com\/pt\/wp-json\/wp\/v2\/media\/86092"}],"wp:attachment":[{"href":"https:\/\/www.bananatreeshop.com\/pt\/wp-json\/wp\/v2\/media?parent=35866"}],"wp:term":[{"taxonomy":"product_brand","embeddable":true,"href":"https:\/\/www.bananatreeshop.com\/pt\/wp-json\/wp\/v2\/product_brand?post=35866"},{"taxonomy":"product_cat","embeddable":true,"href":"https:\/\/www.bananatreeshop.com\/pt\/wp-json\/wp\/v2\/product_cat?post=35866"},{"taxonomy":"product_tag","embeddable":true,"href":"https:\/\/www.bananatreeshop.com\/pt\/wp-json\/wp\/v2\/product_tag?post=35866"}],"curies":[{"name":"wp","href":"https:\/\/api.w.org\/{rel}","templated":true}]}}