{"id":36255,"date":"2025-07-08T16:01:17","date_gmt":"2025-07-08T16:01:17","guid":{"rendered":"https:\/\/www.bananatreeshop.com\/?post_type=product&#038;p=36255"},"modified":"2026-04-16T13:03:05","modified_gmt":"2026-04-16T13:03:05","slug":"ohmama-anal-plug-with-blue-crystal-l","status":"publish","type":"product","link":"https:\/\/www.bananatreeshop.com\/pt\/produto\/ohmama-anal-plug-with-blue-crystal-l\/","title":{"rendered":"OHMAMA &#8211; PLUG ANAL CON CRISTAL ROSA L"},"content":{"rendered":"<p>\u00a1OH mama! Placer anal pero al siguiente nivel? Con este plug anal pesado de acero inoxidable podreis pasar al siguiente nivel en los juegos anales. Es de peque\u00f1o tama\u00f1o pero a la vez pesado y elegante porque incorpora un cristal decorativo brillante.<\/p>\n<p>Perfecto tanto para principiantes como para usuarios avanzados a modo de preparaci\u00f3n para sus juegos anales solo o para los preliminares en pareja\u00a0<\/p>\n<p>Su dise\u00f1o y ergonom\u00eda permiten una f\u00e1cil inserci\u00f3n gracias a su punta c\u00f3nica y redondeada. Su\u00a0tope permite que no se desplace m\u00e1s de lo deseado y puedas extraerlo con seguridad.<\/p>\n<p>Aplica una cantidad generosa de lubricante (Ohmama recomienda su uso con los lubricantes Waterfeel para una lubricaci\u00f3n duradera y\u00a0de calidad)<\/p>\n<p><strong><u>Caracteristicas<\/u><\/strong><\/p>\n<ul>\n<li>Plug anal acero inoxidable\u00a0<\/li>\n<li>Se adapta a la temperatura corporal\u00a0<\/li>\n<li>Puede usarse con todos los lubricantes ( base agua, silicona e h\u00edbridos)\u00a0<\/li>\n<li>Sin n\u00edquel ni ftalatos\u00a0<\/li>\n<li>Medidas\u00a02.7 x 8 cm\u00a0<\/li>\n<li>Presentaci\u00f3n en bolsa (sin caja)\u00a0<\/li>\n<\/ul>\n<p>\u00a0<\/p>\n<p><strong>LA MARCA<\/strong><\/p>\n<p>La gama de productos OHMAMA es perfecta para regalar. Un producto al alcance de todos con una calidad perfecta. Una combinaci\u00f3n \u00fanica en esta l\u00ednea de juguetes especial para adultos\u00a0<\/p>\n<p>\u00a0<\/p>","protected":false},"excerpt":{"rendered":"<p>OHMAMA &#8211; ANAL PLUG METAL BLUE L<\/p>","protected":false},"featured_media":53739,"comment_status":"open","ping_status":"closed","template":"","meta":{"_eb_attr":""},"product_brand":[],"product_cat":[1157,1152,1158],"product_tag":[],"class_list":{"0":"post-36255","1":"product","2":"type-product","3":"status-publish","4":"has-post-thumbnail","6":"product_cat-juguetes-bienestar-anal","7":"product_cat-juguetes-bienestar","8":"product_cat-juguetes-bienestar-analplugs-anales","9":"pa_color-azul","10":"pa_color-blanco","11":"pa_talla-l","12":"yith_product_brand-ohmama","13":"yith_product_brand-ohmamaohmama-anal","15":"first","16":"instock","17":"taxable","18":"shipping-taxable","19":"purchasable","20":"product-type-variable","21":"has-default-attributes"},"_links":{"self":[{"href":"https:\/\/www.bananatreeshop.com\/pt\/wp-json\/wp\/v2\/product\/36255","targetHints":{"allow":["GET"]}}],"collection":[{"href":"https:\/\/www.bananatreeshop.com\/pt\/wp-json\/wp\/v2\/product"}],"about":[{"href":"https:\/\/www.bananatreeshop.com\/pt\/wp-json\/wp\/v2\/types\/product"}],"replies":[{"embeddable":true,"href":"https:\/\/www.bananatreeshop.com\/pt\/wp-json\/wp\/v2\/comments?post=36255"}],"wp:featuredmedia":[{"embeddable":true,"href":"https:\/\/www.bananatreeshop.com\/pt\/wp-json\/wp\/v2\/media\/53739"}],"wp:attachment":[{"href":"https:\/\/www.bananatreeshop.com\/pt\/wp-json\/wp\/v2\/media?parent=36255"}],"wp:term":[{"taxonomy":"product_brand","embeddable":true,"href":"https:\/\/www.bananatreeshop.com\/pt\/wp-json\/wp\/v2\/product_brand?post=36255"},{"taxonomy":"product_cat","embeddable":true,"href":"https:\/\/www.bananatreeshop.com\/pt\/wp-json\/wp\/v2\/product_cat?post=36255"},{"taxonomy":"product_tag","embeddable":true,"href":"https:\/\/www.bananatreeshop.com\/pt\/wp-json\/wp\/v2\/product_tag?post=36255"}],"curies":[{"name":"wp","href":"https:\/\/api.w.org\/{rel}","templated":true}]}}