{"id":36269,"date":"2025-07-17T14:01:30","date_gmt":"2025-07-17T14:01:30","guid":{"rendered":"https:\/\/www.bananatreeshop.com\/?post_type=product&#038;p=36269"},"modified":"2026-04-05T10:24:11","modified_gmt":"2026-04-05T10:24:11","slug":"satisfyer-double-fun-partner-vibrator-purple","status":"publish","type":"product","link":"https:\/\/www.bananatreeshop.com\/pt\/produto\/satisfyer-double-fun-partner-vibrator-purple\/","title":{"rendered":"SATISFYER &#8211; DOUBLE FUN PARTNER VIBRADOR LILA"},"content":{"rendered":"<p>Nuestro Double Fun estimula de manera intensa a ambos compa\u00f1eros durante el sexo. La forma de U se ajusta tanto por dentro como por fuera, lo que garantiza una sensaci\u00f3n seductora para el cl\u00edtoris, el punto G y el pene. Con su propia aplicaci\u00f3n, este juguete de alta tecnolog\u00eda est\u00e1 mejorado con juego a distancia y m\u00e1s.<\/p>\n<ul>\n<li>Compatible con la aplicaci\u00f3n gratuita de Satisfyer, disponible en iOS y Android<\/li>\n<li>Dos potentes motores transmiten intensos ritmos de vibraci\u00f3n a trav\u00e9s de todo el juguete\u00a0<\/li>\n<li>Ideal para parejas<\/li>\n<li>15 a\u00f1os de garant\u00eda comercial<\/li>\n<li>2 motores superpotentes<\/li>\n<li>Con mando a distancia por radio<\/li>\n<li>Aplicaci\u00f3n cooperativa<\/li>\n<li>Silicona agradable al cuerpo Impermeable (IPX7)<\/li>\n<li>Posibilidad de utilizar tambi\u00e9n sin aplicaci\u00f3n<\/li>\n<li>Programas predefinidos editables<\/li>\n<li>Infinita variedad de programas a trav\u00e9s de la aplicaci\u00f3n<\/li>\n<li>Modo de susurro Bater\u00eda de iones de litio<\/li>\n<li>Cable de carga magn\u00e9tico por USB incluido<\/li>\n<li>F\u00e1cil de limpiar 10 programas de vibraci\u00f3n<\/li>\n<\/ul>\n<p><strong>Qu\u00e9 puede ofrecer el vibrador para parejas Satisfyer Double Fun?<\/strong><\/p>\n<p>Con el Satisfyer Double Fun mejorar\u00e1s tu vida amorosa gracias a las intensas vibraciones que estimular\u00e1n a los dos de forma sensual. El vibrador para parejas en la cl\u00e1sica forma de U se utiliza durante el acto sexual y estimula tanto el pene en su totalidad como el punto G a trav\u00e9s de su parte insertable. El segundo motor se encuentra oculto en el otro extremo del vibrador de parejas y acaricia el cl\u00edtoris al mismo tiempo. El vibrador para parejas es de silicona inocua para el cuerpo, que se siente extremadamente suave sobre la piel. Adem\u00e1s, la diversi\u00f3n en pareja no se detiene ni bajo la ducha ni en la ba\u00f1era: Gracias a su acabado impermeable (IPX7), el Satisfyer Double Fun es el acompa\u00f1ante perfecto a la hora de jugar en condiciones de humedad. Si alguna vez se queda sin aliento, las bater\u00edas integradas se pueden recargar mediante el cable de carga USB incluido.<\/p>\n<p><strong>Vibrador para parejas con control remoto y control a trav\u00e9s de aplicaci\u00f3n<\/strong><\/p>\n<p>Tambi\u00e9n cuenta con un control intuitivo: Los diferentes programas de vibraci\u00f3n se pueden controlar mediante los botones de control del propio vibrador para parejas, con el control remoto inal\u00e1mbrico incluido o a trav\u00e9s de la aplicaci\u00f3n Satisfyer Connect. A trav\u00e9s de la aplicaci\u00f3n podr\u00e1s descubrir todav\u00eda m\u00e1s posibilidades de mejorar el juego sexual: Tienes la posibilidad, entre otras cosas, de crear tus propios programas de vibraci\u00f3n, asumir el control del Satisfyer de tu pareja o conectar la cuenta a Spotify: \u00a1hay tanto por descubrir! La aplicaci\u00f3n es gratuita y est\u00e1 disponible para Android, iOS y Apple Watch.<\/p>","protected":false},"excerpt":{"rendered":"<p>SATISFYER &#8211; DOUBLE FUN PARTNER VIBRATOR PURPLE<\/p>","protected":false},"featured_media":86102,"comment_status":"open","ping_status":"closed","template":"","meta":{"_eb_attr":""},"product_brand":[],"product_cat":[1152,1448,1159,1216,1161],"product_tag":[],"class_list":{"0":"post-36269","1":"product","2":"type-product","3":"status-publish","4":"has-post-thumbnail","6":"product_cat-juguetes-bienestar","7":"product_cat-juguetes-bienestar-vibradoresvibrador-parejas-u","8":"product_cat-juguetes-bienestar-vibradores","9":"product_cat-juguetes-bienestar-vibradoresvibradores-con-app","10":"product_cat-juguetes-bienestar-vibradoresvibradores-control-remoto","11":"yith_product_brand-satisfyer","12":"yith_product_brand-satisfyer-satisfyer-connect","14":"first","15":"instock","16":"taxable","17":"shipping-taxable","18":"purchasable","19":"product-type-simple"},"_links":{"self":[{"href":"https:\/\/www.bananatreeshop.com\/pt\/wp-json\/wp\/v2\/product\/36269","targetHints":{"allow":["GET"]}}],"collection":[{"href":"https:\/\/www.bananatreeshop.com\/pt\/wp-json\/wp\/v2\/product"}],"about":[{"href":"https:\/\/www.bananatreeshop.com\/pt\/wp-json\/wp\/v2\/types\/product"}],"replies":[{"embeddable":true,"href":"https:\/\/www.bananatreeshop.com\/pt\/wp-json\/wp\/v2\/comments?post=36269"}],"wp:featuredmedia":[{"embeddable":true,"href":"https:\/\/www.bananatreeshop.com\/pt\/wp-json\/wp\/v2\/media\/86102"}],"wp:attachment":[{"href":"https:\/\/www.bananatreeshop.com\/pt\/wp-json\/wp\/v2\/media?parent=36269"}],"wp:term":[{"taxonomy":"product_brand","embeddable":true,"href":"https:\/\/www.bananatreeshop.com\/pt\/wp-json\/wp\/v2\/product_brand?post=36269"},{"taxonomy":"product_cat","embeddable":true,"href":"https:\/\/www.bananatreeshop.com\/pt\/wp-json\/wp\/v2\/product_cat?post=36269"},{"taxonomy":"product_tag","embeddable":true,"href":"https:\/\/www.bananatreeshop.com\/pt\/wp-json\/wp\/v2\/product_tag?post=36269"}],"curies":[{"name":"wp","href":"https:\/\/api.w.org\/{rel}","templated":true}]}}